{"id":135001,"date":"2026-02-20T10:17:47","date_gmt":"2026-02-20T10:17:47","guid":{"rendered":"https:\/\/modesthanim.com\/product\/bej-bisiklet-yaka-kiz-bebek-atlet-ve-tisort-takim\/"},"modified":"2026-04-14T06:21:10","modified_gmt":"2026-04-14T06:21:10","slug":"bej-bisiklet-yaka-kiz-bebek-atlet-ve-tisort-takim","status":"publish","type":"product","link":"https:\/\/mod.wisdar.net\/tr\/urun\/bej-bisiklet-yaka-kiz-bebek-atlet-ve-tisort-takim\/","title":{"rendered":"Bej Bisiklet Yaka K\u0131z Bebek Atlet ve Ti\u015f\u00f6rt Tak\u0131m"},"content":{"rendered":"<p>LCW baby Bej Bisiklet Yaka K\u0131z Bebek Atlet ve Ti\u015f\u00f6rt Tak\u0131m size \u00f6zel indirim, taksit ve kap\u0131da \u00f6deme avantajlar\u0131yla LCW&#8217;de! Hemen online al\u0131\u015fveri\u015f yap, \u00fcr\u00fcn kap\u0131na gelsin! \u2013 S5J400Z1-LE4<\/p>\n<p>\u2014 Technical Details \u2014<br \/>\nMen\u015fei: Turk\u0131ye<br \/>\nSat\u0131c\u0131: LC Waikiki<br \/>\nMarka: LCW baby<br \/>\n\u00dcr\u00fcn Tipi: Ti\u015f\u00f6rt<br \/>\nCinsiyet: K\u0131z Bebek<br \/>\nKal\u0131p: Standart &amp; Regular<br \/>\nYaka: Bisiklet Yaka<br \/>\nDesen: \u00c7i\u00e7ekli<br \/>\nKuma\u015f: Penye<br \/>\nKal\u0131nl\u0131k: \u0130nce<br \/>\nKol Boyu: K\u0131sa Kollu<br \/>\nMalzeme: %100 Pamuk<br \/>\nPaket \u0130\u00e7eri\u011fi: 3&#8217;l\u00fc Paket<\/p>\n","protected":false},"excerpt":{"rendered":"<p>LCW baby Bej Bisiklet Yaka K\u0131z Bebek Atlet ve Ti\u015f\u00f6rt Tak\u0131m size \u00f6zel indirim, taksit ve kap\u0131da \u00f6deme avantajlar\u0131yla LCW&#8217;de! Hemen online al\u0131\u015fveri\u015f yap, \u00fcr\u00fcn kap\u0131na gelsin! \u2013 S5J400Z1-LE4 \u2014 Technical Details \u2014 Men\u015fei: Turk\u0131ye Sat\u0131c\u0131: LC Waikiki Marka: LCW baby \u00dcr\u00fcn Tipi: Ti\u015f\u00f6rt Cinsiyet: K\u0131z Bebek Kal\u0131p: Standart &amp; Regular Yaka: Bisiklet Yaka Desen: [&hellip;]<\/p>\n","protected":false},"featured_media":134982,"comment_status":"open","ping_status":"closed","template":"","meta":[],"product_brand":[],"product_cat":[8694,8697,8700],"product_tag":[8829,8996,10135,3549,9423,8834,9013],"class_list":{"0":"post-135001","1":"product","2":"type-product","3":"status-publish","4":"has-post-thumbnail","6":"product_cat-cocuklar","7":"product_cat-yenidogan-0-12-ay","8":"product_cat-yenidogan-giyim","9":"product_tag-3-piece-set","10":"product_tag-baby-girl-clothing","11":"product_tag-beige-floral","12":"product_tag-bicycle-neckline","13":"product_tag-cotton-jersey","14":"product_tag-lcw-baby","15":"product_tag-t-shirt-set","16":"pa_brand-lcw-baby","17":"pa_color-bej","18":"pa_size-1-3-ay","19":"pa_size-12-18-ay","20":"pa_size-18-24-ay","21":"pa_size-2-3-yas","22":"pa_size-3-6-ay","23":"pa_size-6-9-ay","24":"pa_size-9-12-ay","26":"first","27":"instock","28":"sale","29":"shipping-taxable","30":"purchasable","31":"product-type-variable"},"_links":{"self":[{"href":"https:\/\/mod.wisdar.net\/tr\/wp-json\/wp\/v2\/product\/135001","targetHints":{"allow":["GET"]}}],"collection":[{"href":"https:\/\/mod.wisdar.net\/tr\/wp-json\/wp\/v2\/product"}],"about":[{"href":"https:\/\/mod.wisdar.net\/tr\/wp-json\/wp\/v2\/types\/product"}],"replies":[{"embeddable":true,"href":"https:\/\/mod.wisdar.net\/tr\/wp-json\/wp\/v2\/comments?post=135001"}],"wp:featuredmedia":[{"embeddable":true,"href":"https:\/\/mod.wisdar.net\/tr\/wp-json\/wp\/v2\/media\/134982"}],"wp:attachment":[{"href":"https:\/\/mod.wisdar.net\/tr\/wp-json\/wp\/v2\/media?parent=135001"}],"wp:term":[{"taxonomy":"product_brand","embeddable":true,"href":"https:\/\/mod.wisdar.net\/tr\/wp-json\/wp\/v2\/product_brand?post=135001"},{"taxonomy":"product_cat","embeddable":true,"href":"https:\/\/mod.wisdar.net\/tr\/wp-json\/wp\/v2\/product_cat?post=135001"},{"taxonomy":"product_tag","embeddable":true,"href":"https:\/\/mod.wisdar.net\/tr\/wp-json\/wp\/v2\/product_tag?post=135001"}],"curies":[{"name":"wp","href":"https:\/\/api.w.org\/{rel}","templated":true}]}}