{"id":135115,"date":"2026-02-20T10:21:50","date_gmt":"2026-02-20T10:21:50","guid":{"rendered":"https:\/\/modesthanim.com\/product\/yesil-bisiklet-yaka-baskili-uzun-kollu-erkek-bebek-tisort\/"},"modified":"2026-03-19T15:11:56","modified_gmt":"2026-03-19T15:11:56","slug":"yesil-bisiklet-yaka-baskili-uzun-kollu-erkek-bebek-tisort","status":"publish","type":"product","link":"https:\/\/mod.wisdar.net\/tr\/urun\/yesil-bisiklet-yaka-baskili-uzun-kollu-erkek-bebek-tisort\/","title":{"rendered":"Ye\u015fil Bisiklet Yaka Bask\u0131l\u0131 Uzun Kollu Erkek Bebek Ti\u015f\u00f6rt"},"content":{"rendered":"<p>LCW baby Ye\u015fil Bisiklet Yaka Bask\u0131l\u0131 Uzun Kollu Erkek Bebek Ti\u015f\u00f6rt size \u00f6zel indirim, taksit ve kap\u0131da \u00f6deme avantajlar\u0131yla LCW&#8217;de! Hemen online al\u0131\u015fveri\u015f yap, \u00fcr\u00fcn kap\u0131na gelsin! \u2013 W5EK00Z1-LFH<\/p>\n<p>\u2014 Technical Details \u2014<br \/>\nKal\u0131p: Loose &amp; Bol<br \/>\nYaka: Bisiklet Yaka<br \/>\nDesen: D\u00fcz<br \/>\nKuma\u015f: Penye<br \/>\nKol Boyu: Uzun Kollu<br \/>\nMalzeme: %100 Pamuk<\/p>\n","protected":false},"excerpt":{"rendered":"<p>LCW baby Ye\u015fil Bisiklet Yaka Bask\u0131l\u0131 Uzun Kollu Erkek Bebek Ti\u015f\u00f6rt size \u00f6zel indirim, taksit ve kap\u0131da \u00f6deme avantajlar\u0131yla LCW&#8217;de! Hemen online al\u0131\u015fveri\u015f yap, \u00fcr\u00fcn kap\u0131na gelsin! \u2013 W5EK00Z1-LFH \u2014 Technical Details \u2014 Kal\u0131p: Loose &amp; Bol Yaka: Bisiklet Yaka Desen: D\u00fcz Kuma\u015f: Penye Kol Boyu: Uzun Kollu Malzeme: %100 Pamuk<\/p>\n","protected":false},"featured_media":135112,"comment_status":"open","ping_status":"closed","template":"","meta":[],"product_brand":[],"product_cat":[8694,8697,8700],"product_tag":[6768],"class_list":{"0":"post-135115","1":"product","2":"type-product","3":"status-publish","4":"has-post-thumbnail","6":"product_cat-cocuklar","7":"product_cat-yenidogan-0-12-ay","8":"product_cat-yenidogan-giyim","9":"product_tag-uzun-kol","10":"pa_brand-lcw-baby","11":"pa_color-acik-yesil-cizgili","12":"pa_size-1-3-ay","13":"pa_size-12-18-ay","14":"pa_size-18-24-ay","15":"pa_size-2-3-yas","16":"pa_size-3-6-ay","17":"pa_size-6-9-ay","18":"pa_size-9-12-ay","20":"first","21":"outofstock","22":"shipping-taxable","23":"product-type-variable"},"_links":{"self":[{"href":"https:\/\/mod.wisdar.net\/tr\/wp-json\/wp\/v2\/product\/135115","targetHints":{"allow":["GET"]}}],"collection":[{"href":"https:\/\/mod.wisdar.net\/tr\/wp-json\/wp\/v2\/product"}],"about":[{"href":"https:\/\/mod.wisdar.net\/tr\/wp-json\/wp\/v2\/types\/product"}],"replies":[{"embeddable":true,"href":"https:\/\/mod.wisdar.net\/tr\/wp-json\/wp\/v2\/comments?post=135115"}],"wp:featuredmedia":[{"embeddable":true,"href":"https:\/\/mod.wisdar.net\/tr\/wp-json\/wp\/v2\/media\/135112"}],"wp:attachment":[{"href":"https:\/\/mod.wisdar.net\/tr\/wp-json\/wp\/v2\/media?parent=135115"}],"wp:term":[{"taxonomy":"product_brand","embeddable":true,"href":"https:\/\/mod.wisdar.net\/tr\/wp-json\/wp\/v2\/product_brand?post=135115"},{"taxonomy":"product_cat","embeddable":true,"href":"https:\/\/mod.wisdar.net\/tr\/wp-json\/wp\/v2\/product_cat?post=135115"},{"taxonomy":"product_tag","embeddable":true,"href":"https:\/\/mod.wisdar.net\/tr\/wp-json\/wp\/v2\/product_tag?post=135115"}],"curies":[{"name":"wp","href":"https:\/\/api.w.org\/{rel}","templated":true}]}}