{"id":135413,"date":"2026-02-20T10:27:03","date_gmt":"2026-02-20T10:27:03","guid":{"rendered":"https:\/\/modesthanim.com\/product\/pembe-beli-lastikli-fiyonk-desenli-kiz-bebek-tayt\/"},"modified":"2026-03-20T00:01:58","modified_gmt":"2026-03-20T00:01:58","slug":"pembe-beli-lastikli-fiyonk-desenli-kiz-bebek-tayt","status":"publish","type":"product","link":"https:\/\/mod.wisdar.net\/tr\/urun\/pembe-beli-lastikli-fiyonk-desenli-kiz-bebek-tayt\/","title":{"rendered":"Pembe Beli Lastikli Fiyonk Desenli K\u0131z Bebek Tayt"},"content":{"rendered":"<p>LCW baby Pembe Beli Lastikli Fiyonk Desenli K\u0131z Bebek Tayt size \u00f6zel indirim, taksit ve kap\u0131da \u00f6deme avantajlar\u0131yla LCW&#8217;de! Hemen online al\u0131\u015fveri\u015f yap, \u00fcr\u00fcn kap\u0131na gelsin! \u2013 W59816Z1-LT8<\/p>\n<p>\u2014 Technical Details \u2014<br \/>\ngender: K\u0131z Bebek<br \/>\nfit: Dar &amp; Slim<br \/>\nfabric: Ka\u015fkorse<br \/>\nwaist_type: Beli Lastikli<br \/>\npattern: Desenli<br \/>\nmaterial: Y\u00fcksek Pamuk \u0130\u00e7erir<br \/>\ncollection: Yenido\u011fan<\/p>\n","protected":false},"excerpt":{"rendered":"<p>LCW baby Pembe Beli Lastikli Fiyonk Desenli K\u0131z Bebek Tayt size \u00f6zel indirim, taksit ve kap\u0131da \u00f6deme avantajlar\u0131yla LCW&#8217;de! Hemen online al\u0131\u015fveri\u015f yap, \u00fcr\u00fcn kap\u0131na gelsin! \u2013 W59816Z1-LT8 \u2014 Technical Details \u2014 gender: K\u0131z Bebek fit: Dar &amp; Slim fabric: Ka\u015fkorse waist_type: Beli Lastikli pattern: Desenli material: Y\u00fcksek Pamuk \u0130\u00e7erir collection: Yenido\u011fan<\/p>\n","protected":false},"featured_media":135407,"comment_status":"open","ping_status":"closed","template":"","meta":[],"product_brand":[],"product_cat":[8694,8697,8700],"product_tag":[6769,6765,7310,7811],"class_list":{"0":"post-135413","1":"product","2":"type-product","3":"status-publish","4":"has-post-thumbnail","6":"product_cat-cocuklar","7":"product_cat-yenidogan-0-12-ay","8":"product_cat-yenidogan-giyim","9":"product_tag-desenli","10":"product_tag-lastikli-bel","11":"product_tag-slim-fit","12":"product_tag-yuksek-pamuk-icerigi","13":"pa_brand-lcw-baby","14":"pa_color-gulkurusu-baskili","15":"pa_size-1-3-ay","16":"pa_size-12-18-ay","17":"pa_size-18-24-ay","18":"pa_size-2-3-yas","19":"pa_size-3-4-yas","20":"pa_size-3-6-ay","21":"pa_size-6-9-ay","22":"pa_size-9-12-ay","24":"first","25":"outofstock","26":"shipping-taxable","27":"product-type-variable"},"_links":{"self":[{"href":"https:\/\/mod.wisdar.net\/tr\/wp-json\/wp\/v2\/product\/135413","targetHints":{"allow":["GET"]}}],"collection":[{"href":"https:\/\/mod.wisdar.net\/tr\/wp-json\/wp\/v2\/product"}],"about":[{"href":"https:\/\/mod.wisdar.net\/tr\/wp-json\/wp\/v2\/types\/product"}],"replies":[{"embeddable":true,"href":"https:\/\/mod.wisdar.net\/tr\/wp-json\/wp\/v2\/comments?post=135413"}],"wp:featuredmedia":[{"embeddable":true,"href":"https:\/\/mod.wisdar.net\/tr\/wp-json\/wp\/v2\/media\/135407"}],"wp:attachment":[{"href":"https:\/\/mod.wisdar.net\/tr\/wp-json\/wp\/v2\/media?parent=135413"}],"wp:term":[{"taxonomy":"product_brand","embeddable":true,"href":"https:\/\/mod.wisdar.net\/tr\/wp-json\/wp\/v2\/product_brand?post=135413"},{"taxonomy":"product_cat","embeddable":true,"href":"https:\/\/mod.wisdar.net\/tr\/wp-json\/wp\/v2\/product_cat?post=135413"},{"taxonomy":"product_tag","embeddable":true,"href":"https:\/\/mod.wisdar.net\/tr\/wp-json\/wp\/v2\/product_tag?post=135413"}],"curies":[{"name":"wp","href":"https:\/\/api.w.org\/{rel}","templated":true}]}}