{"id":135426,"date":"2026-02-20T10:27:07","date_gmt":"2026-02-20T10:27:07","guid":{"rendered":"https:\/\/modesthanim.com\/product\/mavi-beli-lastikli-erkek-bebe-jogger-esofman-alti\/"},"modified":"2026-03-03T11:49:16","modified_gmt":"2026-03-03T11:49:16","slug":"mavi-beli-lastikli-erkek-bebe-jogger-esofman-alti","status":"publish","type":"product","link":"https:\/\/mod.wisdar.net\/tr\/urun\/mavi-beli-lastikli-erkek-bebe-jogger-esofman-alti\/","title":{"rendered":"Mavi Beli Lastikli Erkek Bebe Jogger E\u015fofman Alt\u0131"},"content":{"rendered":"<p>LCW baby Mavi Beli Lastikli Erkek Bebe Jogger E\u015fofman Alt\u0131 size \u00f6zel indirim, taksit ve kap\u0131da \u00f6deme avantajlar\u0131yla LCW&#8217;de! Hemen online al\u0131\u015fveri\u015f yap, \u00fcr\u00fcn kap\u0131na gelsin! \u2013 S6AR58Z1-GCT<\/p>\n<p>\u2014 Technical Details \u2014<br \/>\nMen\u015fei: Hindistan,Turk\u0131ye<br \/>\nSat\u0131c\u0131: LC Waikiki<br \/>\nMarka: LCW baby<br \/>\n\u00dcr\u00fcn Tipi: Jogger E\u015fofman Alt\u0131<br \/>\nCinsiyet: Erkek Bebek<br \/>\nKal\u0131p: Standart &amp; Regular<br \/>\nKuma\u015f: 2 \u0130plik<br \/>\nKal\u0131nl\u0131k: Kal\u0131n<br \/>\nMalzeme: Y\u00fcksek Pamuk \u0130\u00e7erir<br \/>\nPaket \u0130\u00e7eri\u011fi: 2&#8217;li Paket<\/p>\n","protected":false},"excerpt":{"rendered":"<p>LCW baby Mavi Beli Lastikli Erkek Bebe Jogger E\u015fofman Alt\u0131 size \u00f6zel indirim, taksit ve kap\u0131da \u00f6deme avantajlar\u0131yla LCW&#8217;de! Hemen online al\u0131\u015fveri\u015f yap, \u00fcr\u00fcn kap\u0131na gelsin! \u2013 S6AR58Z1-GCT \u2014 Technical Details \u2014 Men\u015fei: Hindistan,Turk\u0131ye Sat\u0131c\u0131: LC Waikiki Marka: LCW baby \u00dcr\u00fcn Tipi: Jogger E\u015fofman Alt\u0131 Cinsiyet: Erkek Bebek Kal\u0131p: Standart &amp; Regular Kuma\u015f: 2 \u0130plik [&hellip;]<\/p>\n","protected":false},"featured_media":135409,"comment_status":"open","ping_status":"closed","template":"","meta":[],"product_brand":[],"product_cat":[8694,8697,8700],"product_tag":[7651,7491,8088],"class_list":{"0":"post-135426","1":"product","2":"type-product","3":"status-publish","4":"has-post-thumbnail","6":"product_cat-cocuklar","7":"product_cat-yenidogan-0-12-ay","8":"product_cat-yenidogan-giyim","9":"product_tag-esofman-alti","10":"product_tag-jogger-pantolon","11":"product_tag-lastikli-bel-2","12":"pa_brand-lcw-baby","13":"pa_color-mavi","14":"pa_size-1-3-ay","15":"pa_size-12-18-ay","16":"pa_size-18-24-ay","17":"pa_size-2-3-yas","18":"pa_size-3-4-yas","19":"pa_size-3-6-ay","20":"pa_size-6-9-ay","21":"pa_size-9-12-ay","23":"first","24":"instock","25":"sale","26":"shipping-taxable","27":"purchasable","28":"product-type-variable"},"_links":{"self":[{"href":"https:\/\/mod.wisdar.net\/tr\/wp-json\/wp\/v2\/product\/135426","targetHints":{"allow":["GET"]}}],"collection":[{"href":"https:\/\/mod.wisdar.net\/tr\/wp-json\/wp\/v2\/product"}],"about":[{"href":"https:\/\/mod.wisdar.net\/tr\/wp-json\/wp\/v2\/types\/product"}],"replies":[{"embeddable":true,"href":"https:\/\/mod.wisdar.net\/tr\/wp-json\/wp\/v2\/comments?post=135426"}],"wp:featuredmedia":[{"embeddable":true,"href":"https:\/\/mod.wisdar.net\/tr\/wp-json\/wp\/v2\/media\/135409"}],"wp:attachment":[{"href":"https:\/\/mod.wisdar.net\/tr\/wp-json\/wp\/v2\/media?parent=135426"}],"wp:term":[{"taxonomy":"product_brand","embeddable":true,"href":"https:\/\/mod.wisdar.net\/tr\/wp-json\/wp\/v2\/product_brand?post=135426"},{"taxonomy":"product_cat","embeddable":true,"href":"https:\/\/mod.wisdar.net\/tr\/wp-json\/wp\/v2\/product_cat?post=135426"},{"taxonomy":"product_tag","embeddable":true,"href":"https:\/\/mod.wisdar.net\/tr\/wp-json\/wp\/v2\/product_tag?post=135426"}],"curies":[{"name":"wp","href":"https:\/\/api.w.org\/{rel}","templated":true}]}}