{"id":135604,"date":"2026-02-20T10:29:42","date_gmt":"2026-02-20T10:29:42","guid":{"rendered":"https:\/\/modesthanim.com\/product\/pembe-beli-lastikli-cicekli-kiz-bebek-jogger-esofman-alt\/"},"modified":"2026-04-14T06:34:18","modified_gmt":"2026-04-14T06:34:18","slug":"pembe-beli-lastikli-cicekli-kiz-bebek-jogger-esofman-alt","status":"publish","type":"product","link":"https:\/\/mod.wisdar.net\/tr\/urun\/pembe-beli-lastikli-cicekli-kiz-bebek-jogger-esofman-alt\/","title":{"rendered":"Pembe Beli Lastikli \u00c7i\u00e7ekli K\u0131z Bebek Jogger E\u015fofman Alt"},"content":{"rendered":"<p>LCW baby Pembe Beli Lastikli \u00c7i\u00e7ekli K\u0131z Bebek Jogger E\u015fofman Alt size \u00f6zel indirim, taksit ve kap\u0131da \u00f6deme avantajlar\u0131yla LCW&#8217;de! Hemen online al\u0131\u015fveri\u015f yap, \u00fcr\u00fcn kap\u0131na gelsin! \u2013 W5LA56Z1-LSZ<\/p>\n<p>\u2014 Technical Details \u2014<br \/>\nSat\u0131c\u0131: LC Waikiki<br \/>\nMarka: LCW baby<br \/>\n\u00dcr\u00fcn Tipi: Jogger E\u015fofman Alt\u0131<br \/>\nCinsiyet: K\u0131z Bebek<br \/>\nKuma\u015f: Ka\u015fkorse<br \/>\nDesen: \u00c7i\u00e7ekli<br \/>\nPa\u00e7a Fiti: Lastikli Pa\u00e7a<br \/>\nMalzeme: Y\u00fcksek Pamuk \u0130\u00e7erir<br \/>\nKoleksiyon: Yenido\u011fan<\/p>\n","protected":false},"excerpt":{"rendered":"<p>LCW baby Pembe Beli Lastikli \u00c7i\u00e7ekli K\u0131z Bebek Jogger E\u015fofman Alt size \u00f6zel indirim, taksit ve kap\u0131da \u00f6deme avantajlar\u0131yla LCW&#8217;de! Hemen online al\u0131\u015fveri\u015f yap, \u00fcr\u00fcn kap\u0131na gelsin! \u2013 W5LA56Z1-LSZ \u2014 Technical Details \u2014 Sat\u0131c\u0131: LC Waikiki Marka: LCW baby \u00dcr\u00fcn Tipi: Jogger E\u015fofman Alt\u0131 Cinsiyet: K\u0131z Bebek Kuma\u015f: Ka\u015fkorse Desen: \u00c7i\u00e7ekli Pa\u00e7a Fiti: Lastikli Pa\u00e7a [&hellip;]<\/p>\n","protected":false},"featured_media":135593,"comment_status":"open","ping_status":"closed","template":"","meta":[],"product_brand":[],"product_cat":[8694,8697,8700],"product_tag":[7508,6916,7811],"class_list":{"0":"post-135604","1":"product","2":"type-product","3":"status-publish","4":"has-post-thumbnail","6":"product_cat-cocuklar","7":"product_cat-yenidogan-0-12-ay","8":"product_cat-yenidogan-giyim","9":"product_tag-cicekli","10":"product_tag-elastik-manset","11":"product_tag-yuksek-pamuk-icerigi","12":"pa_brand-lcw-baby","13":"pa_color-pembe","14":"pa_size-12-18-ay","15":"pa_size-18-24-ay","16":"pa_size-2-3-yas","17":"pa_size-3-4-yas","18":"pa_size-3-6-ay","19":"pa_size-6-9-ay","20":"pa_size-9-12-ay","22":"first","23":"instock","24":"sale","25":"shipping-taxable","26":"purchasable","27":"product-type-variable"},"_links":{"self":[{"href":"https:\/\/mod.wisdar.net\/tr\/wp-json\/wp\/v2\/product\/135604","targetHints":{"allow":["GET"]}}],"collection":[{"href":"https:\/\/mod.wisdar.net\/tr\/wp-json\/wp\/v2\/product"}],"about":[{"href":"https:\/\/mod.wisdar.net\/tr\/wp-json\/wp\/v2\/types\/product"}],"replies":[{"embeddable":true,"href":"https:\/\/mod.wisdar.net\/tr\/wp-json\/wp\/v2\/comments?post=135604"}],"wp:featuredmedia":[{"embeddable":true,"href":"https:\/\/mod.wisdar.net\/tr\/wp-json\/wp\/v2\/media\/135593"}],"wp:attachment":[{"href":"https:\/\/mod.wisdar.net\/tr\/wp-json\/wp\/v2\/media?parent=135604"}],"wp:term":[{"taxonomy":"product_brand","embeddable":true,"href":"https:\/\/mod.wisdar.net\/tr\/wp-json\/wp\/v2\/product_brand?post=135604"},{"taxonomy":"product_cat","embeddable":true,"href":"https:\/\/mod.wisdar.net\/tr\/wp-json\/wp\/v2\/product_cat?post=135604"},{"taxonomy":"product_tag","embeddable":true,"href":"https:\/\/mod.wisdar.net\/tr\/wp-json\/wp\/v2\/product_tag?post=135604"}],"curies":[{"name":"wp","href":"https:\/\/api.w.org\/{rel}","templated":true}]}}