{"id":136007,"date":"2026-02-20T10:33:51","date_gmt":"2026-02-20T10:33:51","guid":{"rendered":"https:\/\/modesthanim.com\/product\/bej-beli-lastikli-baskili-kiz-bebek-tayt-2li\/"},"modified":"2026-04-14T06:51:21","modified_gmt":"2026-04-14T06:51:21","slug":"bej-beli-lastikli-baskili-kiz-bebek-tayt-2li","status":"publish","type":"product","link":"https:\/\/mod.wisdar.net\/tr\/urun\/bej-beli-lastikli-baskili-kiz-bebek-tayt-2li\/","title":{"rendered":"Bej Beli Lastikli Bask\u0131l\u0131 K\u0131z Bebek Tayt 2&#8217;li"},"content":{"rendered":"<p>LCW baby Bej Beli Lastikli Bask\u0131l\u0131 K\u0131z Bebek Tayt 2&#8217;li size \u00f6zel indirim, taksit ve kap\u0131da \u00f6deme avantajlar\u0131yla LCW&#8217;de! Hemen online al\u0131\u015fveri\u015f yap, \u00fcr\u00fcn kap\u0131na gelsin! \u2013 W5MO47Z1-LQB<\/p>\n<p>\u2014 Technical Details \u2014<br \/>\nMen\u015fei: Hindistan,Turk\u0131ye<br \/>\nSat\u0131c\u0131: LC Waikiki<br \/>\nMarka: LCW baby<br \/>\n\u00dcr\u00fcn Tipi: Tayt<br \/>\nCinsiyet: K\u0131z Bebek<br \/>\nKal\u0131p: S\u00fcper Skinny &amp; Ekstra Dar<br \/>\nKuma\u015f: Ka\u015fkorse<br \/>\nDesen: Bask\u0131l\u0131<br \/>\nPa\u00e7a Fiti: D\u00fcz Pa\u00e7a<br \/>\nKal\u0131nl\u0131k: Orta Kal\u0131nl\u0131k<br \/>\nMalzeme: Y\u00fcksek Pamuk \u0130\u00e7erir<br \/>\nKoleksiyon: Yenido\u011fan<br \/>\nPar\u00e7a Say\u0131s\u0131: 2 Par\u00e7a<br \/>\nBel Fiti: Beli Lastikli<\/p>\n","protected":false},"excerpt":{"rendered":"<p>LCW baby Bej Beli Lastikli Bask\u0131l\u0131 K\u0131z Bebek Tayt 2&#8217;li size \u00f6zel indirim, taksit ve kap\u0131da \u00f6deme avantajlar\u0131yla LCW&#8217;de! Hemen online al\u0131\u015fveri\u015f yap, \u00fcr\u00fcn kap\u0131na gelsin! \u2013 W5MO47Z1-LQB \u2014 Technical Details \u2014 Men\u015fei: Hindistan,Turk\u0131ye Sat\u0131c\u0131: LC Waikiki Marka: LCW baby \u00dcr\u00fcn Tipi: Tayt Cinsiyet: K\u0131z Bebek Kal\u0131p: S\u00fcper Skinny &amp; Ekstra Dar Kuma\u015f: Ka\u015fkorse Desen: [&hellip;]<\/p>\n","protected":false},"featured_media":135994,"comment_status":"open","ping_status":"closed","template":"","meta":[],"product_brand":[],"product_cat":[8694,8697,8700],"product_tag":[8088],"class_list":{"0":"post-136007","1":"product","2":"type-product","3":"status-publish","4":"has-post-thumbnail","6":"product_cat-cocuklar","7":"product_cat-yenidogan-0-12-ay","8":"product_cat-yenidogan-giyim","9":"product_tag-lastikli-bel-2","10":"pa_brand-lcw-baby","11":"pa_color-bej","12":"pa_size-12-18-ay","13":"pa_size-18-24-ay","14":"pa_size-2-3-yas","15":"pa_size-3-4-yas","16":"pa_size-6-9-ay","17":"pa_size-9-12-ay","19":"first","20":"instock","21":"sale","22":"shipping-taxable","23":"purchasable","24":"product-type-variable"},"_links":{"self":[{"href":"https:\/\/mod.wisdar.net\/tr\/wp-json\/wp\/v2\/product\/136007","targetHints":{"allow":["GET"]}}],"collection":[{"href":"https:\/\/mod.wisdar.net\/tr\/wp-json\/wp\/v2\/product"}],"about":[{"href":"https:\/\/mod.wisdar.net\/tr\/wp-json\/wp\/v2\/types\/product"}],"replies":[{"embeddable":true,"href":"https:\/\/mod.wisdar.net\/tr\/wp-json\/wp\/v2\/comments?post=136007"}],"wp:featuredmedia":[{"embeddable":true,"href":"https:\/\/mod.wisdar.net\/tr\/wp-json\/wp\/v2\/media\/135994"}],"wp:attachment":[{"href":"https:\/\/mod.wisdar.net\/tr\/wp-json\/wp\/v2\/media?parent=136007"}],"wp:term":[{"taxonomy":"product_brand","embeddable":true,"href":"https:\/\/mod.wisdar.net\/tr\/wp-json\/wp\/v2\/product_brand?post=136007"},{"taxonomy":"product_cat","embeddable":true,"href":"https:\/\/mod.wisdar.net\/tr\/wp-json\/wp\/v2\/product_cat?post=136007"},{"taxonomy":"product_tag","embeddable":true,"href":"https:\/\/mod.wisdar.net\/tr\/wp-json\/wp\/v2\/product_tag?post=136007"}],"curies":[{"name":"wp","href":"https:\/\/api.w.org\/{rel}","templated":true}]}}