{"id":136106,"date":"2026-02-20T10:34:51","date_gmt":"2026-02-20T10:34:51","guid":{"rendered":"https:\/\/modesthanim.com\/product\/yesil-bisiklet-yaka-baskili-kiz-bebek-tisort-2li\/"},"modified":"2026-04-14T06:50:55","modified_gmt":"2026-04-14T06:50:55","slug":"yesil-bisiklet-yaka-baskili-kiz-bebek-tisort-2li","status":"publish","type":"product","link":"https:\/\/mod.wisdar.net\/tr\/urun\/yesil-bisiklet-yaka-baskili-kiz-bebek-tisort-2li\/","title":{"rendered":"Ye\u015fil Bisiklet Yaka Bask\u0131l\u0131 K\u0131z Bebek Ti\u015f\u00f6rt 2&#8217;li"},"content":{"rendered":"<p>LCW baby Ye\u015fil Bisiklet Yaka Bask\u0131l\u0131 K\u0131z Bebek Ti\u015f\u00f6rt 2&#8217;li size \u00f6zel indirim, taksit ve kap\u0131da \u00f6deme avantajlar\u0131yla LCW&#8217;de! Hemen online al\u0131\u015fveri\u015f yap, \u00fcr\u00fcn kap\u0131na gelsin! \u2013 S51264Z1-FJY<\/p>\n<p>\u2014 Technical Details \u2014<br \/>\nMen\u015fei: Turk\u0131ye<br \/>\nSat\u0131c\u0131: LC Waikiki<br \/>\nMarka: LCW baby<br \/>\n\u00dcr\u00fcn Tipi: Ti\u015f\u00f6rt<br \/>\nCinsiyet: K\u0131z Bebek<br \/>\nKal\u0131p: Standart &amp; Regular<br \/>\nYaka: Bisiklet Yaka<br \/>\nDesen: Bask\u0131l\u0131<br \/>\nKuma\u015f: Penye<br \/>\nKal\u0131nl\u0131k: Orta Kal\u0131nl\u0131k<br \/>\nKol Boyu: Uzun Kollu<br \/>\nMalzeme: Y\u00fcksek Pamuk \u0130\u00e7erir<br \/>\nKoleksiyon: Yenido\u011fan<br \/>\nPar\u00e7a Say\u0131s\u0131: 2 Par\u00e7a<br \/>\nPaket \u0130\u00e7eri\u011fi: 2&#8217;li Paket<\/p>\n","protected":false},"excerpt":{"rendered":"<p>LCW baby Ye\u015fil Bisiklet Yaka Bask\u0131l\u0131 K\u0131z Bebek Ti\u015f\u00f6rt 2&#8217;li size \u00f6zel indirim, taksit ve kap\u0131da \u00f6deme avantajlar\u0131yla LCW&#8217;de! Hemen online al\u0131\u015fveri\u015f yap, \u00fcr\u00fcn kap\u0131na gelsin! \u2013 S51264Z1-FJY \u2014 Technical Details \u2014 Men\u015fei: Turk\u0131ye Sat\u0131c\u0131: LC Waikiki Marka: LCW baby \u00dcr\u00fcn Tipi: Ti\u015f\u00f6rt Cinsiyet: K\u0131z Bebek Kal\u0131p: Standart &amp; Regular Yaka: Bisiklet Yaka Desen: Bask\u0131l\u0131 [&hellip;]<\/p>\n","protected":false},"featured_media":136100,"comment_status":"open","ping_status":"closed","template":"","meta":[],"product_brand":[],"product_cat":[8694,8697,8700],"product_tag":[8950,8832,8960,10146,8795,9024],"class_list":{"0":"post-136106","1":"product","2":"type-product","3":"status-publish","4":"has-post-thumbnail","6":"product_cat-cocuklar","7":"product_cat-yenidogan-0-12-ay","8":"product_cat-yenidogan-giyim","9":"product_tag-2-pack","10":"product_tag-baby-clothing","11":"product_tag-cotton-babywear","12":"product_tag-girls-t-shirt","13":"product_tag-newborn-fashion","14":"product_tag-printed-t-shirt","15":"pa_brand-lcw-baby","16":"pa_color-acik-yesil-2","17":"pa_size-1-3-ay","18":"pa_size-12-18-ay","19":"pa_size-18-24-ay","20":"pa_size-2-3-yas","21":"pa_size-3-6-ay","22":"pa_size-6-9-ay","23":"pa_size-9-12-ay","25":"first","26":"instock","27":"sale","28":"shipping-taxable","29":"purchasable","30":"product-type-variable"},"_links":{"self":[{"href":"https:\/\/mod.wisdar.net\/tr\/wp-json\/wp\/v2\/product\/136106","targetHints":{"allow":["GET"]}}],"collection":[{"href":"https:\/\/mod.wisdar.net\/tr\/wp-json\/wp\/v2\/product"}],"about":[{"href":"https:\/\/mod.wisdar.net\/tr\/wp-json\/wp\/v2\/types\/product"}],"replies":[{"embeddable":true,"href":"https:\/\/mod.wisdar.net\/tr\/wp-json\/wp\/v2\/comments?post=136106"}],"wp:featuredmedia":[{"embeddable":true,"href":"https:\/\/mod.wisdar.net\/tr\/wp-json\/wp\/v2\/media\/136100"}],"wp:attachment":[{"href":"https:\/\/mod.wisdar.net\/tr\/wp-json\/wp\/v2\/media?parent=136106"}],"wp:term":[{"taxonomy":"product_brand","embeddable":true,"href":"https:\/\/mod.wisdar.net\/tr\/wp-json\/wp\/v2\/product_brand?post=136106"},{"taxonomy":"product_cat","embeddable":true,"href":"https:\/\/mod.wisdar.net\/tr\/wp-json\/wp\/v2\/product_cat?post=136106"},{"taxonomy":"product_tag","embeddable":true,"href":"https:\/\/mod.wisdar.net\/tr\/wp-json\/wp\/v2\/product_tag?post=136106"}],"curies":[{"name":"wp","href":"https:\/\/api.w.org\/{rel}","templated":true}]}}