{"id":136436,"date":"2026-02-20T10:39:29","date_gmt":"2026-02-20T10:39:29","guid":{"rendered":"https:\/\/modesthanim.com\/product\/ekru-bisiklet-yaka-nakisli-kiz-bebek-sweatshirt\/"},"modified":"2026-03-31T06:41:50","modified_gmt":"2026-03-31T06:41:50","slug":"ekru-bisiklet-yaka-nakisli-kiz-bebek-sweatshirt","status":"publish","type":"product","link":"https:\/\/mod.wisdar.net\/tr\/urun\/ekru-bisiklet-yaka-nakisli-kiz-bebek-sweatshirt\/","title":{"rendered":"Ekru Bisiklet Yaka Nak\u0131\u015fl\u0131 K\u0131z Bebek Sweatshirt"},"content":{"rendered":"<p>LCW baby Ekru Bisiklet Yaka Nak\u0131\u015fl\u0131 K\u0131z Bebek Sweatshirt size \u00f6zel indirim, taksit ve kap\u0131da \u00f6deme avantajlar\u0131yla LCW&#8217;de! Hemen online al\u0131\u015fveri\u015f yap, \u00fcr\u00fcn kap\u0131na gelsin! \u2013 W5M645Z1-LFD<\/p>\n<p>\u2014 Technical Details \u2014<br \/>\nDesen: Nak\u0131\u015fl\u0131<br \/>\nYaka: Bisiklet Yaka<br \/>\nKol Boyu: Uzun Kollu<br \/>\nMalzeme: Y\u00fcksek Pamuk \u0130\u00e7erir<br \/>\nKoleksiyon: Yenido\u011fan<br \/>\nKal\u0131p: Standart &amp; Regular<br \/>\nKuma\u015f: 2 \u0130plik<br \/>\nCinsiyet: K\u0131z Bebek<br \/>\n\u00dcr\u00fcn Tipi: Sweatshirt<\/p>\n","protected":false},"excerpt":{"rendered":"<p>LCW baby Ekru Bisiklet Yaka Nak\u0131\u015fl\u0131 K\u0131z Bebek Sweatshirt size \u00f6zel indirim, taksit ve kap\u0131da \u00f6deme avantajlar\u0131yla LCW&#8217;de! Hemen online al\u0131\u015fveri\u015f yap, \u00fcr\u00fcn kap\u0131na gelsin! \u2013 W5M645Z1-LFD \u2014 Technical Details \u2014 Desen: Nak\u0131\u015fl\u0131 Yaka: Bisiklet Yaka Kol Boyu: Uzun Kollu Malzeme: Y\u00fcksek Pamuk \u0130\u00e7erir Koleksiyon: Yenido\u011fan Kal\u0131p: Standart &amp; Regular Kuma\u015f: 2 \u0130plik Cinsiyet: K\u0131z [&hellip;]<\/p>\n","protected":false},"featured_media":136422,"comment_status":"open","ping_status":"closed","template":"","meta":[],"product_brand":[],"product_cat":[8694,8697,8700],"product_tag":[6753,8110,7488,7422],"class_list":{"0":"post-136436","1":"product","2":"type-product","3":"status-publish","4":"has-post-thumbnail","6":"product_cat-cocuklar","7":"product_cat-yenidogan-0-12-ay","8":"product_cat-yenidogan-giyim","9":"product_tag-bej","10":"product_tag-bisiklet-yaka-2","11":"product_tag-pamuk","12":"product_tag-sweatshirt","13":"pa_brand-lcw-baby","14":"pa_color-ekru","15":"pa_size-1-3-ay","16":"pa_size-12-18-ay","17":"pa_size-18-24-ay","18":"pa_size-2-3-yas","19":"pa_size-3-4-yas","20":"pa_size-3-6-ay","21":"pa_size-6-9-ay","22":"pa_size-9-12-ay","24":"first","25":"outofstock","26":"shipping-taxable","27":"product-type-variable"},"_links":{"self":[{"href":"https:\/\/mod.wisdar.net\/tr\/wp-json\/wp\/v2\/product\/136436","targetHints":{"allow":["GET"]}}],"collection":[{"href":"https:\/\/mod.wisdar.net\/tr\/wp-json\/wp\/v2\/product"}],"about":[{"href":"https:\/\/mod.wisdar.net\/tr\/wp-json\/wp\/v2\/types\/product"}],"replies":[{"embeddable":true,"href":"https:\/\/mod.wisdar.net\/tr\/wp-json\/wp\/v2\/comments?post=136436"}],"wp:featuredmedia":[{"embeddable":true,"href":"https:\/\/mod.wisdar.net\/tr\/wp-json\/wp\/v2\/media\/136422"}],"wp:attachment":[{"href":"https:\/\/mod.wisdar.net\/tr\/wp-json\/wp\/v2\/media?parent=136436"}],"wp:term":[{"taxonomy":"product_brand","embeddable":true,"href":"https:\/\/mod.wisdar.net\/tr\/wp-json\/wp\/v2\/product_brand?post=136436"},{"taxonomy":"product_cat","embeddable":true,"href":"https:\/\/mod.wisdar.net\/tr\/wp-json\/wp\/v2\/product_cat?post=136436"},{"taxonomy":"product_tag","embeddable":true,"href":"https:\/\/mod.wisdar.net\/tr\/wp-json\/wp\/v2\/product_tag?post=136436"}],"curies":[{"name":"wp","href":"https:\/\/api.w.org\/{rel}","templated":true}]}}