{"id":136521,"date":"2026-02-20T10:40:26","date_gmt":"2026-02-20T10:40:26","guid":{"rendered":"https:\/\/modesthanim.com\/product\/kahverengi-bisiklet-yaka-aslan-kral-baskili-erkek-cocuk-sweatshirt\/"},"modified":"2026-03-31T06:43:26","modified_gmt":"2026-03-31T06:43:26","slug":"kahverengi-bisiklet-yaka-aslan-kral-baskili-erkek-cocuk-sweatshirt","status":"publish","type":"product","link":"https:\/\/mod.wisdar.net\/tr\/urun\/kahverengi-bisiklet-yaka-aslan-kral-baskili-erkek-cocuk-sweatshirt\/","title":{"rendered":"Kahverengi Bisiklet Yaka Aslan Kral Bask\u0131l\u0131 Erkek \u00c7ocuk Sweatshirt"},"content":{"rendered":"<p>LCW baby Kahverengi Bisiklet Yaka Aslan Kral Bask\u0131l\u0131 Erkek \u00c7ocuk Sweatshirt size \u00f6zel indirim, taksit ve kap\u0131da \u00f6deme avantajlar\u0131yla LCW&#8217;de! Hemen online al\u0131\u015fveri\u015f yap, \u00fcr\u00fcn kap\u0131na gelsin! \u2013 W5BS29Z1-LQX<\/p>\n<p>\u2014 Technical Details \u2014<br \/>\nSat\u0131c\u0131: LC Waikiki<br \/>\nMarka: LCW baby<br \/>\n\u00dcr\u00fcn Tipi: Sweatshirt<br \/>\nCinsiyet: Erkek Bebek<br \/>\nKal\u0131p: Loose &amp; Bol<br \/>\nDesen: Bask\u0131l\u0131<br \/>\nYaka: Bisiklet Yaka<br \/>\nKol Boyu: Uzun Kollu<br \/>\nLisans: Aslan Kral<br \/>\nMalzeme: %100 Pamuk<br \/>\nKoleksiyon: Yenido\u011fan<\/p>\n","protected":false},"excerpt":{"rendered":"<p>LCW baby Kahverengi Bisiklet Yaka Aslan Kral Bask\u0131l\u0131 Erkek \u00c7ocuk Sweatshirt size \u00f6zel indirim, taksit ve kap\u0131da \u00f6deme avantajlar\u0131yla LCW&#8217;de! Hemen online al\u0131\u015fveri\u015f yap, \u00fcr\u00fcn kap\u0131na gelsin! \u2013 W5BS29Z1-LQX \u2014 Technical Details \u2014 Sat\u0131c\u0131: LC Waikiki Marka: LCW baby \u00dcr\u00fcn Tipi: Sweatshirt Cinsiyet: Erkek Bebek Kal\u0131p: Loose &amp; Bol Desen: Bask\u0131l\u0131 Yaka: Bisiklet Yaka Kol [&hellip;]<\/p>\n","protected":false},"featured_media":136519,"comment_status":"open","ping_status":"closed","template":"","meta":[],"product_brand":[],"product_cat":[8694,8697,8700],"product_tag":[8023,10030],"class_list":{"0":"post-136521","1":"product","2":"type-product","3":"status-publish","4":"has-post-thumbnail","6":"product_cat-cocuklar","7":"product_cat-yenidogan-0-12-ay","8":"product_cat-yenidogan-giyim","9":"product_tag-bisiklet-yaka","10":"product_tag-newborn-collection","11":"pa_brand-lcw-baby","12":"pa_color-kahverengi","13":"pa_size-12-18-ay","14":"pa_size-18-24-ay","15":"pa_size-2-3-yas","16":"pa_size-3-4-yas","17":"pa_size-3-6-ay","18":"pa_size-6-9-ay","19":"pa_size-9-12-ay","21":"first","22":"instock","23":"sale","24":"shipping-taxable","25":"purchasable","26":"product-type-variable"},"_links":{"self":[{"href":"https:\/\/mod.wisdar.net\/tr\/wp-json\/wp\/v2\/product\/136521","targetHints":{"allow":["GET"]}}],"collection":[{"href":"https:\/\/mod.wisdar.net\/tr\/wp-json\/wp\/v2\/product"}],"about":[{"href":"https:\/\/mod.wisdar.net\/tr\/wp-json\/wp\/v2\/types\/product"}],"replies":[{"embeddable":true,"href":"https:\/\/mod.wisdar.net\/tr\/wp-json\/wp\/v2\/comments?post=136521"}],"wp:featuredmedia":[{"embeddable":true,"href":"https:\/\/mod.wisdar.net\/tr\/wp-json\/wp\/v2\/media\/136519"}],"wp:attachment":[{"href":"https:\/\/mod.wisdar.net\/tr\/wp-json\/wp\/v2\/media?parent=136521"}],"wp:term":[{"taxonomy":"product_brand","embeddable":true,"href":"https:\/\/mod.wisdar.net\/tr\/wp-json\/wp\/v2\/product_brand?post=136521"},{"taxonomy":"product_cat","embeddable":true,"href":"https:\/\/mod.wisdar.net\/tr\/wp-json\/wp\/v2\/product_cat?post=136521"},{"taxonomy":"product_tag","embeddable":true,"href":"https:\/\/mod.wisdar.net\/tr\/wp-json\/wp\/v2\/product_tag?post=136521"}],"curies":[{"name":"wp","href":"https:\/\/api.w.org\/{rel}","templated":true}]}}