{"id":136568,"date":"2026-02-20T10:41:32","date_gmt":"2026-02-20T10:41:32","guid":{"rendered":"https:\/\/modesthanim.com\/product\/kahverengi-kapusonlu-baskili-erkek-bebek-fermuarli-sweatshirt\/"},"modified":"2026-04-14T07:01:58","modified_gmt":"2026-04-14T07:01:58","slug":"kahverengi-kapusonlu-baskili-erkek-bebek-fermuarli-sweatshirt","status":"publish","type":"product","link":"https:\/\/mod.wisdar.net\/tr\/urun\/kahverengi-kapusonlu-baskili-erkek-bebek-fermuarli-sweatshirt\/","title":{"rendered":"Kahverengi Kap\u00fc\u015fonlu Bask\u0131l\u0131 Erkek Bebek Fermuarl\u0131 Sweatshirt"},"content":{"rendered":"<p>LCW baby Kahverengi Kap\u00fc\u015fonlu Bask\u0131l\u0131 Erkek Bebek Fermuarl\u0131 Sweatshirt size \u00f6zel indirim, taksit ve kap\u0131da \u00f6deme avantajlar\u0131yla LCW&#8217;de! Hemen online al\u0131\u015fveri\u015f yap, \u00fcr\u00fcn kap\u0131na gelsin! \u2013 S6NL08Z1-HEX<\/p>\n<p>\u2014 Technical Details \u2014<br \/>\nMen\u015fei: Turk\u0131ye<br \/>\nSat\u0131c\u0131: LC Waikiki<br \/>\nMarka: LCW baby<br \/>\n\u00dcr\u00fcn Tipi: Fermuarl\u0131 Sweatshirt<br \/>\nCinsiyet: Erkek Bebek<br \/>\nKal\u0131p: Loose &amp; Bol<br \/>\nDesen: Bask\u0131l\u0131<br \/>\nYaka: Kap\u00fc\u015fonlu<br \/>\nKol Boyu: Uzun Kollu<br \/>\nMalzeme: %100 Pamuk<br \/>\nKoleksiyon: Yenido\u011fan<br \/>\nEk \u00d6zellik: Fermuarl\u0131<\/p>\n","protected":false},"excerpt":{"rendered":"<p>LCW baby Kahverengi Kap\u00fc\u015fonlu Bask\u0131l\u0131 Erkek Bebek Fermuarl\u0131 Sweatshirt size \u00f6zel indirim, taksit ve kap\u0131da \u00f6deme avantajlar\u0131yla LCW&#8217;de! Hemen online al\u0131\u015fveri\u015f yap, \u00fcr\u00fcn kap\u0131na gelsin! \u2013 S6NL08Z1-HEX \u2014 Technical Details \u2014 Men\u015fei: Turk\u0131ye Sat\u0131c\u0131: LC Waikiki Marka: LCW baby \u00dcr\u00fcn Tipi: Fermuarl\u0131 Sweatshirt Cinsiyet: Erkek Bebek Kal\u0131p: Loose &amp; Bol Desen: Bask\u0131l\u0131 Yaka: Kap\u00fc\u015fonlu Kol [&hellip;]<\/p>\n","protected":false},"featured_media":136563,"comment_status":"open","ping_status":"closed","template":"","meta":[],"product_brand":[],"product_cat":[8694,8697,8700],"product_tag":[8022,7326,7309,7421,6768],"class_list":{"0":"post-136568","1":"product","2":"type-product","3":"status-publish","4":"has-post-thumbnail","6":"product_cat-cocuklar","7":"product_cat-yenidogan-0-12-ay","8":"product_cat-yenidogan-giyim","9":"product_tag-baskili-2","10":"product_tag-bol-kesim","11":"product_tag-fermuarli","12":"product_tag-kapusonlu","13":"product_tag-uzun-kol","14":"pa_brand-lcw-baby","15":"pa_color-kahverengi","16":"pa_size-1-3-ay","17":"pa_size-12-18-ay","18":"pa_size-18-24-ay","19":"pa_size-2-3-yas","20":"pa_size-3-4-yas","21":"pa_size-3-6-ay","22":"pa_size-6-9-ay","23":"pa_size-9-12-ay","25":"first","26":"instock","27":"sale","28":"shipping-taxable","29":"purchasable","30":"product-type-variable"},"_links":{"self":[{"href":"https:\/\/mod.wisdar.net\/tr\/wp-json\/wp\/v2\/product\/136568","targetHints":{"allow":["GET"]}}],"collection":[{"href":"https:\/\/mod.wisdar.net\/tr\/wp-json\/wp\/v2\/product"}],"about":[{"href":"https:\/\/mod.wisdar.net\/tr\/wp-json\/wp\/v2\/types\/product"}],"replies":[{"embeddable":true,"href":"https:\/\/mod.wisdar.net\/tr\/wp-json\/wp\/v2\/comments?post=136568"}],"wp:featuredmedia":[{"embeddable":true,"href":"https:\/\/mod.wisdar.net\/tr\/wp-json\/wp\/v2\/media\/136563"}],"wp:attachment":[{"href":"https:\/\/mod.wisdar.net\/tr\/wp-json\/wp\/v2\/media?parent=136568"}],"wp:term":[{"taxonomy":"product_brand","embeddable":true,"href":"https:\/\/mod.wisdar.net\/tr\/wp-json\/wp\/v2\/product_brand?post=136568"},{"taxonomy":"product_cat","embeddable":true,"href":"https:\/\/mod.wisdar.net\/tr\/wp-json\/wp\/v2\/product_cat?post=136568"},{"taxonomy":"product_tag","embeddable":true,"href":"https:\/\/mod.wisdar.net\/tr\/wp-json\/wp\/v2\/product_tag?post=136568"}],"curies":[{"name":"wp","href":"https:\/\/api.w.org\/{rel}","templated":true}]}}