{"id":136650,"date":"2026-02-20T10:42:56","date_gmt":"2026-02-20T10:42:56","guid":{"rendered":"https:\/\/modesthanim.com\/product\/bej-polo-yaka-baskili-erkek-bebek-sweatshirt\/"},"modified":"2026-04-15T21:21:54","modified_gmt":"2026-04-15T21:21:54","slug":"bej-polo-yaka-baskili-erkek-bebek-sweatshirt","status":"publish","type":"product","link":"https:\/\/mod.wisdar.net\/tr\/urun\/bej-polo-yaka-baskili-erkek-bebek-sweatshirt\/","title":{"rendered":"Bej Polo Yaka Bask\u0131l\u0131 Erkek Bebek Sweatshirt"},"content":{"rendered":"<p>LCW baby Bej Polo Yaka Bask\u0131l\u0131 Erkek Bebek Sweatshirt size \u00f6zel indirim, taksit ve kap\u0131da \u00f6deme avantajlar\u0131yla LCW&#8217;de! Hemen online al\u0131\u015fveri\u015f yap, \u00fcr\u00fcn kap\u0131na gelsin! \u2013 W5K573Z1-V5Q<\/p>\n<p>\u2014 Technical Details \u2014<br \/>\nDesen: Bask\u0131l\u0131<br \/>\nYaka: Polo Yaka<br \/>\nKal\u0131nl\u0131k: \u0130nce<br \/>\nKol Boyu: Uzun Kollu<br \/>\nMalzeme: Y\u00fcksek Pamuk \u0130\u00e7erir<br \/>\nKoleksiyon: Yenido\u011fan<br \/>\nKal\u0131p: Standart &amp; Regular<br \/>\nKuma\u015f: 2 \u0130plik<br \/>\nCinsiyet: Erkek Bebek<br \/>\n\u00dcr\u00fcn Tipi: Sweatshirt<\/p>\n","protected":false},"excerpt":{"rendered":"<p>LCW baby Bej Polo Yaka Bask\u0131l\u0131 Erkek Bebek Sweatshirt size \u00f6zel indirim, taksit ve kap\u0131da \u00f6deme avantajlar\u0131yla LCW&#8217;de! Hemen online al\u0131\u015fveri\u015f yap, \u00fcr\u00fcn kap\u0131na gelsin! \u2013 W5K573Z1-V5Q \u2014 Technical Details \u2014 Desen: Bask\u0131l\u0131 Yaka: Polo Yaka Kal\u0131nl\u0131k: \u0130nce Kol Boyu: Uzun Kollu Malzeme: Y\u00fcksek Pamuk \u0130\u00e7erir Koleksiyon: Yenido\u011fan Kal\u0131p: Standart &amp; Regular Kuma\u015f: 2 \u0130plik [&hellip;]<\/p>\n","protected":false},"featured_media":136647,"comment_status":"open","ping_status":"closed","template":"","meta":[],"product_brand":[],"product_cat":[8694,8697,8700],"product_tag":[8022,6753,7913,7604,7488],"class_list":{"0":"post-136650","1":"product","2":"type-product","3":"status-publish","4":"has-post-thumbnail","6":"product_cat-cocuklar","7":"product_cat-yenidogan-0-12-ay","8":"product_cat-yenidogan-giyim","9":"product_tag-baskili-2","10":"product_tag-bej","11":"product_tag-bogazli","12":"product_tag-lcw","13":"product_tag-pamuk","14":"pa_brand-lcw-baby","15":"pa_color-tas-rengi","16":"pa_size-12-18-ay","17":"pa_size-18-24-ay","18":"pa_size-2-3-yas","19":"pa_size-3-4-yas","20":"pa_size-6-9-ay","21":"pa_size-9-12-ay","23":"first","24":"outofstock","25":"shipping-taxable","26":"product-type-variable"},"_links":{"self":[{"href":"https:\/\/mod.wisdar.net\/tr\/wp-json\/wp\/v2\/product\/136650","targetHints":{"allow":["GET"]}}],"collection":[{"href":"https:\/\/mod.wisdar.net\/tr\/wp-json\/wp\/v2\/product"}],"about":[{"href":"https:\/\/mod.wisdar.net\/tr\/wp-json\/wp\/v2\/types\/product"}],"replies":[{"embeddable":true,"href":"https:\/\/mod.wisdar.net\/tr\/wp-json\/wp\/v2\/comments?post=136650"}],"wp:featuredmedia":[{"embeddable":true,"href":"https:\/\/mod.wisdar.net\/tr\/wp-json\/wp\/v2\/media\/136647"}],"wp:attachment":[{"href":"https:\/\/mod.wisdar.net\/tr\/wp-json\/wp\/v2\/media?parent=136650"}],"wp:term":[{"taxonomy":"product_brand","embeddable":true,"href":"https:\/\/mod.wisdar.net\/tr\/wp-json\/wp\/v2\/product_brand?post=136650"},{"taxonomy":"product_cat","embeddable":true,"href":"https:\/\/mod.wisdar.net\/tr\/wp-json\/wp\/v2\/product_cat?post=136650"},{"taxonomy":"product_tag","embeddable":true,"href":"https:\/\/mod.wisdar.net\/tr\/wp-json\/wp\/v2\/product_tag?post=136650"}],"curies":[{"name":"wp","href":"https:\/\/api.w.org\/{rel}","templated":true}]}}