{"id":136805,"date":"2026-02-20T10:45:03","date_gmt":"2026-02-20T10:45:03","guid":{"rendered":"https:\/\/modesthanim.com\/product\/bej-cicek-aplikeli-kiz-bebek-elbise\/"},"modified":"2026-04-04T12:23:37","modified_gmt":"2026-04-04T12:23:37","slug":"bej-cicek-aplikeli-kiz-bebek-elbise","status":"publish","type":"product","link":"https:\/\/mod.wisdar.net\/tr\/urun\/bej-cicek-aplikeli-kiz-bebek-elbise\/","title":{"rendered":"Bej \u00c7i\u00e7ek Aplikeli K\u0131z Bebek Elbise"},"content":{"rendered":"<p>LCW baby Bej \u00c7i\u00e7ek Aplikeli K\u0131z Bebek Elbise size \u00f6zel indirim, taksit ve kap\u0131da \u00f6deme avantajlar\u0131yla LCW&#8217;de! Hemen online al\u0131\u015fveri\u015f yap, \u00fcr\u00fcn kap\u0131na gelsin! \u2013 S5Q487Z1-YG7<\/p>\n<p>\u2014 Technical Details \u2014<br \/>\nMen\u015fei: Turk\u0131ye<br \/>\nSat\u0131c\u0131: LC Waikiki<br \/>\nMarka: LCW baby<br \/>\n\u00dcr\u00fcn Tipi: Elbise<br \/>\nCinsiyet: K\u0131z Bebek<br \/>\nKal\u0131p: Standart &amp; Regular<br \/>\nKuma\u015f: Brode<br \/>\nStil: \u015e\u0131k<br \/>\nSiluet: T\u00fct\u00fc<br \/>\nYaka: Bisiklet Yaka<br \/>\nKol Boyu: Kolsuz<br \/>\nDesen: Desenli<\/p>\n","protected":false},"excerpt":{"rendered":"<p>LCW baby Bej \u00c7i\u00e7ek Aplikeli K\u0131z Bebek Elbise size \u00f6zel indirim, taksit ve kap\u0131da \u00f6deme avantajlar\u0131yla LCW&#8217;de! Hemen online al\u0131\u015fveri\u015f yap, \u00fcr\u00fcn kap\u0131na gelsin! \u2013 S5Q487Z1-YG7 \u2014 Technical Details \u2014 Men\u015fei: Turk\u0131ye Sat\u0131c\u0131: LC Waikiki Marka: LCW baby \u00dcr\u00fcn Tipi: Elbise Cinsiyet: K\u0131z Bebek Kal\u0131p: Standart &amp; Regular Kuma\u015f: Brode Stil: \u015e\u0131k Siluet: T\u00fct\u00fc Yaka: [&hellip;]<\/p>\n","protected":false},"featured_media":136802,"comment_status":"open","ping_status":"closed","template":"","meta":[],"product_brand":[],"product_cat":[8712,8694,8697],"product_tag":[8779,6238,8782,3723,10173],"class_list":{"0":"post-136805","1":"product","2":"type-product","3":"status-publish","4":"has-post-thumbnail","6":"product_cat-bebek-elbiseleri","7":"product_cat-cocuklar","8":"product_cat-yenidogan-0-12-ay","9":"product_tag-baby-girl-dress","10":"product_tag-beige-dress","11":"product_tag-elegant-baby-clothing","12":"product_tag-floral-applique","13":"product_tag-tutu-dress","14":"pa_brand-lcw-baby","15":"pa_color-bej","16":"pa_size-12-18-ay","17":"pa_size-18-24-ay","18":"pa_size-2-3-yas","19":"pa_size-3-4-yas","20":"pa_size-3-6-ay","21":"pa_size-6-9-ay","22":"pa_size-9-12-ay","24":"first","25":"instock","26":"sale","27":"shipping-taxable","28":"purchasable","29":"product-type-variable"},"_links":{"self":[{"href":"https:\/\/mod.wisdar.net\/tr\/wp-json\/wp\/v2\/product\/136805","targetHints":{"allow":["GET"]}}],"collection":[{"href":"https:\/\/mod.wisdar.net\/tr\/wp-json\/wp\/v2\/product"}],"about":[{"href":"https:\/\/mod.wisdar.net\/tr\/wp-json\/wp\/v2\/types\/product"}],"replies":[{"embeddable":true,"href":"https:\/\/mod.wisdar.net\/tr\/wp-json\/wp\/v2\/comments?post=136805"}],"wp:featuredmedia":[{"embeddable":true,"href":"https:\/\/mod.wisdar.net\/tr\/wp-json\/wp\/v2\/media\/136802"}],"wp:attachment":[{"href":"https:\/\/mod.wisdar.net\/tr\/wp-json\/wp\/v2\/media?parent=136805"}],"wp:term":[{"taxonomy":"product_brand","embeddable":true,"href":"https:\/\/mod.wisdar.net\/tr\/wp-json\/wp\/v2\/product_brand?post=136805"},{"taxonomy":"product_cat","embeddable":true,"href":"https:\/\/mod.wisdar.net\/tr\/wp-json\/wp\/v2\/product_cat?post=136805"},{"taxonomy":"product_tag","embeddable":true,"href":"https:\/\/mod.wisdar.net\/tr\/wp-json\/wp\/v2\/product_tag?post=136805"}],"curies":[{"name":"wp","href":"https:\/\/api.w.org\/{rel}","templated":true}]}}