{"id":136816,"date":"2026-02-20T10:45:11","date_gmt":"2026-02-20T10:45:11","guid":{"rendered":"https:\/\/modesthanim.com\/product\/ekru-cicekli-firfirli-kiz-bebek-tutu-elbise\/"},"modified":"2026-04-11T05:43:03","modified_gmt":"2026-04-11T05:43:03","slug":"ekru-cicekli-firfirli-kiz-bebek-tutu-elbise","status":"publish","type":"product","link":"https:\/\/mod.wisdar.net\/tr\/urun\/ekru-cicekli-firfirli-kiz-bebek-tutu-elbise\/","title":{"rendered":"Ekru \u00c7i\u00e7ekli F\u0131rf\u0131rl\u0131 K\u0131z Bebek T\u00fct\u00fc Elbise"},"content":{"rendered":"<p>LCW baby Ekru \u00c7i\u00e7ekli F\u0131rf\u0131rl\u0131 K\u0131z Bebek T\u00fct\u00fc Elbise size \u00f6zel indirim, taksit ve kap\u0131da \u00f6deme avantajlar\u0131yla LCW&#8217;de! Hemen online al\u0131\u015fveri\u015f yap, \u00fcr\u00fcn kap\u0131na gelsin! \u2013 S6KT47Z1-LRB<\/p>\n<p>\u2014 Technical Details \u2014<br \/>\nSat\u0131c\u0131: LC Waikiki<br \/>\nMarka: LCW baby<br \/>\n\u00dcr\u00fcn Tipi: Elbise<br \/>\nCinsiyet: K\u0131z Bebek<br \/>\nKal\u0131p: Standart &amp; Regular<br \/>\nKuma\u015f: Ka\u015fkorse<br \/>\nSiluet: T\u00fct\u00fc<br \/>\nMalzeme: Y\u00fcksek Pamuk \u0130\u00e7erir<br \/>\nYaka: Bisiklet Yaka<br \/>\nKol Boyu: Kolsuz<br \/>\nKoleksiyon: Yenido\u011fan<br \/>\nDesen: \u00c7i\u00e7ekli<\/p>\n","protected":false},"excerpt":{"rendered":"<p>LCW baby Ekru \u00c7i\u00e7ekli F\u0131rf\u0131rl\u0131 K\u0131z Bebek T\u00fct\u00fc Elbise size \u00f6zel indirim, taksit ve kap\u0131da \u00f6deme avantajlar\u0131yla LCW&#8217;de! Hemen online al\u0131\u015fveri\u015f yap, \u00fcr\u00fcn kap\u0131na gelsin! \u2013 S6KT47Z1-LRB \u2014 Technical Details \u2014 Sat\u0131c\u0131: LC Waikiki Marka: LCW baby \u00dcr\u00fcn Tipi: Elbise Cinsiyet: K\u0131z Bebek Kal\u0131p: Standart &amp; Regular Kuma\u015f: Ka\u015fkorse Siluet: T\u00fct\u00fc Malzeme: Y\u00fcksek Pamuk \u0130\u00e7erir [&hellip;]<\/p>\n","protected":false},"featured_media":136813,"comment_status":"open","ping_status":"closed","template":"","meta":[],"product_brand":[],"product_cat":[8694,8697,8700],"product_tag":[7508,6757,8173],"class_list":{"0":"post-136816","1":"product","2":"type-product","3":"status-publish","4":"has-post-thumbnail","6":"product_cat-cocuklar","7":"product_cat-yenidogan-0-12-ay","8":"product_cat-yenidogan-giyim","9":"product_tag-cicekli","10":"product_tag-ekru","11":"product_tag-kasmir","12":"pa_brand-lcw-baby","13":"pa_color-ekru","14":"pa_size-1-3-ay","15":"pa_size-12-18-ay","16":"pa_size-18-24-ay","17":"pa_size-2-3-yas","18":"pa_size-3-4-yas","19":"pa_size-3-6-ay","20":"pa_size-6-9-ay","21":"pa_size-9-12-ay","23":"first","24":"instock","25":"sale","26":"shipping-taxable","27":"purchasable","28":"product-type-variable"},"_links":{"self":[{"href":"https:\/\/mod.wisdar.net\/tr\/wp-json\/wp\/v2\/product\/136816","targetHints":{"allow":["GET"]}}],"collection":[{"href":"https:\/\/mod.wisdar.net\/tr\/wp-json\/wp\/v2\/product"}],"about":[{"href":"https:\/\/mod.wisdar.net\/tr\/wp-json\/wp\/v2\/types\/product"}],"replies":[{"embeddable":true,"href":"https:\/\/mod.wisdar.net\/tr\/wp-json\/wp\/v2\/comments?post=136816"}],"wp:featuredmedia":[{"embeddable":true,"href":"https:\/\/mod.wisdar.net\/tr\/wp-json\/wp\/v2\/media\/136813"}],"wp:attachment":[{"href":"https:\/\/mod.wisdar.net\/tr\/wp-json\/wp\/v2\/media?parent=136816"}],"wp:term":[{"taxonomy":"product_brand","embeddable":true,"href":"https:\/\/mod.wisdar.net\/tr\/wp-json\/wp\/v2\/product_brand?post=136816"},{"taxonomy":"product_cat","embeddable":true,"href":"https:\/\/mod.wisdar.net\/tr\/wp-json\/wp\/v2\/product_cat?post=136816"},{"taxonomy":"product_tag","embeddable":true,"href":"https:\/\/mod.wisdar.net\/tr\/wp-json\/wp\/v2\/product_tag?post=136816"}],"curies":[{"name":"wp","href":"https:\/\/api.w.org\/{rel}","templated":true}]}}