{"id":137099,"date":"2026-02-20T10:49:44","date_gmt":"2026-02-20T10:49:44","guid":{"rendered":"https:\/\/modesthanim.com\/product\/mavi-v-yaka-cizgili-erkek-bebek-hastane-seti\/"},"modified":"2026-03-20T10:31:46","modified_gmt":"2026-03-20T10:31:46","slug":"mavi-v-yaka-cizgili-erkek-bebek-hastane-seti","status":"publish","type":"product","link":"https:\/\/mod.wisdar.net\/tr\/urun\/mavi-v-yaka-cizgili-erkek-bebek-hastane-seti\/","title":{"rendered":"Mavi V Yaka \u00c7izgili Erkek Bebek Hastane Seti"},"content":{"rendered":"<p>LCW baby Mavi V Yaka \u00c7izgili Erkek Bebek Hastane Seti size \u00f6zel indirim, taksit ve kap\u0131da \u00f6deme avantajlar\u0131yla LCW&#8217;de! Hemen online al\u0131\u015fveri\u015f yap, \u00fcr\u00fcn kap\u0131na gelsin! \u2013 S52176Z1-LQQ<\/p>\n<p>\u2014 Technical Details \u2014<br \/>\nMen\u015fei: Turk\u0131ye<br \/>\nSat\u0131c\u0131: LC Waikiki<br \/>\nMarka: LCW baby<br \/>\n\u00dcr\u00fcn Tipi: Hastane Seti<br \/>\nCinsiyet: Erkek Bebek<br \/>\nKal\u0131p: Standart &amp; Regular<br \/>\nKuma\u015f: Ka\u015fkorse<br \/>\nDesen: Bask\u0131l\u0131<br \/>\nYaka: V Yaka<br \/>\nKal\u0131nl\u0131k: \u0130nce<br \/>\nKol Boyu: Uzun Kollu<br \/>\nPatik \u00d6zelli\u011fi: Patikli<br \/>\n\u00dcr\u00fcn Aksesuar\u0131: Bere<br \/>\nMalzeme: Y\u00fcksek Pamuk \u0130\u00e7erir<br \/>\nKoleksiyon: Yenido\u011fan<br \/>\nPar\u00e7a Say\u0131s\u0131: 2 Par\u00e7a<\/p>\n","protected":false},"excerpt":{"rendered":"<p>LCW baby Mavi V Yaka \u00c7izgili Erkek Bebek Hastane Seti size \u00f6zel indirim, taksit ve kap\u0131da \u00f6deme avantajlar\u0131yla LCW&#8217;de! Hemen online al\u0131\u015fveri\u015f yap, \u00fcr\u00fcn kap\u0131na gelsin! \u2013 S52176Z1-LQQ \u2014 Technical Details \u2014 Men\u015fei: Turk\u0131ye Sat\u0131c\u0131: LC Waikiki Marka: LCW baby \u00dcr\u00fcn Tipi: Hastane Seti Cinsiyet: Erkek Bebek Kal\u0131p: Standart &amp; Regular Kuma\u015f: Ka\u015fkorse Desen: Bask\u0131l\u0131 [&hellip;]<\/p>\n","protected":false},"featured_media":137095,"comment_status":"open","ping_status":"closed","template":"","meta":[],"product_brand":[],"product_cat":[8694,8706,8697],"product_tag":[7912,7488],"class_list":{"0":"post-137099","1":"product","2":"type-product","3":"status-publish","4":"has-post-thumbnail","6":"product_cat-cocuklar","7":"product_cat-tulum","8":"product_cat-yenidogan-0-12-ay","9":"product_tag-cizgili","10":"product_tag-pamuk","11":"pa_brand-lcw-baby","12":"pa_size-0-1-ay","13":"pa_size-1-3-ay","14":"pa_size-3-6-ay","15":"pa_size-6-9-ay","17":"first","18":"outofstock","19":"shipping-taxable","20":"product-type-variable"},"_links":{"self":[{"href":"https:\/\/mod.wisdar.net\/tr\/wp-json\/wp\/v2\/product\/137099","targetHints":{"allow":["GET"]}}],"collection":[{"href":"https:\/\/mod.wisdar.net\/tr\/wp-json\/wp\/v2\/product"}],"about":[{"href":"https:\/\/mod.wisdar.net\/tr\/wp-json\/wp\/v2\/types\/product"}],"replies":[{"embeddable":true,"href":"https:\/\/mod.wisdar.net\/tr\/wp-json\/wp\/v2\/comments?post=137099"}],"wp:featuredmedia":[{"embeddable":true,"href":"https:\/\/mod.wisdar.net\/tr\/wp-json\/wp\/v2\/media\/137095"}],"wp:attachment":[{"href":"https:\/\/mod.wisdar.net\/tr\/wp-json\/wp\/v2\/media?parent=137099"}],"wp:term":[{"taxonomy":"product_brand","embeddable":true,"href":"https:\/\/mod.wisdar.net\/tr\/wp-json\/wp\/v2\/product_brand?post=137099"},{"taxonomy":"product_cat","embeddable":true,"href":"https:\/\/mod.wisdar.net\/tr\/wp-json\/wp\/v2\/product_cat?post=137099"},{"taxonomy":"product_tag","embeddable":true,"href":"https:\/\/mod.wisdar.net\/tr\/wp-json\/wp\/v2\/product_tag?post=137099"}],"curies":[{"name":"wp","href":"https:\/\/api.w.org\/{rel}","templated":true}]}}