{"id":13762,"date":"2025-11-01T21:51:16","date_gmt":"2025-11-01T21:51:16","guid":{"rendered":"https:\/\/modesthanim.com\/product\/esarp-yaka-bros-detayli-tunik-pudra\/"},"modified":"2026-04-03T16:55:01","modified_gmt":"2026-04-03T16:55:01","slug":"esarp-yaka-bros-detayli-tunik-pudra","status":"publish","type":"product","link":"https:\/\/mod.wisdar.net\/tr\/urun\/esarp-yaka-bros-detayli-tunik-pudra\/","title":{"rendered":"E\u015farp Yaka Bro\u015f Detayl\u0131 Tunik \u2013 Pudra"},"content":{"rendered":"<p>E\u015farp yakas\u0131 ve bro\u015f detaylar\u0131 ile \u015f\u0131k bir g\u00f6r\u00fcn\u00fcm sunan bu tunik, zarafeti ve sofistike bir duru\u015fu bir araya getirir. Modern kesimi ve \u015f\u0131k aksesuarlar\u0131 ile g\u00fcnl\u00fck kombinlerinize zarif bir dokunu\u015f katar.<\/p>\n<p>\u2014 Teknik Detaylar \u2014<br \/>\nDesen: D\u00fcz<br \/>\nYaka Tipi: E\u015farp Yaka<br \/>\nKol Tipi: Uzun Kol<br \/>\nCep: Cepsiz<br \/>\nAstar: Astar yok<br \/>\n\u00dcr\u00fcn Uzunlu\u011fu: 97 cm<br \/>\nKal\u0131p T\u00fcr\u00fc: Normal Kal\u0131p<br \/>\nModelin Giydi\u011fi Beden: 38<br \/>\nModel \u00d6l\u00e7\u00fcleri: {&#8216;Boy&#8217;: &#8216;176 cm&#8217;, &#8216;G\u00f6\u011f\u00fcs&#8217;: &#8217;75 cm&#8217;, &#8216;Bel&#8217;: &#8217;59 cm&#8217;, &#8216;Kal\u00e7a&#8217;: &#8217;87 cm&#8217;}<br \/>\nBeden Tablosu: {&#8217;38&#8217;: {&#8216;G\u00d6\u011e\u00dcS&#8217;: 100, &#8216;BEL&#8217;: 106, &#8216;BASIN&#8217;: 114, &#8216;BOY&#8217;: 97, &#8216;KOL UZUNLU\u011eU&#8217;: 73}, &#8217;40&#8217;: {&#8216;G\u00d6\u011e\u00dcS&#8217;: 104, &#8216;BEL&#8217;: 110, &#8216;BASIN&#8217;: 118, &#8216;BOY&#8217;: 97, &#8216;KOL UZUNLU\u011eU&#8217;: 73}, &#8217;42&#8217;: {&#8216;G\u00d6\u011e\u00dcS&#8217;: 108, &#8216;BEL&#8217;: 114, &#8216;BASIN&#8217;: 122, &#8216;BOY&#8217;: 97, &#8216;KOL UZUNLU\u011eU&#8217;: 74}, &#8217;44&#8217;: {&#8216;G\u00d6\u011e\u00dcS&#8217;: 112, &#8216;BEL&#8217;: 118, &#8216;BASIN&#8217;: 126, &#8216;BOY&#8217;: 97, &#8216;KOL UZUNLU\u011eU&#8217;: 74}, &#8217;46&#8217;: {&#8216;G\u00d6\u011e\u00dcS&#8217;: 118, &#8216;BEL&#8217;: 124, &#8216;BASIN&#8217;: 132, &#8216;BOY&#8217;: 97, &#8216;KOL UZUNLU\u011eU&#8217;: 75}, &#8217;48&#8217;: {&#8216;G\u00d6\u011e\u00dcS&#8217;: 122, &#8216;BEL&#8217;: 128, &#8216;BASIN&#8217;: 136, &#8216;BOY&#8217;: 97, &#8216;KOL UZUNLU\u011eU&#8217;: 75}}<\/p>\n","protected":false},"excerpt":{"rendered":"<p>E\u015farp yakas\u0131 ve bro\u015f detaylar\u0131 ile \u015f\u0131k bir g\u00f6r\u00fcn\u00fcm sunan bu tunik, zarafeti ve sofistike bir duru\u015fu bir araya getirir. Modern kesimi ve \u015f\u0131k aksesuarlar\u0131 ile g\u00fcnl\u00fck kombinlerinize zarif bir dokunu\u015f katar. \u2014 Teknik Detaylar \u2014 Desen: D\u00fcz Yaka Tipi: E\u015farp Yaka Kol Tipi: Uzun Kol Cep: Cepsiz Astar: Astar yok \u00dcr\u00fcn Uzunlu\u011fu: 97 cm [&hellip;]<\/p>\n","protected":false},"featured_media":0,"comment_status":"open","ping_status":"closed","template":"","meta":[],"product_brand":[],"product_cat":[1909],"product_tag":[],"class_list":{"0":"post-13762","1":"product","2":"type-product","3":"status-publish","5":"product_cat-bluzlar-ve-gomlekler","6":"pa_brand-tugba","7":"pa_color-powder","8":"pa_size-4706","9":"pa_size-4711","10":"pa_size-4713","11":"pa_size-4751","12":"pa_size-4749","13":"pa_size-4747","15":"first","16":"instock","17":"sale","18":"shipping-taxable","19":"purchasable","20":"product-type-variable"},"_links":{"self":[{"href":"https:\/\/mod.wisdar.net\/tr\/wp-json\/wp\/v2\/product\/13762","targetHints":{"allow":["GET"]}}],"collection":[{"href":"https:\/\/mod.wisdar.net\/tr\/wp-json\/wp\/v2\/product"}],"about":[{"href":"https:\/\/mod.wisdar.net\/tr\/wp-json\/wp\/v2\/types\/product"}],"replies":[{"embeddable":true,"href":"https:\/\/mod.wisdar.net\/tr\/wp-json\/wp\/v2\/comments?post=13762"}],"wp:attachment":[{"href":"https:\/\/mod.wisdar.net\/tr\/wp-json\/wp\/v2\/media?parent=13762"}],"wp:term":[{"taxonomy":"product_brand","embeddable":true,"href":"https:\/\/mod.wisdar.net\/tr\/wp-json\/wp\/v2\/product_brand?post=13762"},{"taxonomy":"product_cat","embeddable":true,"href":"https:\/\/mod.wisdar.net\/tr\/wp-json\/wp\/v2\/product_cat?post=13762"},{"taxonomy":"product_tag","embeddable":true,"href":"https:\/\/mod.wisdar.net\/tr\/wp-json\/wp\/v2\/product_tag?post=13762"}],"curies":[{"name":"wp","href":"https:\/\/api.w.org\/{rel}","templated":true}]}}