{"id":137627,"date":"2026-02-20T10:56:52","date_gmt":"2026-02-20T10:56:52","guid":{"rendered":"https:\/\/modesthanim.com\/product\/ekru-baskili-premature-erkek-bebek-hastane-cikis-seti\/"},"modified":"2026-04-09T06:20:53","modified_gmt":"2026-04-09T06:20:53","slug":"ekru-baskili-premature-erkek-bebek-hastane-cikis-seti","status":"publish","type":"product","link":"https:\/\/mod.wisdar.net\/tr\/urun\/ekru-baskili-premature-erkek-bebek-hastane-cikis-seti\/","title":{"rendered":"Ekru Bask\u0131l\u0131 Premat\u00fcre Erkek Bebek Hastane \u00c7\u0131k\u0131\u015f Seti"},"content":{"rendered":"<p>LCW baby Ekru Bask\u0131l\u0131 Premat\u00fcre Erkek Bebek Hastane \u00c7\u0131k\u0131\u015f Seti size \u00f6zel indirim, taksit ve kap\u0131da \u00f6deme avantajlar\u0131yla LCW&#8217;de! Hemen online al\u0131\u015fveri\u015f yap, \u00fcr\u00fcn kap\u0131na gelsin! \u2013 S5IV25Z1-FDU<\/p>\n<p>\u2014 Technical Details \u2014<br \/>\nMen\u015fei: Turk\u0131ye<br \/>\nSat\u0131c\u0131: LC Waikiki<br \/>\nMarka: LCW baby<br \/>\n\u00dcr\u00fcn Tipi: Hastane Seti<br \/>\nCinsiyet: Erkek Bebek<br \/>\nKuma\u015f: \u0130nterlok<br \/>\nDesen: Bask\u0131l\u0131<br \/>\nYaka: Bisiklet Yaka<br \/>\nKol Boyu: Uzun Kollu<br \/>\nMalzeme: %100 Pamuk<br \/>\nKoleksiyon: Premat\u00fcre<br \/>\nPar\u00e7a Say\u0131s\u0131: 4 Par\u00e7a<\/p>\n","protected":false},"excerpt":{"rendered":"<p>LCW baby Ekru Bask\u0131l\u0131 Premat\u00fcre Erkek Bebek Hastane \u00c7\u0131k\u0131\u015f Seti size \u00f6zel indirim, taksit ve kap\u0131da \u00f6deme avantajlar\u0131yla LCW&#8217;de! Hemen online al\u0131\u015fveri\u015f yap, \u00fcr\u00fcn kap\u0131na gelsin! \u2013 S5IV25Z1-FDU \u2014 Technical Details \u2014 Men\u015fei: Turk\u0131ye Sat\u0131c\u0131: LC Waikiki Marka: LCW baby \u00dcr\u00fcn Tipi: Hastane Seti Cinsiyet: Erkek Bebek Kuma\u015f: \u0130nterlok Desen: Bask\u0131l\u0131 Yaka: Bisiklet Yaka Kol [&hellip;]<\/p>\n","protected":false},"featured_media":137621,"comment_status":"open","ping_status":"closed","template":"","meta":[],"product_brand":[],"product_cat":[8703,8694,8697],"product_tag":[4579,8022,8110,6768],"class_list":{"0":"post-137627","1":"product","2":"type-product","3":"status-publish","4":"has-post-thumbnail","6":"product_cat-bebek-setleri","7":"product_cat-cocuklar","8":"product_cat-yenidogan-0-12-ay","9":"product_tag-100-cotton","10":"product_tag-baskili-2","11":"product_tag-bisiklet-yaka-2","12":"product_tag-uzun-kol","13":"pa_brand-lcw-baby","14":"pa_color-ekru","15":"pa_size-15-2kg","16":"pa_size-2-25kg","18":"first","19":"instock","20":"sale","21":"shipping-taxable","22":"purchasable","23":"product-type-variable"},"_links":{"self":[{"href":"https:\/\/mod.wisdar.net\/tr\/wp-json\/wp\/v2\/product\/137627","targetHints":{"allow":["GET"]}}],"collection":[{"href":"https:\/\/mod.wisdar.net\/tr\/wp-json\/wp\/v2\/product"}],"about":[{"href":"https:\/\/mod.wisdar.net\/tr\/wp-json\/wp\/v2\/types\/product"}],"replies":[{"embeddable":true,"href":"https:\/\/mod.wisdar.net\/tr\/wp-json\/wp\/v2\/comments?post=137627"}],"wp:featuredmedia":[{"embeddable":true,"href":"https:\/\/mod.wisdar.net\/tr\/wp-json\/wp\/v2\/media\/137621"}],"wp:attachment":[{"href":"https:\/\/mod.wisdar.net\/tr\/wp-json\/wp\/v2\/media?parent=137627"}],"wp:term":[{"taxonomy":"product_brand","embeddable":true,"href":"https:\/\/mod.wisdar.net\/tr\/wp-json\/wp\/v2\/product_brand?post=137627"},{"taxonomy":"product_cat","embeddable":true,"href":"https:\/\/mod.wisdar.net\/tr\/wp-json\/wp\/v2\/product_cat?post=137627"},{"taxonomy":"product_tag","embeddable":true,"href":"https:\/\/mod.wisdar.net\/tr\/wp-json\/wp\/v2\/product_tag?post=137627"}],"curies":[{"name":"wp","href":"https:\/\/api.w.org\/{rel}","templated":true}]}}