{"id":137662,"date":"2026-02-20T10:57:39","date_gmt":"2026-02-20T10:57:39","guid":{"rendered":"https:\/\/modesthanim.com\/product\/armine-basic-ceketli-takim-yag-yesili\/"},"modified":"2026-03-03T10:23:04","modified_gmt":"2026-03-03T10:23:04","slug":"armine-basic-ceketli-takim-yag-yesili","status":"publish","type":"product","link":"https:\/\/mod.wisdar.net\/tr\/urun\/armine-basic-ceketli-takim-yag-yesili\/","title":{"rendered":"Armine Basic Ceketli Tak\u0131m Ya\u011f Ye\u015fili"},"content":{"rendered":"<p>Sade tasar\u0131m\u0131 ve dengeli formuyla \u00f6ne \u00e7\u0131kan bu tak\u0131m, modern \u015fehir stiline zahmetsiz bir uyum sa\u011flar. Basic ceket formu net ve temiz bir g\u00f6r\u00fcn\u00fcm sunarken, ak\u0131c\u0131 etek kesimi silueti yumu\u015fak bir \u015fekilde tamamlar. G\u00fcnl\u00fck kombinlerden \u00f6zenli \u015fehir stillerine kadar geni\u015f bir kullan\u0131m alan\u0131 sunan, zamans\u0131z ve rafine bir tak\u0131m.<\/p>\n<p>\u00dcR\u00dcN BEDEN\u0130: 38<\/p>\n<p>MANKEN \u00d6L\u00c7\u00dcS\u00dc<\/p>\n<p>BOY: 175cm<br \/>\nG\u00d6\u011e\u00dcS: 81cm<br \/>\nBEL: 62cm<br \/>\nBASEN: 91cm<\/p>\n","protected":false},"excerpt":{"rendered":"<p>Sade tasar\u0131m\u0131 ve dengeli formuyla \u00f6ne \u00e7\u0131kan bu tak\u0131m, modern \u015fehir stiline zahmetsiz bir uyum sa\u011flar. Basic ceket formu net ve temiz bir g\u00f6r\u00fcn\u00fcm sunarken, ak\u0131c\u0131 etek kesimi silueti yumu\u015fak bir \u015fekilde tamamlar. G\u00fcnl\u00fck kombinlerden \u00f6zenli \u015fehir stillerine kadar geni\u015f bir kullan\u0131m alan\u0131 sunan, zamans\u0131z ve rafine bir tak\u0131m. \u00dcR\u00dcN BEDEN\u0130: 38 MANKEN \u00d6L\u00c7\u00dcS\u00dc BOY: [&hellip;]<\/p>\n","protected":false},"featured_media":137656,"comment_status":"open","ping_status":"closed","template":"","meta":[],"product_brand":[],"product_cat":[1900],"product_tag":[4886,8377,5013,6825],"class_list":{"0":"post-137662","1":"product","2":"type-product","3":"status-publish","4":"has-post-thumbnail","6":"product_cat-koordinatlar-setler","7":"product_tag-basic","8":"product_tag-ceket-takimi","9":"product_tag-modern","10":"product_tag-sehir-stili","11":"pa_color-yag-yesili","12":"pa_size-4706","13":"pa_size-4711","14":"pa_size-4713","15":"pa_size-4751","16":"pa_size-4749","18":"first","19":"instock","20":"sale","21":"shipping-taxable","22":"purchasable","23":"product-type-variable"},"_links":{"self":[{"href":"https:\/\/mod.wisdar.net\/tr\/wp-json\/wp\/v2\/product\/137662","targetHints":{"allow":["GET"]}}],"collection":[{"href":"https:\/\/mod.wisdar.net\/tr\/wp-json\/wp\/v2\/product"}],"about":[{"href":"https:\/\/mod.wisdar.net\/tr\/wp-json\/wp\/v2\/types\/product"}],"replies":[{"embeddable":true,"href":"https:\/\/mod.wisdar.net\/tr\/wp-json\/wp\/v2\/comments?post=137662"}],"wp:featuredmedia":[{"embeddable":true,"href":"https:\/\/mod.wisdar.net\/tr\/wp-json\/wp\/v2\/media\/137656"}],"wp:attachment":[{"href":"https:\/\/mod.wisdar.net\/tr\/wp-json\/wp\/v2\/media?parent=137662"}],"wp:term":[{"taxonomy":"product_brand","embeddable":true,"href":"https:\/\/mod.wisdar.net\/tr\/wp-json\/wp\/v2\/product_brand?post=137662"},{"taxonomy":"product_cat","embeddable":true,"href":"https:\/\/mod.wisdar.net\/tr\/wp-json\/wp\/v2\/product_cat?post=137662"},{"taxonomy":"product_tag","embeddable":true,"href":"https:\/\/mod.wisdar.net\/tr\/wp-json\/wp\/v2\/product_tag?post=137662"}],"curies":[{"name":"wp","href":"https:\/\/api.w.org\/{rel}","templated":true}]}}