{"id":137759,"date":"2026-02-20T10:59:41","date_gmt":"2026-02-20T10:59:41","guid":{"rendered":"https:\/\/modesthanim.com\/product\/armine-ribana-detayli-takim-siyah\/"},"modified":"2026-04-15T22:18:38","modified_gmt":"2026-04-15T22:18:38","slug":"armine-ribana-detayli-takim-siyah","status":"publish","type":"product","link":"https:\/\/mod.wisdar.net\/tr\/urun\/armine-ribana-detayli-takim-siyah\/","title":{"rendered":"Armine Ribana Detayl\u0131 Tak\u0131m Siyah"},"content":{"rendered":"<p>Yumu\u015fak modal dokusu ve ribana detaylar\u0131yla konforu rafine bir \u00e7izgide sunar. Ak\u0131c\u0131 formu g\u00fcn boyu rahatl\u0131k sa\u011flarken, fermuarl\u0131 \u00fcst tasar\u0131m\u0131 ve kontrast \u015ferit detaylar\u0131 tak\u0131ma modern bir dinamizm kazand\u0131r\u0131r. Dengeli kal\u0131b\u0131 sayesinde zahmetsiz bir \u015f\u0131kl\u0131k sunan bu tak\u0131m, \u015fehir temposunda stilinden \u00f6d\u00fcn vermek istemeyenler i\u00e7in zamans\u0131z bir tercih.<\/p>\n<p>\u00dcR\u00dcN BEDEN\u0130: 38<\/p>\n<p>MANKEN \u00d6L\u00c7\u00dcS\u00dc<\/p>\n<p>BOY: 175cm<br \/>\nG\u00d6\u011e\u00dcS: 81cm<br \/>\nBEL: 62cm<br \/>\nBASEN: 91cm<\/p>\n","protected":false},"excerpt":{"rendered":"<p>Yumu\u015fak modal dokusu ve ribana detaylar\u0131yla konforu rafine bir \u00e7izgide sunar. Ak\u0131c\u0131 formu g\u00fcn boyu rahatl\u0131k sa\u011flarken, fermuarl\u0131 \u00fcst tasar\u0131m\u0131 ve kontrast \u015ferit detaylar\u0131 tak\u0131ma modern bir dinamizm kazand\u0131r\u0131r. Dengeli kal\u0131b\u0131 sayesinde zahmetsiz bir \u015f\u0131kl\u0131k sunan bu tak\u0131m, \u015fehir temposunda stilinden \u00f6d\u00fcn vermek istemeyenler i\u00e7in zamans\u0131z bir tercih. \u00dcR\u00dcN BEDEN\u0130: 38 MANKEN \u00d6L\u00c7\u00dcS\u00dc BOY: 175cm [&hellip;]<\/p>\n","protected":false},"featured_media":137753,"comment_status":"open","ping_status":"closed","template":"","meta":[],"product_brand":[],"product_cat":[1900],"product_tag":[5013],"class_list":{"0":"post-137759","1":"product","2":"type-product","3":"status-publish","4":"has-post-thumbnail","6":"product_cat-koordinatlar-setler","7":"product_tag-modern","8":"pa_brand-armine","9":"pa_color-siyah","10":"pa_size-4706","11":"pa_size-4711","12":"pa_size-4713","13":"pa_size-4751","14":"pa_size-4749","16":"first","17":"instock","18":"sale","19":"shipping-taxable","20":"purchasable","21":"product-type-variable"},"_links":{"self":[{"href":"https:\/\/mod.wisdar.net\/tr\/wp-json\/wp\/v2\/product\/137759","targetHints":{"allow":["GET"]}}],"collection":[{"href":"https:\/\/mod.wisdar.net\/tr\/wp-json\/wp\/v2\/product"}],"about":[{"href":"https:\/\/mod.wisdar.net\/tr\/wp-json\/wp\/v2\/types\/product"}],"replies":[{"embeddable":true,"href":"https:\/\/mod.wisdar.net\/tr\/wp-json\/wp\/v2\/comments?post=137759"}],"wp:featuredmedia":[{"embeddable":true,"href":"https:\/\/mod.wisdar.net\/tr\/wp-json\/wp\/v2\/media\/137753"}],"wp:attachment":[{"href":"https:\/\/mod.wisdar.net\/tr\/wp-json\/wp\/v2\/media?parent=137759"}],"wp:term":[{"taxonomy":"product_brand","embeddable":true,"href":"https:\/\/mod.wisdar.net\/tr\/wp-json\/wp\/v2\/product_brand?post=137759"},{"taxonomy":"product_cat","embeddable":true,"href":"https:\/\/mod.wisdar.net\/tr\/wp-json\/wp\/v2\/product_cat?post=137759"},{"taxonomy":"product_tag","embeddable":true,"href":"https:\/\/mod.wisdar.net\/tr\/wp-json\/wp\/v2\/product_tag?post=137759"}],"curies":[{"name":"wp","href":"https:\/\/api.w.org\/{rel}","templated":true}]}}