{"id":137775,"date":"2026-02-20T10:59:48","date_gmt":"2026-02-20T10:59:48","guid":{"rendered":"https:\/\/modesthanim.com\/product\/beli-buzgulu-takim-lacivert\/"},"modified":"2026-03-03T10:23:44","modified_gmt":"2026-03-03T10:23:44","slug":"beli-buzgulu-takim-lacivert","status":"publish","type":"product","link":"https:\/\/mod.wisdar.net\/tr\/urun\/beli-buzgulu-takim-lacivert\/","title":{"rendered":"Beli B\u00fczg\u00fcl\u00fc Tak\u0131m Lacivert"},"content":{"rendered":"<p>Dengeli silueti ve yal\u0131n \u00e7izgileriyle modern \u015f\u0131kl\u0131\u011f\u0131 zarif bir sadelikle sunan bu tak\u0131m, konforu rafine bir duru\u015fla bulu\u015fturur. Beli b\u00fczg\u00fcl\u00fc \u00fcst formu v\u00fccut hatlar\u0131n\u0131 incelikle dengelerken, ak\u0131c\u0131 etek kesimi g\u00f6r\u00fcn\u00fcme do\u011fal bir zarafet kazand\u0131r\u0131r. G\u00fcnl\u00fck \u015fehir stilinden daha se\u00e7kin kombinlere kadar \u00e7ok y\u00f6nl\u00fc bir kullan\u0131m sunar.<\/p>\n<p>\u00dcR\u00dcN BEDEN\u0130: 38<\/p>\n<p>MANKEN \u00d6L\u00c7\u00dcS\u00dc<\/p>\n<p>BOY: 181cm<br \/>\nG\u00d6\u011e\u00dcS: 78cm<br \/>\nBEL: 59cm<br \/>\nBASEN: 89cm<\/p>\n","protected":false},"excerpt":{"rendered":"<p>Dengeli silueti ve yal\u0131n \u00e7izgileriyle modern \u015f\u0131kl\u0131\u011f\u0131 zarif bir sadelikle sunan bu tak\u0131m, konforu rafine bir duru\u015fla bulu\u015fturur. Beli b\u00fczg\u00fcl\u00fc \u00fcst formu v\u00fccut hatlar\u0131n\u0131 incelikle dengelerken, ak\u0131c\u0131 etek kesimi g\u00f6r\u00fcn\u00fcme do\u011fal bir zarafet kazand\u0131r\u0131r. G\u00fcnl\u00fck \u015fehir stilinden daha se\u00e7kin kombinlere kadar \u00e7ok y\u00f6nl\u00fc bir kullan\u0131m sunar. \u00dcR\u00dcN BEDEN\u0130: 38 MANKEN \u00d6L\u00c7\u00dcS\u00dc BOY: 181cm G\u00d6\u011e\u00dcS: 78cm [&hellip;]<\/p>\n","protected":false},"featured_media":137765,"comment_status":"open","ping_status":"closed","template":"","meta":[],"product_brand":[],"product_cat":[1900],"product_tag":[6845],"class_list":{"0":"post-137775","1":"product","2":"type-product","3":"status-publish","4":"has-post-thumbnail","6":"product_cat-koordinatlar-setler","7":"product_tag-modern-stil","8":"pa_color-lacivert","9":"pa_size-4706","10":"pa_size-4711","11":"pa_size-4713","12":"pa_size-4751","13":"pa_size-4749","15":"first","16":"instock","17":"sale","18":"shipping-taxable","19":"purchasable","20":"product-type-variable"},"_links":{"self":[{"href":"https:\/\/mod.wisdar.net\/tr\/wp-json\/wp\/v2\/product\/137775","targetHints":{"allow":["GET"]}}],"collection":[{"href":"https:\/\/mod.wisdar.net\/tr\/wp-json\/wp\/v2\/product"}],"about":[{"href":"https:\/\/mod.wisdar.net\/tr\/wp-json\/wp\/v2\/types\/product"}],"replies":[{"embeddable":true,"href":"https:\/\/mod.wisdar.net\/tr\/wp-json\/wp\/v2\/comments?post=137775"}],"wp:featuredmedia":[{"embeddable":true,"href":"https:\/\/mod.wisdar.net\/tr\/wp-json\/wp\/v2\/media\/137765"}],"wp:attachment":[{"href":"https:\/\/mod.wisdar.net\/tr\/wp-json\/wp\/v2\/media?parent=137775"}],"wp:term":[{"taxonomy":"product_brand","embeddable":true,"href":"https:\/\/mod.wisdar.net\/tr\/wp-json\/wp\/v2\/product_brand?post=137775"},{"taxonomy":"product_cat","embeddable":true,"href":"https:\/\/mod.wisdar.net\/tr\/wp-json\/wp\/v2\/product_cat?post=137775"},{"taxonomy":"product_tag","embeddable":true,"href":"https:\/\/mod.wisdar.net\/tr\/wp-json\/wp\/v2\/product_tag?post=137775"}],"curies":[{"name":"wp","href":"https:\/\/api.w.org\/{rel}","templated":true}]}}