{"id":137844,"date":"2026-02-20T11:02:37","date_gmt":"2026-02-20T11:02:37","guid":{"rendered":"https:\/\/modesthanim.com\/product\/modal-karisimli-orme-takim-siyah\/"},"modified":"2026-04-04T00:15:44","modified_gmt":"2026-04-04T00:15:44","slug":"modal-karisimli-orme-takim-siyah","status":"publish","type":"product","link":"https:\/\/mod.wisdar.net\/tr\/urun\/modal-karisimli-orme-takim-siyah\/","title":{"rendered":"Modal Kar\u0131\u015f\u0131ml\u0131 \u00d6rme Tak\u0131m Siyah"},"content":{"rendered":"<p>Modal kar\u0131\u015f\u0131ml\u0131 \u00f6rme tak\u0131m, yumu\u015fak dokusu ve ak\u0131c\u0131 formuyla g\u00fcn boyu konfor sunar. Fermuarl\u0131 \u00fcst par\u00e7a ve uyumlu etekten olu\u015fan tasar\u0131m\u0131yla sade ve modern bir g\u00f6r\u00fcn\u00fcm sa\u011flar. G\u00fcnl\u00fck ve \u015fehir stiline rahatl\u0131kla uyum sa\u011flayan \u015f\u0131k bir alternatiftir.<\/p>\n<p>\u00dcR\u00dcN BEDEN\u0130: 36<\/p>\n<p>MANKEN \u00d6L\u00c7\u00dcS\u00dc<\/p>\n<p>BOY: 175cm<br \/>\nG\u00d6\u011e\u00dcS: 83cm<br \/>\nBEL: 60cm<br \/>\nBASEN: 89cm<\/p>\n","protected":false},"excerpt":{"rendered":"<p>Modal kar\u0131\u015f\u0131ml\u0131 \u00f6rme tak\u0131m, yumu\u015fak dokusu ve ak\u0131c\u0131 formuyla g\u00fcn boyu konfor sunar. Fermuarl\u0131 \u00fcst par\u00e7a ve uyumlu etekten olu\u015fan tasar\u0131m\u0131yla sade ve modern bir g\u00f6r\u00fcn\u00fcm sa\u011flar. G\u00fcnl\u00fck ve \u015fehir stiline rahatl\u0131kla uyum sa\u011flayan \u015f\u0131k bir alternatiftir. \u00dcR\u00dcN BEDEN\u0130: 36 MANKEN \u00d6L\u00c7\u00dcS\u00dc BOY: 175cm G\u00d6\u011e\u00dcS: 83cm BEL: 60cm BASEN: 89cm<\/p>\n","protected":false},"featured_media":137838,"comment_status":"open","ping_status":"closed","template":"","meta":[],"product_brand":[],"product_cat":[1900],"product_tag":[8321,7376,6826,6751],"class_list":{"0":"post-137844","1":"product","2":"type-product","3":"status-publish","4":"has-post-thumbnail","6":"product_cat-koordinatlar-setler","7":"product_tag-gunluk-stil","8":"product_tag-modal","9":"product_tag-modern-moda","10":"product_tag-rahat","11":"pa_brand-armine","12":"pa_color-siyah","13":"pa_size-4701","14":"pa_size-4706","15":"pa_size-4711","16":"pa_size-4713","17":"pa_size-4751","19":"first","20":"instock","21":"sale","22":"shipping-taxable","23":"purchasable","24":"product-type-variable"},"_links":{"self":[{"href":"https:\/\/mod.wisdar.net\/tr\/wp-json\/wp\/v2\/product\/137844","targetHints":{"allow":["GET"]}}],"collection":[{"href":"https:\/\/mod.wisdar.net\/tr\/wp-json\/wp\/v2\/product"}],"about":[{"href":"https:\/\/mod.wisdar.net\/tr\/wp-json\/wp\/v2\/types\/product"}],"replies":[{"embeddable":true,"href":"https:\/\/mod.wisdar.net\/tr\/wp-json\/wp\/v2\/comments?post=137844"}],"wp:featuredmedia":[{"embeddable":true,"href":"https:\/\/mod.wisdar.net\/tr\/wp-json\/wp\/v2\/media\/137838"}],"wp:attachment":[{"href":"https:\/\/mod.wisdar.net\/tr\/wp-json\/wp\/v2\/media?parent=137844"}],"wp:term":[{"taxonomy":"product_brand","embeddable":true,"href":"https:\/\/mod.wisdar.net\/tr\/wp-json\/wp\/v2\/product_brand?post=137844"},{"taxonomy":"product_cat","embeddable":true,"href":"https:\/\/mod.wisdar.net\/tr\/wp-json\/wp\/v2\/product_cat?post=137844"},{"taxonomy":"product_tag","embeddable":true,"href":"https:\/\/mod.wisdar.net\/tr\/wp-json\/wp\/v2\/product_tag?post=137844"}],"curies":[{"name":"wp","href":"https:\/\/api.w.org\/{rel}","templated":true}]}}