{"id":137996,"date":"2026-02-20T11:10:41","date_gmt":"2026-02-20T11:10:41","guid":{"rendered":"https:\/\/modesthanim.com\/product\/kemer-detayli-pamuk-elbise-siyah\/"},"modified":"2026-04-13T02:21:31","modified_gmt":"2026-04-13T02:21:31","slug":"kemer-detayli-pamuk-elbise-siyah","status":"publish","type":"product","link":"https:\/\/mod.wisdar.net\/tr\/urun\/kemer-detayli-pamuk-elbise-siyah\/","title":{"rendered":"Kemer Detayl\u0131 Pamuk Elbise Siyah"},"content":{"rendered":"<p>Do\u011fal pamuk dokusuyla konfor sunan bu elbise, bel k\u0131sm\u0131ndaki kemer detay\u0131yla silueti zarif\u00e7e vurgular. Net kesimi ve d\u00fczenli formuyla premium bir duru\u015f sergileyen tasar\u0131m, hem g\u00fcnl\u00fck hem \u015f\u0131k kombinlerde zamans\u0131z bir stil olu\u015fturur.<\/p>\n<p>\u00dcR\u00dcN BEDEN\u0130: 36<\/p>\n<p>MANKEN \u00d6L\u00c7\u00dcS\u00dc<\/p>\n<p>BOY: 181cm<br \/>\nG\u00d6\u011e\u00dcS: 78cm<br \/>\nBEL: 59cm<br \/>\nBASEN: 89cm<\/p>\n","protected":false},"excerpt":{"rendered":"<p>Do\u011fal pamuk dokusuyla konfor sunan bu elbise, bel k\u0131sm\u0131ndaki kemer detay\u0131yla silueti zarif\u00e7e vurgular. Net kesimi ve d\u00fczenli formuyla premium bir duru\u015f sergileyen tasar\u0131m, hem g\u00fcnl\u00fck hem \u015f\u0131k kombinlerde zamans\u0131z bir stil olu\u015fturur. \u00dcR\u00dcN BEDEN\u0130: 36 MANKEN \u00d6L\u00c7\u00dcS\u00dc BOY: 181cm G\u00d6\u011e\u00dcS: 78cm BEL: 59cm BASEN: 89cm<\/p>\n","protected":false},"featured_media":137989,"comment_status":"open","ping_status":"closed","template":"","meta":[],"product_brand":[],"product_cat":[6249,1933],"product_tag":[6770,7547,8299,6937],"class_list":{"0":"post-137996","1":"product","2":"type-product","3":"status-publish","4":"has-post-thumbnail","6":"product_cat-elbiseler","7":"product_cat-gunluk-ve-gunduz-elbiseleri","8":"product_tag-gunluk-giyim","9":"product_tag-kadin-giyim","10":"product_tag-kemerli-elbise","11":"product_tag-siyah-elbise","12":"pa_brand-armine","13":"pa_color-siyah","14":"pa_size-4701","15":"pa_size-4706","16":"pa_size-4711","17":"pa_size-4713","19":"first","20":"instock","21":"sale","22":"shipping-taxable","23":"purchasable","24":"product-type-variable"},"_links":{"self":[{"href":"https:\/\/mod.wisdar.net\/tr\/wp-json\/wp\/v2\/product\/137996","targetHints":{"allow":["GET"]}}],"collection":[{"href":"https:\/\/mod.wisdar.net\/tr\/wp-json\/wp\/v2\/product"}],"about":[{"href":"https:\/\/mod.wisdar.net\/tr\/wp-json\/wp\/v2\/types\/product"}],"replies":[{"embeddable":true,"href":"https:\/\/mod.wisdar.net\/tr\/wp-json\/wp\/v2\/comments?post=137996"}],"wp:featuredmedia":[{"embeddable":true,"href":"https:\/\/mod.wisdar.net\/tr\/wp-json\/wp\/v2\/media\/137989"}],"wp:attachment":[{"href":"https:\/\/mod.wisdar.net\/tr\/wp-json\/wp\/v2\/media?parent=137996"}],"wp:term":[{"taxonomy":"product_brand","embeddable":true,"href":"https:\/\/mod.wisdar.net\/tr\/wp-json\/wp\/v2\/product_brand?post=137996"},{"taxonomy":"product_cat","embeddable":true,"href":"https:\/\/mod.wisdar.net\/tr\/wp-json\/wp\/v2\/product_cat?post=137996"},{"taxonomy":"product_tag","embeddable":true,"href":"https:\/\/mod.wisdar.net\/tr\/wp-json\/wp\/v2\/product_tag?post=137996"}],"curies":[{"name":"wp","href":"https:\/\/api.w.org\/{rel}","templated":true}]}}