{"id":138047,"date":"2026-02-20T11:11:47","date_gmt":"2026-02-20T11:11:47","guid":{"rendered":"https:\/\/modesthanim.com\/product\/jakarli-orme-elbise-murdum\/"},"modified":"2026-04-13T02:21:39","modified_gmt":"2026-04-13T02:21:39","slug":"jakarli-orme-elbise-murdum","status":"publish","type":"product","link":"https:\/\/mod.wisdar.net\/tr\/urun\/jakarli-orme-elbise-murdum\/","title":{"rendered":"Jakarl\u0131 \u00d6rme Elbise M\u00fcrd\u00fcm"},"content":{"rendered":"<p>Zarif jakarl\u0131 dokusu ve kusursuz \u00f6rme formuyla \u00f6ne \u00e7\u0131kan bu elbise, sade \u015f\u0131kl\u0131\u011f\u0131 sofistike bir duru\u015fla yorumlar. Ak\u0131c\u0131 silueti ve dengeli kesimiyle modern, zamans\u0131z ve premium bir stil sunar.<\/p>\n<p>\u00dcR\u00dcN BEDEN\u0130: 38<\/p>\n<p>MANKEN \u00d6L\u00c7\u00dcS\u00dc<\/p>\n<p>BOY: 181cm<br \/>\nG\u00d6\u011e\u00dcS: 78cm<br \/>\nBEL: 59cm<br \/>\nBASEN: 89cm<\/p>\n","protected":false},"excerpt":{"rendered":"<p>Zarif jakarl\u0131 dokusu ve kusursuz \u00f6rme formuyla \u00f6ne \u00e7\u0131kan bu elbise, sade \u015f\u0131kl\u0131\u011f\u0131 sofistike bir duru\u015fla yorumlar. Ak\u0131c\u0131 silueti ve dengeli kesimiyle modern, zamans\u0131z ve premium bir stil sunar. \u00dcR\u00dcN BEDEN\u0130: 38 MANKEN \u00d6L\u00c7\u00dcS\u00dc BOY: 181cm G\u00d6\u011e\u00dcS: 78cm BEL: 59cm BASEN: 89cm<\/p>\n","protected":false},"featured_media":138040,"comment_status":"open","ping_status":"closed","template":"","meta":[],"product_brand":[],"product_cat":[6249,1933],"product_tag":[5012,5013,8450],"class_list":{"0":"post-138047","1":"product","2":"type-product","3":"status-publish","4":"has-post-thumbnail","6":"product_cat-elbiseler","7":"product_cat-gunluk-ve-gunduz-elbiseleri","8":"product_tag-elegant","9":"product_tag-modern","10":"product_tag-premium","11":"pa_brand-armine","12":"pa_color-murdum","13":"pa_size-4706","14":"pa_size-4711","15":"pa_size-4713","16":"pa_size-4751","18":"first","19":"instock","20":"sale","21":"shipping-taxable","22":"purchasable","23":"product-type-variable"},"_links":{"self":[{"href":"https:\/\/mod.wisdar.net\/tr\/wp-json\/wp\/v2\/product\/138047","targetHints":{"allow":["GET"]}}],"collection":[{"href":"https:\/\/mod.wisdar.net\/tr\/wp-json\/wp\/v2\/product"}],"about":[{"href":"https:\/\/mod.wisdar.net\/tr\/wp-json\/wp\/v2\/types\/product"}],"replies":[{"embeddable":true,"href":"https:\/\/mod.wisdar.net\/tr\/wp-json\/wp\/v2\/comments?post=138047"}],"wp:featuredmedia":[{"embeddable":true,"href":"https:\/\/mod.wisdar.net\/tr\/wp-json\/wp\/v2\/media\/138040"}],"wp:attachment":[{"href":"https:\/\/mod.wisdar.net\/tr\/wp-json\/wp\/v2\/media?parent=138047"}],"wp:term":[{"taxonomy":"product_brand","embeddable":true,"href":"https:\/\/mod.wisdar.net\/tr\/wp-json\/wp\/v2\/product_brand?post=138047"},{"taxonomy":"product_cat","embeddable":true,"href":"https:\/\/mod.wisdar.net\/tr\/wp-json\/wp\/v2\/product_cat?post=138047"},{"taxonomy":"product_tag","embeddable":true,"href":"https:\/\/mod.wisdar.net\/tr\/wp-json\/wp\/v2\/product_tag?post=138047"}],"curies":[{"name":"wp","href":"https:\/\/api.w.org\/{rel}","templated":true}]}}