{"id":138107,"date":"2026-02-20T11:13:04","date_gmt":"2026-02-20T11:13:04","guid":{"rendered":"https:\/\/modesthanim.com\/product\/sedefli-modal-elbise-aci-kahve\/"},"modified":"2026-03-30T01:52:20","modified_gmt":"2026-03-30T01:52:20","slug":"sedefli-modal-elbise-aci-kahve","status":"publish","type":"product","link":"https:\/\/mod.wisdar.net\/tr\/urun\/sedefli-modal-elbise-aci-kahve\/","title":{"rendered":"Sedefli Modal Elbise Ac\u0131 Kahve"},"content":{"rendered":"<p>Ak\u0131c\u0131 kupra dokusu ve sedef d\u00fc\u011fme detaylar\u0131yla zarafeti modern bir \u00e7izgide bulu\u015fturan bu elbise, yal\u0131n \u015f\u0131kl\u0131\u011f\u0131n sofistike bir yorumunu sunar. Belden ba\u011flamal\u0131 formu silueti incelikle vurgularken, d\u00f6k\u00fcml\u00fc yap\u0131s\u0131 g\u00fcn boyu konfor ve estetik bir denge sa\u011flar. \u015eehir stilinden \u00f6zel davet kombinlerine uzanan se\u00e7kin bir duru\u015f arayanlar i\u00e7in zamans\u0131z bir tasar\u0131md\u0131r.<\/p>\n<p>\u00dcR\u00dcN BEDEN\u0130: 38<\/p>\n<p>MANKEN \u00d6L\u00c7\u00dcS\u00dc<\/p>\n<p>BOY: 181cm<br \/>\nG\u00d6\u011e\u00dcS: 78cm<br \/>\nBEL: 59cm<br \/>\nBASEN: 89cm<\/p>\n","protected":false},"excerpt":{"rendered":"<p>Ak\u0131c\u0131 kupra dokusu ve sedef d\u00fc\u011fme detaylar\u0131yla zarafeti modern bir \u00e7izgide bulu\u015fturan bu elbise, yal\u0131n \u015f\u0131kl\u0131\u011f\u0131n sofistike bir yorumunu sunar. Belden ba\u011flamal\u0131 formu silueti incelikle vurgularken, d\u00f6k\u00fcml\u00fc yap\u0131s\u0131 g\u00fcn boyu konfor ve estetik bir denge sa\u011flar. \u015eehir stilinden \u00f6zel davet kombinlerine uzanan se\u00e7kin bir duru\u015f arayanlar i\u00e7in zamans\u0131z bir tasar\u0131md\u0131r. \u00dcR\u00dcN BEDEN\u0130: 38 MANKEN \u00d6L\u00c7\u00dcS\u00dc [&hellip;]<\/p>\n","protected":false},"featured_media":138095,"comment_status":"open","ping_status":"closed","template":"","meta":[],"product_brand":[],"product_cat":[6249,1933],"product_tag":[],"class_list":{"0":"post-138107","1":"product","2":"type-product","3":"status-publish","4":"has-post-thumbnail","6":"product_cat-elbiseler","7":"product_cat-gunluk-ve-gunduz-elbiseleri","8":"pa_brand-armine","9":"pa_color-aci-kahve","10":"pa_size-4706","11":"pa_size-4711","12":"pa_size-4713","13":"pa_size-4751","15":"first","16":"outofstock","17":"shipping-taxable","18":"product-type-variable"},"_links":{"self":[{"href":"https:\/\/mod.wisdar.net\/tr\/wp-json\/wp\/v2\/product\/138107","targetHints":{"allow":["GET"]}}],"collection":[{"href":"https:\/\/mod.wisdar.net\/tr\/wp-json\/wp\/v2\/product"}],"about":[{"href":"https:\/\/mod.wisdar.net\/tr\/wp-json\/wp\/v2\/types\/product"}],"replies":[{"embeddable":true,"href":"https:\/\/mod.wisdar.net\/tr\/wp-json\/wp\/v2\/comments?post=138107"}],"wp:featuredmedia":[{"embeddable":true,"href":"https:\/\/mod.wisdar.net\/tr\/wp-json\/wp\/v2\/media\/138095"}],"wp:attachment":[{"href":"https:\/\/mod.wisdar.net\/tr\/wp-json\/wp\/v2\/media?parent=138107"}],"wp:term":[{"taxonomy":"product_brand","embeddable":true,"href":"https:\/\/mod.wisdar.net\/tr\/wp-json\/wp\/v2\/product_brand?post=138107"},{"taxonomy":"product_cat","embeddable":true,"href":"https:\/\/mod.wisdar.net\/tr\/wp-json\/wp\/v2\/product_cat?post=138107"},{"taxonomy":"product_tag","embeddable":true,"href":"https:\/\/mod.wisdar.net\/tr\/wp-json\/wp\/v2\/product_tag?post=138107"}],"curies":[{"name":"wp","href":"https:\/\/api.w.org\/{rel}","templated":true}]}}