{"id":138177,"date":"2026-02-20T11:14:06","date_gmt":"2026-02-20T11:14:06","guid":{"rendered":"https:\/\/modesthanim.com\/product\/sal-desenli-elbise-camel\/"},"modified":"2026-03-03T21:36:56","modified_gmt":"2026-03-03T21:36:56","slug":"sal-desenli-elbise-camel","status":"publish","type":"product","link":"https:\/\/mod.wisdar.net\/tr\/urun\/sal-desenli-elbise-camel\/","title":{"rendered":"\u015eal Desenli Elbise Camel"},"content":{"rendered":"<p>Zamans\u0131z \u015fal deseniyle \u00f6ne \u00e7\u0131kan bu elbise, ak\u0131c\u0131 formu ve uzun siluetiyle zarif bir duru\u015f sunar. Bel k\u0131sm\u0131ndaki kemer detay\u0131 v\u00fccut oran\u0131n\u0131 dengelerken, hafif ve d\u00f6k\u00fcml\u00fc yap\u0131s\u0131 g\u00fcn boyu konfor sa\u011flar. Hem g\u00fcnl\u00fck \u015f\u0131kl\u0131kta hem de \u00f6zel davet kombinlerinde sofistike bir alternatif olarak \u00f6ne \u00e7\u0131kar.<\/p>\n<p>\u00dcR\u00dcN BEDEN\u0130: 38<\/p>\n<p>MANKEN \u00d6L\u00c7\u00dcS\u00dc<\/p>\n<p>BOY: 175cm<br \/>\nG\u00d6\u011e\u00dcS: 83cm<br \/>\nBEL: 60cm<br \/>\nBASEN: 89cm<\/p>\n<p>Kapama \u015eekli: D\u00fc\u011fme Kapama<\/p>\n","protected":false},"excerpt":{"rendered":"<p>Zamans\u0131z \u015fal deseniyle \u00f6ne \u00e7\u0131kan bu elbise, ak\u0131c\u0131 formu ve uzun siluetiyle zarif bir duru\u015f sunar. Bel k\u0131sm\u0131ndaki kemer detay\u0131 v\u00fccut oran\u0131n\u0131 dengelerken, hafif ve d\u00f6k\u00fcml\u00fc yap\u0131s\u0131 g\u00fcn boyu konfor sa\u011flar. Hem g\u00fcnl\u00fck \u015f\u0131kl\u0131kta hem de \u00f6zel davet kombinlerinde sofistike bir alternatif olarak \u00f6ne \u00e7\u0131kar. \u00dcR\u00dcN BEDEN\u0130: 38 MANKEN \u00d6L\u00c7\u00dcS\u00dc BOY: 175cm G\u00d6\u011e\u00dcS: 83cm BEL: [&hellip;]<\/p>\n","protected":false},"featured_media":138170,"comment_status":"open","ping_status":"closed","template":"","meta":[],"product_brand":[],"product_cat":[6249,1933],"product_tag":[],"class_list":{"0":"post-138177","1":"product","2":"type-product","3":"status-publish","4":"has-post-thumbnail","6":"product_cat-elbiseler","7":"product_cat-gunluk-ve-gunduz-elbiseleri","8":"pa_color-camel","9":"pa_size-4706","10":"pa_size-4711","11":"pa_size-4713","12":"pa_size-4751","14":"first","15":"instock","16":"sale","17":"shipping-taxable","18":"purchasable","19":"product-type-variable"},"_links":{"self":[{"href":"https:\/\/mod.wisdar.net\/tr\/wp-json\/wp\/v2\/product\/138177","targetHints":{"allow":["GET"]}}],"collection":[{"href":"https:\/\/mod.wisdar.net\/tr\/wp-json\/wp\/v2\/product"}],"about":[{"href":"https:\/\/mod.wisdar.net\/tr\/wp-json\/wp\/v2\/types\/product"}],"replies":[{"embeddable":true,"href":"https:\/\/mod.wisdar.net\/tr\/wp-json\/wp\/v2\/comments?post=138177"}],"wp:featuredmedia":[{"embeddable":true,"href":"https:\/\/mod.wisdar.net\/tr\/wp-json\/wp\/v2\/media\/138170"}],"wp:attachment":[{"href":"https:\/\/mod.wisdar.net\/tr\/wp-json\/wp\/v2\/media?parent=138177"}],"wp:term":[{"taxonomy":"product_brand","embeddable":true,"href":"https:\/\/mod.wisdar.net\/tr\/wp-json\/wp\/v2\/product_brand?post=138177"},{"taxonomy":"product_cat","embeddable":true,"href":"https:\/\/mod.wisdar.net\/tr\/wp-json\/wp\/v2\/product_cat?post=138177"},{"taxonomy":"product_tag","embeddable":true,"href":"https:\/\/mod.wisdar.net\/tr\/wp-json\/wp\/v2\/product_tag?post=138177"}],"curies":[{"name":"wp","href":"https:\/\/api.w.org\/{rel}","templated":true}]}}