{"id":138209,"date":"2026-02-20T11:15:19","date_gmt":"2026-02-20T11:15:19","guid":{"rendered":"https:\/\/modesthanim.com\/product\/armine-gomlek-elbise-25kd1003-vizon\/"},"modified":"2026-03-03T21:36:07","modified_gmt":"2026-03-03T21:36:07","slug":"armine-gomlek-elbise-25kd1003-vizon","status":"publish","type":"product","link":"https:\/\/mod.wisdar.net\/tr\/urun\/armine-gomlek-elbise-25kd1003-vizon\/","title":{"rendered":"Armine G\u00f6mlek Elbise 25KD1003 Vizon"},"content":{"rendered":"<p>Zarif duru\u015fu ve sade tasar\u0131m\u0131yla \u00f6ne \u00e7\u0131kan bu elbise, stilinize yal\u0131n bir zarafet ve modern bir dokunu\u015f kat\u0131yor. D\u00fc\u011fmeli yap\u0131s\u0131 ve beli vurgulayan ba\u011fc\u0131k detay\u0131, hem konforu hem de zarif g\u00f6r\u00fcn\u00fcm\u00fc bir araya getiriyor. Hafif ve nefes alabilen kuma\u015f\u0131yla g\u00fcn boyu rahatl\u0131k sunarken, do\u011fall\u0131\u011f\u0131 \u00f6n plana \u00e7\u0131karan rengiyle her mevsime uyum sa\u011fl\u0131yor.<\/p>\n<p>\u00dcR\u00dcN BEDEN\u0130: 38<\/p>\n<p>MANKEN \u00d6L\u00c7\u00dcS\u00dc<\/p>\n<p>BOY: 177cm<br \/>\nG\u00d6\u011e\u00dcS: 84cm<br \/>\nBEL: 57cm<br \/>\nBASEN: 87cm<\/p>\n<p>Kapama \u015eekli:D\u00fc\u011fme Kapama<\/p>\n","protected":false},"excerpt":{"rendered":"<p>Zarif duru\u015fu ve sade tasar\u0131m\u0131yla \u00f6ne \u00e7\u0131kan bu elbise, stilinize yal\u0131n bir zarafet ve modern bir dokunu\u015f kat\u0131yor. D\u00fc\u011fmeli yap\u0131s\u0131 ve beli vurgulayan ba\u011fc\u0131k detay\u0131, hem konforu hem de zarif g\u00f6r\u00fcn\u00fcm\u00fc bir araya getiriyor. Hafif ve nefes alabilen kuma\u015f\u0131yla g\u00fcn boyu rahatl\u0131k sunarken, do\u011fall\u0131\u011f\u0131 \u00f6n plana \u00e7\u0131karan rengiyle her mevsime uyum sa\u011fl\u0131yor. \u00dcR\u00dcN BEDEN\u0130: 38 [&hellip;]<\/p>\n","protected":false},"featured_media":138200,"comment_status":"open","ping_status":"closed","template":"","meta":[],"product_brand":[],"product_cat":[6249,1933],"product_tag":[6936,5012,7564,7144,6826],"class_list":{"0":"post-138209","1":"product","2":"type-product","3":"status-publish","4":"has-post-thumbnail","6":"product_cat-elbiseler","7":"product_cat-gunluk-ve-gunduz-elbiseleri","8":"product_tag-cok-yonlu","9":"product_tag-elegant","10":"product_tag-gomlek-elbise","11":"product_tag-minimalist","12":"product_tag-modern-moda","13":"pa_color-vizon","14":"pa_size-4706","15":"pa_size-4711","16":"pa_size-4713","17":"pa_size-4751","19":"first","20":"instock","21":"sale","22":"shipping-taxable","23":"purchasable","24":"product-type-variable"},"_links":{"self":[{"href":"https:\/\/mod.wisdar.net\/tr\/wp-json\/wp\/v2\/product\/138209","targetHints":{"allow":["GET"]}}],"collection":[{"href":"https:\/\/mod.wisdar.net\/tr\/wp-json\/wp\/v2\/product"}],"about":[{"href":"https:\/\/mod.wisdar.net\/tr\/wp-json\/wp\/v2\/types\/product"}],"replies":[{"embeddable":true,"href":"https:\/\/mod.wisdar.net\/tr\/wp-json\/wp\/v2\/comments?post=138209"}],"wp:featuredmedia":[{"embeddable":true,"href":"https:\/\/mod.wisdar.net\/tr\/wp-json\/wp\/v2\/media\/138200"}],"wp:attachment":[{"href":"https:\/\/mod.wisdar.net\/tr\/wp-json\/wp\/v2\/media?parent=138209"}],"wp:term":[{"taxonomy":"product_brand","embeddable":true,"href":"https:\/\/mod.wisdar.net\/tr\/wp-json\/wp\/v2\/product_brand?post=138209"},{"taxonomy":"product_cat","embeddable":true,"href":"https:\/\/mod.wisdar.net\/tr\/wp-json\/wp\/v2\/product_cat?post=138209"},{"taxonomy":"product_tag","embeddable":true,"href":"https:\/\/mod.wisdar.net\/tr\/wp-json\/wp\/v2\/product_tag?post=138209"}],"curies":[{"name":"wp","href":"https:\/\/api.w.org\/{rel}","templated":true}]}}