{"id":138257,"date":"2026-02-20T11:16:07","date_gmt":"2026-02-20T11:16:07","guid":{"rendered":"https:\/\/modesthanim.com\/product\/armine-dikis-detayli-denim-elbise-25kd2396-lacivert\/"},"modified":"2026-03-03T21:35:46","modified_gmt":"2026-03-03T21:35:46","slug":"armine-dikis-detayli-denim-elbise-25kd2396-lacivert","status":"publish","type":"product","link":"https:\/\/mod.wisdar.net\/tr\/urun\/armine-dikis-detayli-denim-elbise-25kd2396-lacivert\/","title":{"rendered":"Armine Diki\u015f Detayl\u0131 Denim Elbise 25KD2396 Lacivert"},"content":{"rendered":"<p>Net hatlar\u0131 ve vurgulu diki\u015f detaylar\u0131yla modern terzili\u011fi denim dokusuyla bulu\u015fturan bu elbise, g\u00fc\u00e7l\u00fc ve rafine bir siluet sunar. Fermuarl\u0131 yaka tasar\u0131m\u0131 ve belden ba\u011flamal\u0131 formu, tasar\u0131ma dengeli bir yap\u0131 kazand\u0131r\u0131rken konforlu bir kullan\u0131m sa\u011flar. G\u00fcnl\u00fck \u015fehir stilinden daha se\u00e7kin kombinlere kadar \u00e7ok y\u00f6nl\u00fc bir \u015f\u0131kl\u0131k sunar.<\/p>\n<p>\u00dcR\u00dcN BEDEN\u0130: 38<\/p>\n<p>MANKEN \u00d6L\u00c7\u00dcS\u00dc<\/p>\n<p>BOY: 181cm<br \/>\nG\u00d6\u011e\u00dcS: 78cm<br \/>\nBEL: 59cm<br \/>\nBASEN: 89cm<\/p>\n","protected":false},"excerpt":{"rendered":"<p>Net hatlar\u0131 ve vurgulu diki\u015f detaylar\u0131yla modern terzili\u011fi denim dokusuyla bulu\u015fturan bu elbise, g\u00fc\u00e7l\u00fc ve rafine bir siluet sunar. Fermuarl\u0131 yaka tasar\u0131m\u0131 ve belden ba\u011flamal\u0131 formu, tasar\u0131ma dengeli bir yap\u0131 kazand\u0131r\u0131rken konforlu bir kullan\u0131m sa\u011flar. G\u00fcnl\u00fck \u015fehir stilinden daha se\u00e7kin kombinlere kadar \u00e7ok y\u00f6nl\u00fc bir \u015f\u0131kl\u0131k sunar. \u00dcR\u00dcN BEDEN\u0130: 38 MANKEN \u00d6L\u00c7\u00dcS\u00dc BOY: 181cm G\u00d6\u011e\u00dcS: [&hellip;]<\/p>\n","protected":false},"featured_media":138244,"comment_status":"open","ping_status":"closed","template":"","meta":[],"product_brand":[],"product_cat":[6249,4077],"product_tag":[6936,7669,7238,8272],"class_list":{"0":"post-138257","1":"product","2":"type-product","3":"status-publish","4":"has-post-thumbnail","6":"product_cat-elbiseler","7":"product_cat-kot-elbiseler","8":"product_tag-cok-yonlu","9":"product_tag-kot-elbise","10":"product_tag-lacivert","11":"product_tag-modern-terzilik","12":"pa_color-lacivert","13":"pa_size-4706","14":"pa_size-4711","15":"pa_size-4713","17":"first","18":"outofstock","19":"shipping-taxable","20":"product-type-variable"},"_links":{"self":[{"href":"https:\/\/mod.wisdar.net\/tr\/wp-json\/wp\/v2\/product\/138257","targetHints":{"allow":["GET"]}}],"collection":[{"href":"https:\/\/mod.wisdar.net\/tr\/wp-json\/wp\/v2\/product"}],"about":[{"href":"https:\/\/mod.wisdar.net\/tr\/wp-json\/wp\/v2\/types\/product"}],"replies":[{"embeddable":true,"href":"https:\/\/mod.wisdar.net\/tr\/wp-json\/wp\/v2\/comments?post=138257"}],"wp:featuredmedia":[{"embeddable":true,"href":"https:\/\/mod.wisdar.net\/tr\/wp-json\/wp\/v2\/media\/138244"}],"wp:attachment":[{"href":"https:\/\/mod.wisdar.net\/tr\/wp-json\/wp\/v2\/media?parent=138257"}],"wp:term":[{"taxonomy":"product_brand","embeddable":true,"href":"https:\/\/mod.wisdar.net\/tr\/wp-json\/wp\/v2\/product_brand?post=138257"},{"taxonomy":"product_cat","embeddable":true,"href":"https:\/\/mod.wisdar.net\/tr\/wp-json\/wp\/v2\/product_cat?post=138257"},{"taxonomy":"product_tag","embeddable":true,"href":"https:\/\/mod.wisdar.net\/tr\/wp-json\/wp\/v2\/product_tag?post=138257"}],"curies":[{"name":"wp","href":"https:\/\/api.w.org\/{rel}","templated":true}]}}