{"id":138352,"date":"2026-02-20T11:22:11","date_gmt":"2026-02-20T11:22:11","guid":{"rendered":"https:\/\/modesthanim.com\/product\/kupra-ceketli-takim-murdum\/"},"modified":"2026-03-03T10:35:32","modified_gmt":"2026-03-03T10:35:32","slug":"kupra-ceketli-takim-murdum","status":"publish","type":"product","link":"https:\/\/mod.wisdar.net\/tr\/urun\/kupra-ceketli-takim-murdum\/","title":{"rendered":"Kupra Ceketli Tak\u0131m M\u00fcrd\u00fcm"},"content":{"rendered":"<p>Ak\u0131c\u0131 formu ve yumu\u015fak dokusuyla zarafeti modern bir \u00e7izgide bulu\u015fturan bu tak\u0131m, dengeli siluetiyle sofistike bir duru\u015f sunar. Belden ayarlanabilir ceket formu v\u00fccut oranlar\u0131n\u0131 incelikle vurgularken, uzun etek tasar\u0131m\u0131 g\u00f6r\u00fcn\u00fcme ak\u0131\u015fkan bir b\u00fct\u00fcnl\u00fck kazand\u0131r\u0131r. G\u00fcnl\u00fck \u015f\u0131kl\u0131ktan daha se\u00e7kin kombinlere kadar zahmetsiz bir zarafet arayanlar i\u00e7in zamans\u0131z bir tasar\u0131md\u0131r.<\/p>\n<p>\u00dcR\u00dcN BEDEN\u0130: 38<\/p>\n<p>MANKEN \u00d6L\u00c7\u00dcS\u00dc<\/p>\n<p>BOY: 181cm<br \/>\nG\u00d6\u011e\u00dcS: 78cm<br \/>\nBEL: 59cm<br \/>\nBASEN: 89cm<\/p>\n","protected":false},"excerpt":{"rendered":"<p>Ak\u0131c\u0131 formu ve yumu\u015fak dokusuyla zarafeti modern bir \u00e7izgide bulu\u015fturan bu tak\u0131m, dengeli siluetiyle sofistike bir duru\u015f sunar. Belden ayarlanabilir ceket formu v\u00fccut oranlar\u0131n\u0131 incelikle vurgularken, uzun etek tasar\u0131m\u0131 g\u00f6r\u00fcn\u00fcme ak\u0131\u015fkan bir b\u00fct\u00fcnl\u00fck kazand\u0131r\u0131r. G\u00fcnl\u00fck \u015f\u0131kl\u0131ktan daha se\u00e7kin kombinlere kadar zahmetsiz bir zarafet arayanlar i\u00e7in zamans\u0131z bir tasar\u0131md\u0131r. \u00dcR\u00dcN BEDEN\u0130: 38 MANKEN \u00d6L\u00c7\u00dcS\u00dc BOY: 181cm [&hellip;]<\/p>\n","protected":false},"featured_media":138346,"comment_status":"open","ping_status":"closed","template":"","meta":[],"product_brand":[],"product_cat":[1900],"product_tag":[8377,5012,6744,5013,7959],"class_list":{"0":"post-138352","1":"product","2":"type-product","3":"status-publish","4":"has-post-thumbnail","6":"product_cat-koordinatlar-setler","7":"product_tag-ceket-takimi","8":"product_tag-elegant","9":"product_tag-kadin-modasi","10":"product_tag-modern","11":"product_tag-resmi-giyim","12":"pa_color-murdum","13":"pa_size-4706","14":"pa_size-4711","15":"pa_size-4713","16":"pa_size-4751","18":"first","19":"instock","20":"sale","21":"shipping-taxable","22":"purchasable","23":"product-type-variable"},"_links":{"self":[{"href":"https:\/\/mod.wisdar.net\/tr\/wp-json\/wp\/v2\/product\/138352","targetHints":{"allow":["GET"]}}],"collection":[{"href":"https:\/\/mod.wisdar.net\/tr\/wp-json\/wp\/v2\/product"}],"about":[{"href":"https:\/\/mod.wisdar.net\/tr\/wp-json\/wp\/v2\/types\/product"}],"replies":[{"embeddable":true,"href":"https:\/\/mod.wisdar.net\/tr\/wp-json\/wp\/v2\/comments?post=138352"}],"wp:featuredmedia":[{"embeddable":true,"href":"https:\/\/mod.wisdar.net\/tr\/wp-json\/wp\/v2\/media\/138346"}],"wp:attachment":[{"href":"https:\/\/mod.wisdar.net\/tr\/wp-json\/wp\/v2\/media?parent=138352"}],"wp:term":[{"taxonomy":"product_brand","embeddable":true,"href":"https:\/\/mod.wisdar.net\/tr\/wp-json\/wp\/v2\/product_brand?post=138352"},{"taxonomy":"product_cat","embeddable":true,"href":"https:\/\/mod.wisdar.net\/tr\/wp-json\/wp\/v2\/product_cat?post=138352"},{"taxonomy":"product_tag","embeddable":true,"href":"https:\/\/mod.wisdar.net\/tr\/wp-json\/wp\/v2\/product_tag?post=138352"}],"curies":[{"name":"wp","href":"https:\/\/api.w.org\/{rel}","templated":true}]}}