{"id":138409,"date":"2026-02-20T11:23:31","date_gmt":"2026-02-20T11:23:31","guid":{"rendered":"https:\/\/modesthanim.com\/product\/denim-ceketli-elbise-takim-indigo\/"},"modified":"2026-04-12T21:58:20","modified_gmt":"2026-04-12T21:58:20","slug":"denim-ceketli-elbise-takim-indigo","status":"publish","type":"product","link":"https:\/\/mod.wisdar.net\/tr\/urun\/denim-ceketli-elbise-takim-indigo\/","title":{"rendered":"Denim Ceketli Elbise Tak\u0131m \u0130ndigo"},"content":{"rendered":"<p>Modern denim dokusunu zarif bir siluetle bulu\u015fturan bu tak\u0131m, \u015fehir stiline rafine bir karakter kazand\u0131r\u0131r. Vurgulu diki\u015f detaylar\u0131na sahip elbise formu ve yap\u0131land\u0131r\u0131lm\u0131\u015f ceket tasar\u0131m\u0131, dengeli ve g\u00fc\u00e7l\u00fc bir g\u00f6r\u00fcn\u00fcm sunar. G\u00fcnl\u00fck kombinlerden daha se\u00e7kin stillere kadar zahmetsiz bir \u015f\u0131kl\u0131k vadeden zamans\u0131z bir tasar\u0131md\u0131r.<\/p>\n<p>\u00dcR\u00dcN BEDEN\u0130: 38<\/p>\n<p>MANKEN \u00d6L\u00c7\u00dcS\u00dc<\/p>\n<p>BOY: 181cm<br \/>\nG\u00d6\u011e\u00dcS: 78cm<br \/>\nBEL: 59cm<br \/>\nBASEN: 89cm<\/p>\n","protected":false},"excerpt":{"rendered":"<p>Modern denim dokusunu zarif bir siluetle bulu\u015fturan bu tak\u0131m, \u015fehir stiline rafine bir karakter kazand\u0131r\u0131r. Vurgulu diki\u015f detaylar\u0131na sahip elbise formu ve yap\u0131land\u0131r\u0131lm\u0131\u015f ceket tasar\u0131m\u0131, dengeli ve g\u00fc\u00e7l\u00fc bir g\u00f6r\u00fcn\u00fcm sunar. G\u00fcnl\u00fck kombinlerden daha se\u00e7kin stillere kadar zahmetsiz bir \u015f\u0131kl\u0131k vadeden zamans\u0131z bir tasar\u0131md\u0131r. \u00dcR\u00dcN BEDEN\u0130: 38 MANKEN \u00d6L\u00c7\u00dcS\u00dc BOY: 181cm G\u00d6\u011e\u00dcS: 78cm BEL: 59cm [&hellip;]<\/p>\n","protected":false},"featured_media":138399,"comment_status":"open","ping_status":"closed","template":"","meta":[],"product_brand":[],"product_cat":[6249,4077,1900],"product_tag":[10201,3265,10203,10204,5191,5338],"class_list":{"0":"post-138409","1":"product","2":"type-product","3":"status-publish","4":"has-post-thumbnail","6":"product_cat-elbiseler","7":"product_cat-kot-elbiseler","8":"product_cat-koordinatlar-setler","9":"product_tag-denim-dress-set","10":"product_tag-elegant-silhouette","11":"product_tag-indigo-jacket-dress","12":"product_tag-structured-jacket","13":"product_tag-timeless-design","14":"product_tag-urban-fashion","15":"pa_brand-armine","16":"pa_color-indigo","17":"pa_size-4706","18":"pa_size-4711","19":"pa_size-4713","20":"pa_size-4751","22":"first","23":"instock","24":"sale","25":"shipping-taxable","26":"purchasable","27":"product-type-variable"},"_links":{"self":[{"href":"https:\/\/mod.wisdar.net\/tr\/wp-json\/wp\/v2\/product\/138409","targetHints":{"allow":["GET"]}}],"collection":[{"href":"https:\/\/mod.wisdar.net\/tr\/wp-json\/wp\/v2\/product"}],"about":[{"href":"https:\/\/mod.wisdar.net\/tr\/wp-json\/wp\/v2\/types\/product"}],"replies":[{"embeddable":true,"href":"https:\/\/mod.wisdar.net\/tr\/wp-json\/wp\/v2\/comments?post=138409"}],"wp:featuredmedia":[{"embeddable":true,"href":"https:\/\/mod.wisdar.net\/tr\/wp-json\/wp\/v2\/media\/138399"}],"wp:attachment":[{"href":"https:\/\/mod.wisdar.net\/tr\/wp-json\/wp\/v2\/media?parent=138409"}],"wp:term":[{"taxonomy":"product_brand","embeddable":true,"href":"https:\/\/mod.wisdar.net\/tr\/wp-json\/wp\/v2\/product_brand?post=138409"},{"taxonomy":"product_cat","embeddable":true,"href":"https:\/\/mod.wisdar.net\/tr\/wp-json\/wp\/v2\/product_cat?post=138409"},{"taxonomy":"product_tag","embeddable":true,"href":"https:\/\/mod.wisdar.net\/tr\/wp-json\/wp\/v2\/product_tag?post=138409"}],"curies":[{"name":"wp","href":"https:\/\/api.w.org\/{rel}","templated":true}]}}