{"id":138476,"date":"2026-02-20T11:24:29","date_gmt":"2026-02-20T11:24:29","guid":{"rendered":"https:\/\/modesthanim.com\/product\/armine-kalin-kemerli-elbise-24k9905-siyah\/"},"modified":"2026-03-03T10:28:44","modified_gmt":"2026-03-03T10:28:44","slug":"armine-kalin-kemerli-elbise-24k9905-siyah","status":"publish","type":"product","link":"https:\/\/mod.wisdar.net\/tr\/urun\/armine-kalin-kemerli-elbise-24k9905-siyah\/","title":{"rendered":"Armine Kal\u0131n Kemerli Elbise 24K9905 Siyah"},"content":{"rendered":"<p>Asaletin ve \u015f\u0131kl\u0131\u011f\u0131n m\u00fckemmel uyumunu yans\u0131tan, d\u00f6k\u00fcml\u00fc saten kuma\u015ftan, yarasa kollu elbise ile zarafetinizi \u00f6n plana \u00e7\u0131kar\u0131n! Her detay\u0131 \u00f6zenle tasarlanm\u0131\u015f elbise, \u015f\u0131k kemeri ve cepleri ile farkl\u0131 bir stil sunarken, \u00f6zel davetlerde asil bir duru\u015f sergiliyor.<\/p>\n<p>\u00dcR\u00dcN BEDEN\u0130: 36<\/p>\n<p>MANKEN \u00d6L\u00c7\u00dcS\u00dc<\/p>\n<p>BOY: 181cm<br \/>\nG\u00d6\u011e\u00dcS: 78cm<br \/>\nBEL: 59cm<br \/>\nBASEN: 89cm<\/p>\n","protected":false},"excerpt":{"rendered":"<p>Asaletin ve \u015f\u0131kl\u0131\u011f\u0131n m\u00fckemmel uyumunu yans\u0131tan, d\u00f6k\u00fcml\u00fc saten kuma\u015ftan, yarasa kollu elbise ile zarafetinizi \u00f6n plana \u00e7\u0131kar\u0131n! Her detay\u0131 \u00f6zenle tasarlanm\u0131\u015f elbise, \u015f\u0131k kemeri ve cepleri ile farkl\u0131 bir stil sunarken, \u00f6zel davetlerde asil bir duru\u015f sergiliyor. \u00dcR\u00dcN BEDEN\u0130: 36 MANKEN \u00d6L\u00c7\u00dcS\u00dc BOY: 181cm G\u00d6\u011e\u00dcS: 78cm BEL: 59cm BASEN: 89cm<\/p>\n","protected":false},"featured_media":138466,"comment_status":"open","ping_status":"closed","template":"","meta":[],"product_brand":[],"product_cat":[6249,1933],"product_tag":[8427,7959,6906],"class_list":{"0":"post-138476","1":"product","2":"type-product","3":"status-publish","4":"has-post-thumbnail","6":"product_cat-elbiseler","7":"product_cat-gunluk-ve-gunduz-elbiseleri","8":"product_tag-gece-elbisesi","9":"product_tag-resmi-giyim","10":"product_tag-zarif-moda","11":"pa_color-siyah","12":"pa_size-4701","13":"pa_size-4706","14":"pa_size-4711","16":"first","17":"instock","18":"sale","19":"shipping-taxable","20":"purchasable","21":"product-type-variable","22":"has-default-attributes"},"_links":{"self":[{"href":"https:\/\/mod.wisdar.net\/tr\/wp-json\/wp\/v2\/product\/138476","targetHints":{"allow":["GET"]}}],"collection":[{"href":"https:\/\/mod.wisdar.net\/tr\/wp-json\/wp\/v2\/product"}],"about":[{"href":"https:\/\/mod.wisdar.net\/tr\/wp-json\/wp\/v2\/types\/product"}],"replies":[{"embeddable":true,"href":"https:\/\/mod.wisdar.net\/tr\/wp-json\/wp\/v2\/comments?post=138476"}],"wp:featuredmedia":[{"embeddable":true,"href":"https:\/\/mod.wisdar.net\/tr\/wp-json\/wp\/v2\/media\/138466"}],"wp:attachment":[{"href":"https:\/\/mod.wisdar.net\/tr\/wp-json\/wp\/v2\/media?parent=138476"}],"wp:term":[{"taxonomy":"product_brand","embeddable":true,"href":"https:\/\/mod.wisdar.net\/tr\/wp-json\/wp\/v2\/product_brand?post=138476"},{"taxonomy":"product_cat","embeddable":true,"href":"https:\/\/mod.wisdar.net\/tr\/wp-json\/wp\/v2\/product_cat?post=138476"},{"taxonomy":"product_tag","embeddable":true,"href":"https:\/\/mod.wisdar.net\/tr\/wp-json\/wp\/v2\/product_tag?post=138476"}],"curies":[{"name":"wp","href":"https:\/\/api.w.org\/{rel}","templated":true}]}}