{"id":138530,"date":"2026-02-20T11:25:15","date_gmt":"2026-02-20T11:25:15","guid":{"rendered":"https:\/\/modesthanim.com\/product\/armine-desenli-elbise-25yd4024-mercan\/"},"modified":"2026-04-15T22:24:18","modified_gmt":"2026-04-15T22:24:18","slug":"armine-desenli-elbise-25yd4024-mercan","status":"publish","type":"product","link":"https:\/\/mod.wisdar.net\/tr\/urun\/armine-desenli-elbise-25yd4024-mercan\/","title":{"rendered":"Armine Desenli Elbise 25YD4024 Mercan"},"content":{"rendered":"<p>\u00dcR\u00dcN BEDEN\u0130: 38<\/p>\n<p>MANKEN \u00d6L\u00c7\u00dcLER\u0130<\/p>\n<p>BOY: 178 cm<br \/>\nG\u00d6\u011e\u00dcS: 81 cm<br \/>\nBEL: 61 cm<br \/>\nBASEN: 90 cm<\/p>\n","protected":false},"excerpt":{"rendered":"<p>\u00dcR\u00dcN BEDEN\u0130: 38 MANKEN \u00d6L\u00c7\u00dcLER\u0130 BOY: 178 cm G\u00d6\u011e\u00dcS: 81 cm BEL: 61 cm BASEN: 90 cm<\/p>\n","protected":false},"featured_media":138520,"comment_status":"open","ping_status":"closed","template":"","meta":[],"product_brand":[],"product_cat":[6249,1933],"product_tag":[],"class_list":{"0":"post-138530","1":"product","2":"type-product","3":"status-publish","4":"has-post-thumbnail","6":"product_cat-elbiseler","7":"product_cat-gunluk-ve-gunduz-elbiseleri","8":"pa_brand-armine","9":"pa_color-pembe","10":"pa_size-4706","11":"pa_size-4711","12":"pa_size-4713","13":"pa_size-4751","15":"first","16":"instock","17":"sale","18":"shipping-taxable","19":"purchasable","20":"product-type-variable"},"_links":{"self":[{"href":"https:\/\/mod.wisdar.net\/tr\/wp-json\/wp\/v2\/product\/138530","targetHints":{"allow":["GET"]}}],"collection":[{"href":"https:\/\/mod.wisdar.net\/tr\/wp-json\/wp\/v2\/product"}],"about":[{"href":"https:\/\/mod.wisdar.net\/tr\/wp-json\/wp\/v2\/types\/product"}],"replies":[{"embeddable":true,"href":"https:\/\/mod.wisdar.net\/tr\/wp-json\/wp\/v2\/comments?post=138530"}],"wp:featuredmedia":[{"embeddable":true,"href":"https:\/\/mod.wisdar.net\/tr\/wp-json\/wp\/v2\/media\/138520"}],"wp:attachment":[{"href":"https:\/\/mod.wisdar.net\/tr\/wp-json\/wp\/v2\/media?parent=138530"}],"wp:term":[{"taxonomy":"product_brand","embeddable":true,"href":"https:\/\/mod.wisdar.net\/tr\/wp-json\/wp\/v2\/product_brand?post=138530"},{"taxonomy":"product_cat","embeddable":true,"href":"https:\/\/mod.wisdar.net\/tr\/wp-json\/wp\/v2\/product_cat?post=138530"},{"taxonomy":"product_tag","embeddable":true,"href":"https:\/\/mod.wisdar.net\/tr\/wp-json\/wp\/v2\/product_tag?post=138530"}],"curies":[{"name":"wp","href":"https:\/\/api.w.org\/{rel}","templated":true}]}}