{"id":138583,"date":"2026-02-20T11:25:34","date_gmt":"2026-02-20T11:25:34","guid":{"rendered":"https:\/\/modesthanim.com\/product\/26y9024-armine-elbise-haki\/"},"modified":"2026-03-03T10:29:05","modified_gmt":"2026-03-03T10:29:05","slug":"26y9024-armine-elbise-haki","status":"publish","type":"product","link":"https:\/\/mod.wisdar.net\/tr\/urun\/26y9024-armine-elbise-haki\/","title":{"rendered":"26Y9024 Armine Elbise Haki"},"content":{"rendered":"<p>\u00dcR\u00dcN BEDEN\u0130: 36<\/p>\n<p>MANKEN \u00d6L\u00c7\u00dcS\u00dc<\/p>\n<p>BOY: 178cm<br \/>\nG\u00d6\u011e\u00dcS: 81cm<br \/>\nBEL: 61cm<br \/>\nBASEN: 90cm<\/p>\n<p>Kapama \u015eekli : Fermuar Kapama<\/p>\n","protected":false},"excerpt":{"rendered":"<p>\u00dcR\u00dcN BEDEN\u0130: 36 MANKEN \u00d6L\u00c7\u00dcS\u00dc BOY: 178cm G\u00d6\u011e\u00dcS: 81cm BEL: 61cm BASEN: 90cm Kapama \u015eekli : Fermuar Kapama<\/p>\n","protected":false},"featured_media":138573,"comment_status":"open","ping_status":"closed","template":"","meta":[],"product_brand":[],"product_cat":[6249,1933],"product_tag":[5012,7000,6744],"class_list":{"0":"post-138583","1":"product","2":"type-product","3":"status-publish","4":"has-post-thumbnail","6":"product_cat-elbiseler","7":"product_cat-gunluk-ve-gunduz-elbiseleri","8":"product_tag-elegant","9":"product_tag-fermuarli-kapama","10":"product_tag-kadin-modasi","11":"pa_color-haki","12":"pa_size-4701","13":"pa_size-4706","14":"pa_size-4711","15":"pa_size-4713","17":"first","18":"instock","19":"sale","20":"shipping-taxable","21":"purchasable","22":"product-type-variable"},"_links":{"self":[{"href":"https:\/\/mod.wisdar.net\/tr\/wp-json\/wp\/v2\/product\/138583","targetHints":{"allow":["GET"]}}],"collection":[{"href":"https:\/\/mod.wisdar.net\/tr\/wp-json\/wp\/v2\/product"}],"about":[{"href":"https:\/\/mod.wisdar.net\/tr\/wp-json\/wp\/v2\/types\/product"}],"replies":[{"embeddable":true,"href":"https:\/\/mod.wisdar.net\/tr\/wp-json\/wp\/v2\/comments?post=138583"}],"wp:featuredmedia":[{"embeddable":true,"href":"https:\/\/mod.wisdar.net\/tr\/wp-json\/wp\/v2\/media\/138573"}],"wp:attachment":[{"href":"https:\/\/mod.wisdar.net\/tr\/wp-json\/wp\/v2\/media?parent=138583"}],"wp:term":[{"taxonomy":"product_brand","embeddable":true,"href":"https:\/\/mod.wisdar.net\/tr\/wp-json\/wp\/v2\/product_brand?post=138583"},{"taxonomy":"product_cat","embeddable":true,"href":"https:\/\/mod.wisdar.net\/tr\/wp-json\/wp\/v2\/product_cat?post=138583"},{"taxonomy":"product_tag","embeddable":true,"href":"https:\/\/mod.wisdar.net\/tr\/wp-json\/wp\/v2\/product_tag?post=138583"}],"curies":[{"name":"wp","href":"https:\/\/api.w.org\/{rel}","templated":true}]}}