{"id":138630,"date":"2026-02-20T11:26:36","date_gmt":"2026-02-20T11:26:36","guid":{"rendered":"https:\/\/modesthanim.com\/product\/armine-elbise-25yd9178-siyah\/"},"modified":"2026-04-02T20:05:51","modified_gmt":"2026-04-02T20:05:51","slug":"armine-elbise-25yd9178-siyah","status":"publish","type":"product","link":"https:\/\/mod.wisdar.net\/tr\/urun\/armine-elbise-25yd9178-siyah\/","title":{"rendered":"Armine Elbise 25YD9178 Siyah"},"content":{"rendered":"<p>\u00dcR\u00dcN BEDEN\u0130: 36<\/p>\n<p>MANKEN \u00d6L\u00c7\u00dcS\u00dc<\/p>\n<p>BOY: 178cm<br \/>\nG\u00d6\u011e\u00dcS: 81cm<br \/>\nBEL: 61cm<br \/>\nBASEN: 90cm<\/p>\n","protected":false},"excerpt":{"rendered":"<p>\u00dcR\u00dcN BEDEN\u0130: 36 MANKEN \u00d6L\u00c7\u00dcS\u00dc BOY: 178cm G\u00d6\u011e\u00dcS: 81cm BEL: 61cm BASEN: 90cm<\/p>\n","protected":false},"featured_media":138624,"comment_status":"open","ping_status":"closed","template":"","meta":[],"product_brand":[],"product_cat":[6249,1933],"product_tag":[8418,8420,6744,7074],"class_list":{"0":"post-138630","1":"product","2":"type-product","3":"status-publish","4":"has-post-thumbnail","6":"product_cat-elbiseler","7":"product_cat-gunluk-ve-gunduz-elbiseleri","8":"product_tag-abiye-elbise","9":"product_tag-gece-kiyafeti","10":"product_tag-kadin-modasi","11":"product_tag-siyah","12":"pa_brand-armine","13":"pa_color-siyah","14":"pa_size-4701","15":"pa_size-4706","16":"pa_size-4711","17":"pa_size-4713","18":"pa_size-4751","20":"first","21":"instock","22":"sale","23":"shipping-taxable","24":"purchasable","25":"product-type-variable"},"_links":{"self":[{"href":"https:\/\/mod.wisdar.net\/tr\/wp-json\/wp\/v2\/product\/138630","targetHints":{"allow":["GET"]}}],"collection":[{"href":"https:\/\/mod.wisdar.net\/tr\/wp-json\/wp\/v2\/product"}],"about":[{"href":"https:\/\/mod.wisdar.net\/tr\/wp-json\/wp\/v2\/types\/product"}],"replies":[{"embeddable":true,"href":"https:\/\/mod.wisdar.net\/tr\/wp-json\/wp\/v2\/comments?post=138630"}],"wp:featuredmedia":[{"embeddable":true,"href":"https:\/\/mod.wisdar.net\/tr\/wp-json\/wp\/v2\/media\/138624"}],"wp:attachment":[{"href":"https:\/\/mod.wisdar.net\/tr\/wp-json\/wp\/v2\/media?parent=138630"}],"wp:term":[{"taxonomy":"product_brand","embeddable":true,"href":"https:\/\/mod.wisdar.net\/tr\/wp-json\/wp\/v2\/product_brand?post=138630"},{"taxonomy":"product_cat","embeddable":true,"href":"https:\/\/mod.wisdar.net\/tr\/wp-json\/wp\/v2\/product_cat?post=138630"},{"taxonomy":"product_tag","embeddable":true,"href":"https:\/\/mod.wisdar.net\/tr\/wp-json\/wp\/v2\/product_tag?post=138630"}],"curies":[{"name":"wp","href":"https:\/\/api.w.org\/{rel}","templated":true}]}}