{"id":138676,"date":"2026-02-20T11:27:07","date_gmt":"2026-02-20T11:27:07","guid":{"rendered":"https:\/\/modesthanim.com\/product\/26y9024-armine-elbise-aytasi\/"},"modified":"2026-03-03T10:30:20","modified_gmt":"2026-03-03T10:30:20","slug":"26y9024-armine-elbise-aytasi","status":"publish","type":"product","link":"https:\/\/mod.wisdar.net\/tr\/urun\/26y9024-armine-elbise-aytasi\/","title":{"rendered":"26Y9024 Armine Elbise Ayta\u015f\u0131"},"content":{"rendered":"<p>\u00dcR\u00dcN BEDEN\u0130: 36<\/p>\n<p>MANKEN \u00d6L\u00c7\u00dcS\u00dc<\/p>\n<p>BOY: 178cm<br \/>\nG\u00d6\u011e\u00dcS: 81cm<br \/>\nBEL: 61cm<br \/>\nBASEN: 90cm<\/p>\n<p>Kapama \u015eekli : Fermuar Kapama<\/p>\n","protected":false},"excerpt":{"rendered":"<p>\u00dcR\u00dcN BEDEN\u0130: 36 MANKEN \u00d6L\u00c7\u00dcS\u00dc BOY: 178cm G\u00d6\u011e\u00dcS: 81cm BEL: 61cm BASEN: 90cm Kapama \u015eekli : Fermuar Kapama<\/p>\n","protected":false},"featured_media":138664,"comment_status":"open","ping_status":"closed","template":"","meta":[],"product_brand":[],"product_cat":[6249,1933],"product_tag":[8427,6744],"class_list":{"0":"post-138676","1":"product","2":"type-product","3":"status-publish","4":"has-post-thumbnail","6":"product_cat-elbiseler","7":"product_cat-gunluk-ve-gunduz-elbiseleri","8":"product_tag-gece-elbisesi","9":"product_tag-kadin-modasi","10":"pa_color-krem","11":"pa_size-4701","12":"pa_size-4706","13":"pa_size-4711","14":"pa_size-4713","16":"first","17":"instock","18":"sale","19":"shipping-taxable","20":"purchasable","21":"product-type-variable"},"_links":{"self":[{"href":"https:\/\/mod.wisdar.net\/tr\/wp-json\/wp\/v2\/product\/138676","targetHints":{"allow":["GET"]}}],"collection":[{"href":"https:\/\/mod.wisdar.net\/tr\/wp-json\/wp\/v2\/product"}],"about":[{"href":"https:\/\/mod.wisdar.net\/tr\/wp-json\/wp\/v2\/types\/product"}],"replies":[{"embeddable":true,"href":"https:\/\/mod.wisdar.net\/tr\/wp-json\/wp\/v2\/comments?post=138676"}],"wp:featuredmedia":[{"embeddable":true,"href":"https:\/\/mod.wisdar.net\/tr\/wp-json\/wp\/v2\/media\/138664"}],"wp:attachment":[{"href":"https:\/\/mod.wisdar.net\/tr\/wp-json\/wp\/v2\/media?parent=138676"}],"wp:term":[{"taxonomy":"product_brand","embeddable":true,"href":"https:\/\/mod.wisdar.net\/tr\/wp-json\/wp\/v2\/product_brand?post=138676"},{"taxonomy":"product_cat","embeddable":true,"href":"https:\/\/mod.wisdar.net\/tr\/wp-json\/wp\/v2\/product_cat?post=138676"},{"taxonomy":"product_tag","embeddable":true,"href":"https:\/\/mod.wisdar.net\/tr\/wp-json\/wp\/v2\/product_tag?post=138676"}],"curies":[{"name":"wp","href":"https:\/\/api.w.org\/{rel}","templated":true}]}}