{"id":13870,"date":"2025-11-07T20:16:06","date_gmt":"2025-11-01T21:53:02","guid":{"rendered":"https:\/\/modesthanim.com\/product\/drapeli-yaka-detayli-tunik-indigo\/"},"modified":"2026-04-03T17:02:38","modified_gmt":"2026-04-03T17:02:38","slug":"drapeli-yaka-detayli-tunik-indigo","status":"publish","type":"product","link":"https:\/\/mod.wisdar.net\/tr\/urun\/drapeli-yaka-detayli-tunik-indigo\/","title":{"rendered":"Drapeli Yaka Detayl\u0131 Tunik \u2013 \u0130ndigo"},"content":{"rendered":"<p>Drapeli yakas\u0131 ve aller detayl\u0131 tasar\u0131m\u0131 ile \u015f\u0131kl\u0131\u011f\u0131 \u00f6n plana \u00e7\u0131karan bu tunik, modern ve zarif bir g\u00f6r\u00fcn\u00fcm sunar. Drapeli detay, v\u00fccuda uyum sa\u011flayarak zarif bir siluet olu\u015ftururken, aller detaylar\u0131na eklenen benzersiz dokunu\u015f zarafetinizi tamamlar.<\/p>\n<p>Kuma\u015f \u0130\u00e7eri\u011fi: %100 Polyester<br \/>\nDesen: D\u00fcz<br \/>\nYaka Tipi: G\u00f6mlek Yakas\u0131<br \/>\nKol Tipi: Uzun Kol<br \/>\nCep: Cepsiz<br \/>\nAstar: Astars\u0131z<br \/>\n\u00dcr\u00fcn Uzunlu\u011fu: 100 cm<br \/>\nKal\u0131p Tipi: Normal Kal\u0131p<br \/>\nModelin Giydi\u011fi Beden: 38<br \/>\nModel \u00d6l\u00e7\u00fcleri: Boy: 175 cm G\u00f6\u011f\u00fcs: 82 cm Bel: 60 cm Kal\u00e7a: 90 cm<\/p>\n<p>\u2014 Teknik Detaylar \u2014<br \/>\nDesen: D\u00fcz<br \/>\nYaka Tipi: G\u00f6mlek Yakas\u0131<br \/>\nKol Tipi: Uzun Kol<br \/>\nCep: Cepsiz<br \/>\nAstar: Astars\u0131z<br \/>\n\u00dcr\u00fcn Uzunlu\u011fu: 100 cm<br \/>\nKal\u0131p Tipi: Normal Kal\u0131p<br \/>\nModelin Giydi\u011fi Beden: 38<br \/>\nModel \u00d6l\u00e7\u00fcleri: Boy: 175 cm, G\u00f6\u011f\u00fcs: 82 cm, Bel: 60 cm, Kal\u00e7a: 90 cm<\/p>\n","protected":false},"excerpt":{"rendered":"<p>Drapeli yakas\u0131 ve aller detayl\u0131 tasar\u0131m\u0131 ile \u015f\u0131kl\u0131\u011f\u0131 \u00f6n plana \u00e7\u0131karan bu tunik, modern ve zarif bir g\u00f6r\u00fcn\u00fcm sunar. Drapeli detay, v\u00fccuda uyum sa\u011flayarak zarif bir siluet olu\u015ftururken, aller detaylar\u0131na eklenen benzersiz dokunu\u015f zarafetinizi tamamlar. Kuma\u015f \u0130\u00e7eri\u011fi: %100 Polyester Desen: D\u00fcz Yaka Tipi: G\u00f6mlek Yakas\u0131 Kol Tipi: Uzun Kol Cep: Cepsiz Astar: Astars\u0131z \u00dcr\u00fcn Uzunlu\u011fu: [&hellip;]<\/p>\n","protected":false},"featured_media":13830,"comment_status":"open","ping_status":"closed","template":"","meta":[],"product_brand":[],"product_cat":[1909],"product_tag":[],"class_list":{"0":"post-13870","1":"product","2":"type-product","3":"status-publish","4":"has-post-thumbnail","6":"product_cat-bluzlar-ve-gomlekler","7":"pa_brand-tugba","8":"pa_color-indigo","9":"pa_size-4706","10":"pa_size-4711","11":"pa_size-4713","12":"pa_size-4751","13":"pa_size-4749","14":"pa_size-4747","16":"first","17":"instock","18":"sale","19":"shipping-taxable","20":"purchasable","21":"product-type-variable"},"_links":{"self":[{"href":"https:\/\/mod.wisdar.net\/tr\/wp-json\/wp\/v2\/product\/13870","targetHints":{"allow":["GET"]}}],"collection":[{"href":"https:\/\/mod.wisdar.net\/tr\/wp-json\/wp\/v2\/product"}],"about":[{"href":"https:\/\/mod.wisdar.net\/tr\/wp-json\/wp\/v2\/types\/product"}],"replies":[{"embeddable":true,"href":"https:\/\/mod.wisdar.net\/tr\/wp-json\/wp\/v2\/comments?post=13870"}],"wp:featuredmedia":[{"embeddable":true,"href":"https:\/\/mod.wisdar.net\/tr\/wp-json\/wp\/v2\/media\/13830"}],"wp:attachment":[{"href":"https:\/\/mod.wisdar.net\/tr\/wp-json\/wp\/v2\/media?parent=13870"}],"wp:term":[{"taxonomy":"product_brand","embeddable":true,"href":"https:\/\/mod.wisdar.net\/tr\/wp-json\/wp\/v2\/product_brand?post=13870"},{"taxonomy":"product_cat","embeddable":true,"href":"https:\/\/mod.wisdar.net\/tr\/wp-json\/wp\/v2\/product_cat?post=13870"},{"taxonomy":"product_tag","embeddable":true,"href":"https:\/\/mod.wisdar.net\/tr\/wp-json\/wp\/v2\/product_tag?post=13870"}],"curies":[{"name":"wp","href":"https:\/\/api.w.org\/{rel}","templated":true}]}}