{"id":138706,"date":"2026-02-20T11:27:26","date_gmt":"2026-02-20T11:27:26","guid":{"rendered":"https:\/\/modesthanim.com\/product\/armine-elbise-25yd9178-bordo\/"},"modified":"2026-04-02T20:34:37","modified_gmt":"2026-04-02T20:34:37","slug":"armine-elbise-25yd9178-bordo","status":"publish","type":"product","link":"https:\/\/mod.wisdar.net\/tr\/urun\/armine-elbise-25yd9178-bordo\/","title":{"rendered":"Armine Elbise 25YD9178 Bordo"},"content":{"rendered":"<p>\u00dcR\u00dcN BEDEN\u0130: 36<\/p>\n<p>MANKEN \u00d6L\u00c7\u00dcLER\u0130:<\/p>\n<p>BOY: 178 cm<br \/>\nG\u00d6\u011e\u00dcS: 81 cm<br \/>\nBEL: 61 cm<br \/>\nBASEN: 90 cm<\/p>\n","protected":false},"excerpt":{"rendered":"<p>\u00dcR\u00dcN BEDEN\u0130: 36 MANKEN \u00d6L\u00c7\u00dcLER\u0130: BOY: 178 cm G\u00d6\u011e\u00dcS: 81 cm BEL: 61 cm BASEN: 90 cm<\/p>\n","protected":false},"featured_media":138699,"comment_status":"open","ping_status":"closed","template":"","meta":[],"product_brand":[],"product_cat":[6249,1933],"product_tag":[],"class_list":{"0":"post-138706","1":"product","2":"type-product","3":"status-publish","4":"has-post-thumbnail","6":"product_cat-elbiseler","7":"product_cat-gunluk-ve-gunduz-elbiseleri","8":"pa_brand-armine","9":"pa_color-bordo","10":"pa_size-4701","11":"pa_size-4706","12":"pa_size-4711","13":"pa_size-4713","14":"pa_size-4751","16":"first","17":"instock","18":"sale","19":"shipping-taxable","20":"purchasable","21":"product-type-variable"},"_links":{"self":[{"href":"https:\/\/mod.wisdar.net\/tr\/wp-json\/wp\/v2\/product\/138706","targetHints":{"allow":["GET"]}}],"collection":[{"href":"https:\/\/mod.wisdar.net\/tr\/wp-json\/wp\/v2\/product"}],"about":[{"href":"https:\/\/mod.wisdar.net\/tr\/wp-json\/wp\/v2\/types\/product"}],"replies":[{"embeddable":true,"href":"https:\/\/mod.wisdar.net\/tr\/wp-json\/wp\/v2\/comments?post=138706"}],"wp:featuredmedia":[{"embeddable":true,"href":"https:\/\/mod.wisdar.net\/tr\/wp-json\/wp\/v2\/media\/138699"}],"wp:attachment":[{"href":"https:\/\/mod.wisdar.net\/tr\/wp-json\/wp\/v2\/media?parent=138706"}],"wp:term":[{"taxonomy":"product_brand","embeddable":true,"href":"https:\/\/mod.wisdar.net\/tr\/wp-json\/wp\/v2\/product_brand?post=138706"},{"taxonomy":"product_cat","embeddable":true,"href":"https:\/\/mod.wisdar.net\/tr\/wp-json\/wp\/v2\/product_cat?post=138706"},{"taxonomy":"product_tag","embeddable":true,"href":"https:\/\/mod.wisdar.net\/tr\/wp-json\/wp\/v2\/product_tag?post=138706"}],"curies":[{"name":"wp","href":"https:\/\/api.w.org\/{rel}","templated":true}]}}