{"id":138756,"date":"2026-02-20T11:27:55","date_gmt":"2026-02-20T11:27:55","guid":{"rendered":"https:\/\/modesthanim.com\/product\/26y9019-armine-elbise-lacivert\/"},"modified":"2026-03-03T10:38:47","modified_gmt":"2026-03-03T10:38:47","slug":"26y9019-armine-elbise-lacivert","status":"publish","type":"product","link":"https:\/\/mod.wisdar.net\/tr\/urun\/26y9019-armine-elbise-lacivert\/","title":{"rendered":"26Y9019 Armine Elbise Lacivert"},"content":{"rendered":"<p>Lacivert \u00fczerine ince beyaz \u00e7izgileriyle marin ruhunu \u015fehir stiline ta\u015f\u0131yan bu uzun elbise, keten dokusunun ferahl\u0131\u011f\u0131yla g\u00fcn boyu konfor sunar. G\u00f6mlek yaka ve ayarlanabilir bel kemeri sil\u00fceti incelikle vurgularken, yan cepler tasar\u0131ma pratiklik katar. Yazdan sonbahara uzanan g\u00fcnlerde, deniz esintisini modern bir tav\u0131rla kombinlerinize ta\u015f\u0131r.<\/p>\n<p>\u00dcR\u00dcN BEDEN\u0130: 36<\/p>\n<p>MANKEN \u00d6L\u00c7\u00dcS\u00dc<\/p>\n<p>BOY: 177cm<br \/>\nG\u00d6\u011e\u00dcS: 84cm<br \/>\nBEL: 57cm<br \/>\nBASEN: 87cm<\/p>\n","protected":false},"excerpt":{"rendered":"<p>Lacivert \u00fczerine ince beyaz \u00e7izgileriyle marin ruhunu \u015fehir stiline ta\u015f\u0131yan bu uzun elbise, keten dokusunun ferahl\u0131\u011f\u0131yla g\u00fcn boyu konfor sunar. G\u00f6mlek yaka ve ayarlanabilir bel kemeri sil\u00fceti incelikle vurgularken, yan cepler tasar\u0131ma pratiklik katar. Yazdan sonbahara uzanan g\u00fcnlerde, deniz esintisini modern bir tav\u0131rla kombinlerinize ta\u015f\u0131r. \u00dcR\u00dcN BEDEN\u0130: 36 MANKEN \u00d6L\u00c7\u00dcS\u00dc BOY: 177cm G\u00d6\u011e\u00dcS: 84cm BEL: [&hellip;]<\/p>\n","protected":false},"featured_media":138744,"comment_status":"open","ping_status":"closed","template":"","meta":[],"product_brand":[],"product_cat":[6249,1933],"product_tag":[],"class_list":{"0":"post-138756","1":"product","2":"type-product","3":"status-publish","4":"has-post-thumbnail","6":"product_cat-elbiseler","7":"product_cat-gunluk-ve-gunduz-elbiseleri","8":"pa_color-lacivert","9":"pa_size-4701","10":"pa_size-4706","11":"pa_size-4711","12":"pa_size-4713","14":"first","15":"instock","16":"sale","17":"shipping-taxable","18":"purchasable","19":"product-type-variable"},"_links":{"self":[{"href":"https:\/\/mod.wisdar.net\/tr\/wp-json\/wp\/v2\/product\/138756","targetHints":{"allow":["GET"]}}],"collection":[{"href":"https:\/\/mod.wisdar.net\/tr\/wp-json\/wp\/v2\/product"}],"about":[{"href":"https:\/\/mod.wisdar.net\/tr\/wp-json\/wp\/v2\/types\/product"}],"replies":[{"embeddable":true,"href":"https:\/\/mod.wisdar.net\/tr\/wp-json\/wp\/v2\/comments?post=138756"}],"wp:featuredmedia":[{"embeddable":true,"href":"https:\/\/mod.wisdar.net\/tr\/wp-json\/wp\/v2\/media\/138744"}],"wp:attachment":[{"href":"https:\/\/mod.wisdar.net\/tr\/wp-json\/wp\/v2\/media?parent=138756"}],"wp:term":[{"taxonomy":"product_brand","embeddable":true,"href":"https:\/\/mod.wisdar.net\/tr\/wp-json\/wp\/v2\/product_brand?post=138756"},{"taxonomy":"product_cat","embeddable":true,"href":"https:\/\/mod.wisdar.net\/tr\/wp-json\/wp\/v2\/product_cat?post=138756"},{"taxonomy":"product_tag","embeddable":true,"href":"https:\/\/mod.wisdar.net\/tr\/wp-json\/wp\/v2\/product_tag?post=138756"}],"curies":[{"name":"wp","href":"https:\/\/api.w.org\/{rel}","templated":true}]}}