{"id":138777,"date":"2026-02-20T11:28:12","date_gmt":"2026-02-20T11:28:12","guid":{"rendered":"https:\/\/modesthanim.com\/product\/armine-trend-elbise-24kt904-kahverengi\/"},"modified":"2026-03-03T10:30:21","modified_gmt":"2026-03-03T10:30:21","slug":"armine-trend-elbise-24kt904-kahverengi","status":"publish","type":"product","link":"https:\/\/mod.wisdar.net\/tr\/urun\/armine-trend-elbise-24kt904-kahverengi\/","title":{"rendered":"Armine Trend Elbise 24KT904 Kahverengi"},"content":{"rendered":"<p>Flo\u015f dokusuyla zenginle\u015fen leopar deseni, elbiseye benzersiz bir derinlik ve hareket kazand\u0131r\u0131yor. Beldeki kemer detay\u0131 ise zarif bir siluet yarat\u0131rken, modern ve feminen bir \u015f\u0131kl\u0131k sunuyor. Hem \u00f6zel davetlerde hem de g\u00fcndelik kombinlerde \u00f6zg\u00fcn stilinizle \u00f6ne \u00e7\u0131k\u0131n.<\/p>\n<p>\u00dcR\u00dcN BEDEN\u0130: 36<\/p>\n<p>MANKEN \u00d6L\u00c7\u00dcS\u00dc<\/p>\n<p>BOY: 175cm<br \/>\nG\u00d6\u011e\u00dcS: 83cm<br \/>\nBEL: 60cm<br \/>\nBASEN: 89cm<\/p>\n","protected":false},"excerpt":{"rendered":"<p>Flo\u015f dokusuyla zenginle\u015fen leopar deseni, elbiseye benzersiz bir derinlik ve hareket kazand\u0131r\u0131yor. Beldeki kemer detay\u0131 ise zarif bir siluet yarat\u0131rken, modern ve feminen bir \u015f\u0131kl\u0131k sunuyor. Hem \u00f6zel davetlerde hem de g\u00fcndelik kombinlerde \u00f6zg\u00fcn stilinizle \u00f6ne \u00e7\u0131k\u0131n. \u00dcR\u00dcN BEDEN\u0130: 36 MANKEN \u00d6L\u00c7\u00dcS\u00dc BOY: 175cm G\u00d6\u011e\u00dcS: 83cm BEL: 60cm BASEN: 89cm<\/p>\n","protected":false},"featured_media":138765,"comment_status":"open","ping_status":"closed","template":"","meta":[],"product_brand":[],"product_cat":[6249,1933],"product_tag":[],"class_list":{"0":"post-138777","1":"product","2":"type-product","3":"status-publish","4":"has-post-thumbnail","6":"product_cat-elbiseler","7":"product_cat-gunluk-ve-gunduz-elbiseleri","8":"pa_color-kahverengi","9":"pa_size-4701","10":"pa_size-4706","11":"pa_size-4711","12":"pa_size-4713","14":"first","15":"instock","16":"sale","17":"shipping-taxable","18":"purchasable","19":"product-type-variable"},"_links":{"self":[{"href":"https:\/\/mod.wisdar.net\/tr\/wp-json\/wp\/v2\/product\/138777","targetHints":{"allow":["GET"]}}],"collection":[{"href":"https:\/\/mod.wisdar.net\/tr\/wp-json\/wp\/v2\/product"}],"about":[{"href":"https:\/\/mod.wisdar.net\/tr\/wp-json\/wp\/v2\/types\/product"}],"replies":[{"embeddable":true,"href":"https:\/\/mod.wisdar.net\/tr\/wp-json\/wp\/v2\/comments?post=138777"}],"wp:featuredmedia":[{"embeddable":true,"href":"https:\/\/mod.wisdar.net\/tr\/wp-json\/wp\/v2\/media\/138765"}],"wp:attachment":[{"href":"https:\/\/mod.wisdar.net\/tr\/wp-json\/wp\/v2\/media?parent=138777"}],"wp:term":[{"taxonomy":"product_brand","embeddable":true,"href":"https:\/\/mod.wisdar.net\/tr\/wp-json\/wp\/v2\/product_brand?post=138777"},{"taxonomy":"product_cat","embeddable":true,"href":"https:\/\/mod.wisdar.net\/tr\/wp-json\/wp\/v2\/product_cat?post=138777"},{"taxonomy":"product_tag","embeddable":true,"href":"https:\/\/mod.wisdar.net\/tr\/wp-json\/wp\/v2\/product_tag?post=138777"}],"curies":[{"name":"wp","href":"https:\/\/api.w.org\/{rel}","templated":true}]}}