{"id":138847,"date":"2026-02-20T11:29:11","date_gmt":"2026-02-20T11:29:11","guid":{"rendered":"https:\/\/modesthanim.com\/product\/26y9012-armine-elbise-lacivert\/"},"modified":"2026-03-03T10:38:33","modified_gmt":"2026-03-03T10:38:33","slug":"26y9012-armine-elbise-lacivert","status":"publish","type":"product","link":"https:\/\/mod.wisdar.net\/tr\/urun\/26y9012-armine-elbise-lacivert\/","title":{"rendered":"26Y9012 Armine Elbise Lacivert"},"content":{"rendered":"<p>\u00dcR\u00dcN BEDEN\u0130: 36<\/p>\n<p>MANKEN \u00d6L\u00c7\u00dcS\u00dc<br \/>\nBOY: 177cm<br \/>\nG\u00d6\u011e\u00dcS: 83cm<br \/>\nBEL: 58cm<br \/>\nBASEN: 90cm<\/p>\n","protected":false},"excerpt":{"rendered":"<p>\u00dcR\u00dcN BEDEN\u0130: 36 MANKEN \u00d6L\u00c7\u00dcS\u00dc BOY: 177cm G\u00d6\u011e\u00dcS: 83cm BEL: 58cm BASEN: 90cm<\/p>\n","protected":false},"featured_media":138834,"comment_status":"open","ping_status":"closed","template":"","meta":[],"product_brand":[],"product_cat":[6249,1933],"product_tag":[],"class_list":{"0":"post-138847","1":"product","2":"type-product","3":"status-publish","4":"has-post-thumbnail","6":"product_cat-elbiseler","7":"product_cat-gunluk-ve-gunduz-elbiseleri","8":"pa_color-mavi","9":"pa_size-4701","10":"pa_size-4706","11":"pa_size-4711","12":"pa_size-4713","14":"first","15":"instock","16":"sale","17":"shipping-taxable","18":"purchasable","19":"product-type-variable"},"_links":{"self":[{"href":"https:\/\/mod.wisdar.net\/tr\/wp-json\/wp\/v2\/product\/138847","targetHints":{"allow":["GET"]}}],"collection":[{"href":"https:\/\/mod.wisdar.net\/tr\/wp-json\/wp\/v2\/product"}],"about":[{"href":"https:\/\/mod.wisdar.net\/tr\/wp-json\/wp\/v2\/types\/product"}],"replies":[{"embeddable":true,"href":"https:\/\/mod.wisdar.net\/tr\/wp-json\/wp\/v2\/comments?post=138847"}],"wp:featuredmedia":[{"embeddable":true,"href":"https:\/\/mod.wisdar.net\/tr\/wp-json\/wp\/v2\/media\/138834"}],"wp:attachment":[{"href":"https:\/\/mod.wisdar.net\/tr\/wp-json\/wp\/v2\/media?parent=138847"}],"wp:term":[{"taxonomy":"product_brand","embeddable":true,"href":"https:\/\/mod.wisdar.net\/tr\/wp-json\/wp\/v2\/product_brand?post=138847"},{"taxonomy":"product_cat","embeddable":true,"href":"https:\/\/mod.wisdar.net\/tr\/wp-json\/wp\/v2\/product_cat?post=138847"},{"taxonomy":"product_tag","embeddable":true,"href":"https:\/\/mod.wisdar.net\/tr\/wp-json\/wp\/v2\/product_tag?post=138847"}],"curies":[{"name":"wp","href":"https:\/\/api.w.org\/{rel}","templated":true}]}}