{"id":138896,"date":"2026-02-20T11:29:58","date_gmt":"2026-02-20T11:29:58","guid":{"rendered":"https:\/\/modesthanim.com\/product\/armine-balon-kollu-elbise-25kd4013-kum\/"},"modified":"2026-03-03T10:30:33","modified_gmt":"2026-03-03T10:30:33","slug":"armine-balon-kollu-elbise-25kd4013-kum","status":"publish","type":"product","link":"https:\/\/mod.wisdar.net\/tr\/urun\/armine-balon-kollu-elbise-25kd4013-kum\/","title":{"rendered":"Armine Balon Kollu Elbise 25KD4013 Kum"},"content":{"rendered":"<p>Ak\u0131\u015fkan dokusu ve do\u011fal duru\u015fuyla dikkat \u00e7eken bu elbise, balon kollar\u0131 ve belden ba\u011flamal\u0131 ku\u015fa\u011f\u0131 sayesinde feminen bir sil\u00fcet \u00f6ne \u00e7\u0131kar\u0131yor. Sade \u00e7izgilerin modern bir incelikle yorumland\u0131\u011f\u0131 tasar\u0131m, \u015fehir temposuna e\u015flik eden zamans\u0131z bir \u015f\u0131kl\u0131k sunuyor. Gard\u0131robun sezon s\u0131n\u0131rlar\u0131n\u0131 a\u015fan bu par\u00e7as\u0131, minimalizmin en zarif hali.<\/p>\n<p>\u00dcR\u00dcN BEDEN\u0130: 38<\/p>\n<p>MANKEN \u00d6L\u00c7\u00dcS\u00dc<\/p>\n<p>BOY: 177cm<br \/>\nG\u00d6\u011e\u00dcS: 84cm<br \/>\nBEL: 57cm<br \/>\nBASEN: 87cm<\/p>\n<p>Kapama \u015eekli: D\u00fc\u011fme Kapama<\/p>\n","protected":false},"excerpt":{"rendered":"<p>Ak\u0131\u015fkan dokusu ve do\u011fal duru\u015fuyla dikkat \u00e7eken bu elbise, balon kollar\u0131 ve belden ba\u011flamal\u0131 ku\u015fa\u011f\u0131 sayesinde feminen bir sil\u00fcet \u00f6ne \u00e7\u0131kar\u0131yor. Sade \u00e7izgilerin modern bir incelikle yorumland\u0131\u011f\u0131 tasar\u0131m, \u015fehir temposuna e\u015flik eden zamans\u0131z bir \u015f\u0131kl\u0131k sunuyor. Gard\u0131robun sezon s\u0131n\u0131rlar\u0131n\u0131 a\u015fan bu par\u00e7as\u0131, minimalizmin en zarif hali. \u00dcR\u00dcN BEDEN\u0130: 38 MANKEN \u00d6L\u00c7\u00dcS\u00dc BOY: 177cm G\u00d6\u011e\u00dcS: 84cm [&hellip;]<\/p>\n","protected":false},"featured_media":138884,"comment_status":"open","ping_status":"closed","template":"","meta":[],"product_brand":[],"product_cat":[6249,1933],"product_tag":[],"class_list":{"0":"post-138896","1":"product","2":"type-product","3":"status-publish","4":"has-post-thumbnail","6":"product_cat-elbiseler","7":"product_cat-gunluk-ve-gunduz-elbiseleri","8":"pa_color-bej","9":"pa_size-4706","10":"pa_size-4711","11":"pa_size-4713","12":"pa_size-4751","14":"first","15":"instock","16":"sale","17":"shipping-taxable","18":"purchasable","19":"product-type-variable"},"_links":{"self":[{"href":"https:\/\/mod.wisdar.net\/tr\/wp-json\/wp\/v2\/product\/138896","targetHints":{"allow":["GET"]}}],"collection":[{"href":"https:\/\/mod.wisdar.net\/tr\/wp-json\/wp\/v2\/product"}],"about":[{"href":"https:\/\/mod.wisdar.net\/tr\/wp-json\/wp\/v2\/types\/product"}],"replies":[{"embeddable":true,"href":"https:\/\/mod.wisdar.net\/tr\/wp-json\/wp\/v2\/comments?post=138896"}],"wp:featuredmedia":[{"embeddable":true,"href":"https:\/\/mod.wisdar.net\/tr\/wp-json\/wp\/v2\/media\/138884"}],"wp:attachment":[{"href":"https:\/\/mod.wisdar.net\/tr\/wp-json\/wp\/v2\/media?parent=138896"}],"wp:term":[{"taxonomy":"product_brand","embeddable":true,"href":"https:\/\/mod.wisdar.net\/tr\/wp-json\/wp\/v2\/product_brand?post=138896"},{"taxonomy":"product_cat","embeddable":true,"href":"https:\/\/mod.wisdar.net\/tr\/wp-json\/wp\/v2\/product_cat?post=138896"},{"taxonomy":"product_tag","embeddable":true,"href":"https:\/\/mod.wisdar.net\/tr\/wp-json\/wp\/v2\/product_tag?post=138896"}],"curies":[{"name":"wp","href":"https:\/\/api.w.org\/{rel}","templated":true}]}}