{"id":138918,"date":"2026-02-20T11:30:16","date_gmt":"2026-02-20T11:30:16","guid":{"rendered":"https:\/\/modesthanim.com\/product\/armine-kemerli-elbise-25k9909-kahverengi\/"},"modified":"2026-04-02T20:35:44","modified_gmt":"2026-04-02T20:35:44","slug":"armine-kemerli-elbise-25k9909-kahverengi","status":"publish","type":"product","link":"https:\/\/mod.wisdar.net\/tr\/urun\/armine-kemerli-elbise-25k9909-kahverengi\/","title":{"rendered":"Armine Kemerli Elbise 25K9909 Kahverengi"},"content":{"rendered":"<p>Klasik elbise \u00e7izgilerini rafine ederek minimal ama ayn\u0131 zamanda fark olu\u015fturan bir tasar\u0131ma d\u00f6n\u00fc\u015fen elbise, gard\u0131robunuzun favori par\u00e7as\u0131 olmaya aday. D\u00fc\u011fme aksesuarlar\u0131 ve tasar\u0131m kemeri ile detaylan\u0131rken, pamuklu kuma\u015f\u0131 ile hem \u015f\u0131kl\u0131\u011f\u0131 hem de konforu sunuyor.<\/p>\n<p>\u00dcR\u00dcN BEDEN\u0130: 38<\/p>\n<p>MANKEN \u00d6L\u00c7\u00dcS\u00dc<\/p>\n<p>BOY: 181cm<br \/>\nG\u00d6\u011e\u00dcS: 78cm<br \/>\nBEL: 59cm<br \/>\nBASEN: 89cm<\/p>\n","protected":false},"excerpt":{"rendered":"<p>Klasik elbise \u00e7izgilerini rafine ederek minimal ama ayn\u0131 zamanda fark olu\u015fturan bir tasar\u0131ma d\u00f6n\u00fc\u015fen elbise, gard\u0131robunuzun favori par\u00e7as\u0131 olmaya aday. D\u00fc\u011fme aksesuarlar\u0131 ve tasar\u0131m kemeri ile detaylan\u0131rken, pamuklu kuma\u015f\u0131 ile hem \u015f\u0131kl\u0131\u011f\u0131 hem de konforu sunuyor. \u00dcR\u00dcN BEDEN\u0130: 38 MANKEN \u00d6L\u00c7\u00dcS\u00dc BOY: 181cm G\u00d6\u011e\u00dcS: 78cm BEL: 59cm BASEN: 89cm<\/p>\n","protected":false},"featured_media":138905,"comment_status":"open","ping_status":"closed","template":"","meta":[],"product_brand":[],"product_cat":[6249,1933],"product_tag":[],"class_list":{"0":"post-138918","1":"product","2":"type-product","3":"status-publish","4":"has-post-thumbnail","6":"product_cat-elbiseler","7":"product_cat-gunluk-ve-gunduz-elbiseleri","8":"pa_brand-armine","9":"pa_color-kahverengi","10":"pa_size-4706","11":"pa_size-4711","12":"pa_size-4713","13":"pa_size-4751","15":"first","16":"outofstock","17":"shipping-taxable","18":"product-type-variable"},"_links":{"self":[{"href":"https:\/\/mod.wisdar.net\/tr\/wp-json\/wp\/v2\/product\/138918","targetHints":{"allow":["GET"]}}],"collection":[{"href":"https:\/\/mod.wisdar.net\/tr\/wp-json\/wp\/v2\/product"}],"about":[{"href":"https:\/\/mod.wisdar.net\/tr\/wp-json\/wp\/v2\/types\/product"}],"replies":[{"embeddable":true,"href":"https:\/\/mod.wisdar.net\/tr\/wp-json\/wp\/v2\/comments?post=138918"}],"wp:featuredmedia":[{"embeddable":true,"href":"https:\/\/mod.wisdar.net\/tr\/wp-json\/wp\/v2\/media\/138905"}],"wp:attachment":[{"href":"https:\/\/mod.wisdar.net\/tr\/wp-json\/wp\/v2\/media?parent=138918"}],"wp:term":[{"taxonomy":"product_brand","embeddable":true,"href":"https:\/\/mod.wisdar.net\/tr\/wp-json\/wp\/v2\/product_brand?post=138918"},{"taxonomy":"product_cat","embeddable":true,"href":"https:\/\/mod.wisdar.net\/tr\/wp-json\/wp\/v2\/product_cat?post=138918"},{"taxonomy":"product_tag","embeddable":true,"href":"https:\/\/mod.wisdar.net\/tr\/wp-json\/wp\/v2\/product_tag?post=138918"}],"curies":[{"name":"wp","href":"https:\/\/api.w.org\/{rel}","templated":true}]}}