{"id":138951,"date":"2026-02-20T11:30:53","date_gmt":"2026-02-20T11:30:53","guid":{"rendered":"https:\/\/modesthanim.com\/product\/armine-fermuar-detayli-elbise-25kd4006-haki\/"},"modified":"2026-04-15T22:44:06","modified_gmt":"2026-04-15T22:44:06","slug":"armine-fermuar-detayli-elbise-25kd4006-haki","status":"publish","type":"product","link":"https:\/\/mod.wisdar.net\/tr\/urun\/armine-fermuar-detayli-elbise-25kd4006-haki\/","title":{"rendered":"Armine Fermuar Detayl\u0131 Elbise 25KD4006 Haki"},"content":{"rendered":"<p>Lyocell i\u00e7erikli kuma\u015f\u0131 sayesinde hafiflik ve nefes alabilirlik sunan bu elbise, fermuar detay\u0131 ve bel ku\u015fa\u011f\u0131yla modern bir g\u00f6r\u00fcn\u00fcm kazan\u0131yor. Rahat kal\u0131b\u0131 ve ak\u0131c\u0131 formu, \u015fehir hayat\u0131n\u0131n temposunda g\u00fcn boyu konfor sa\u011fl\u0131yor. \u015e\u0131kl\u0131k ve i\u015flevselli\u011fi bir arada sunan bu tasar\u0131m, Zamans\u0131z ve g\u00fc\u00e7l\u00fc duru\u015fuyla, her d\u00f6nemin gard\u0131robuna e\u015flik edecek ikonik bir par\u00e7a.<\/p>\n<p>\u00dcR\u00dcN BEDEN\u0130: 38<\/p>\n<p>MANKEN \u00d6L\u00c7\u00dcS\u00dc<\/p>\n<p>BOY: 177cm<br \/>\nG\u00d6\u011e\u00dcS: 83cm<br \/>\nBEL: 58cm<br \/>\nBASEN: 90cm<\/p>\n","protected":false},"excerpt":{"rendered":"<p>Lyocell i\u00e7erikli kuma\u015f\u0131 sayesinde hafiflik ve nefes alabilirlik sunan bu elbise, fermuar detay\u0131 ve bel ku\u015fa\u011f\u0131yla modern bir g\u00f6r\u00fcn\u00fcm kazan\u0131yor. Rahat kal\u0131b\u0131 ve ak\u0131c\u0131 formu, \u015fehir hayat\u0131n\u0131n temposunda g\u00fcn boyu konfor sa\u011fl\u0131yor. \u015e\u0131kl\u0131k ve i\u015flevselli\u011fi bir arada sunan bu tasar\u0131m, Zamans\u0131z ve g\u00fc\u00e7l\u00fc duru\u015fuyla, her d\u00f6nemin gard\u0131robuna e\u015flik edecek ikonik bir par\u00e7a. \u00dcR\u00dcN BEDEN\u0130: 38 [&hellip;]<\/p>\n","protected":false},"featured_media":138946,"comment_status":"open","ping_status":"closed","template":"","meta":[],"product_brand":[],"product_cat":[6249,1933],"product_tag":[],"class_list":{"0":"post-138951","1":"product","2":"type-product","3":"status-publish","4":"has-post-thumbnail","6":"product_cat-elbiseler","7":"product_cat-gunluk-ve-gunduz-elbiseleri","8":"pa_brand-armine","9":"pa_color-haki","10":"pa_size-4706","11":"pa_size-4711","12":"pa_size-4713","14":"first","15":"instock","16":"sale","17":"shipping-taxable","18":"purchasable","19":"product-type-variable"},"_links":{"self":[{"href":"https:\/\/mod.wisdar.net\/tr\/wp-json\/wp\/v2\/product\/138951","targetHints":{"allow":["GET"]}}],"collection":[{"href":"https:\/\/mod.wisdar.net\/tr\/wp-json\/wp\/v2\/product"}],"about":[{"href":"https:\/\/mod.wisdar.net\/tr\/wp-json\/wp\/v2\/types\/product"}],"replies":[{"embeddable":true,"href":"https:\/\/mod.wisdar.net\/tr\/wp-json\/wp\/v2\/comments?post=138951"}],"wp:featuredmedia":[{"embeddable":true,"href":"https:\/\/mod.wisdar.net\/tr\/wp-json\/wp\/v2\/media\/138946"}],"wp:attachment":[{"href":"https:\/\/mod.wisdar.net\/tr\/wp-json\/wp\/v2\/media?parent=138951"}],"wp:term":[{"taxonomy":"product_brand","embeddable":true,"href":"https:\/\/mod.wisdar.net\/tr\/wp-json\/wp\/v2\/product_brand?post=138951"},{"taxonomy":"product_cat","embeddable":true,"href":"https:\/\/mod.wisdar.net\/tr\/wp-json\/wp\/v2\/product_cat?post=138951"},{"taxonomy":"product_tag","embeddable":true,"href":"https:\/\/mod.wisdar.net\/tr\/wp-json\/wp\/v2\/product_tag?post=138951"}],"curies":[{"name":"wp","href":"https:\/\/api.w.org\/{rel}","templated":true}]}}