{"id":138999,"date":"2026-02-20T11:31:32","date_gmt":"2026-02-20T11:31:32","guid":{"rendered":"https:\/\/modesthanim.com\/product\/armine-elbise-ortd9435-1-aci-kahve\/"},"modified":"2026-03-03T10:38:18","modified_gmt":"2026-03-03T10:38:18","slug":"armine-elbise-ortd9435-1-aci-kahve","status":"publish","type":"product","link":"https:\/\/mod.wisdar.net\/tr\/urun\/armine-elbise-ortd9435-1-aci-kahve\/","title":{"rendered":"Armine Elbise ORTD9435-1 Ac\u0131 Kahve"},"content":{"rendered":"<p>Zarif pilise dokusu ve ak\u0131c\u0131 siluetiyle \u00f6ne \u00e7\u0131kan bu elbise, sade tasar\u0131m\u0131 modern bir duru\u015fla birle\u015ftirir. Hafif yap\u0131s\u0131 g\u00fcn boyu rahatl\u0131k sunarken, beldeki ba\u011flama detay\u0131 formu nazik\u00e7e vurgular. Hem g\u00fcnl\u00fck \u015f\u0131kl\u0131\u011fa hem de \u00f6zel anlara uyum sa\u011flayan, zamans\u0131z ve sofistike bir par\u00e7a.<\/p>\n<p>\u00dcR\u00dcN BEDEN\u0130: 38<\/p>\n<p>MANKEN \u00d6L\u00c7\u00dcS\u00dc<\/p>\n<p>BOY: 178cm<br \/>\nG\u00d6\u011e\u00dcS: 80cm<br \/>\nBEL: 60cm<br \/>\nBASEN: 89cm<\/p>\n","protected":false},"excerpt":{"rendered":"<p>Zarif pilise dokusu ve ak\u0131c\u0131 siluetiyle \u00f6ne \u00e7\u0131kan bu elbise, sade tasar\u0131m\u0131 modern bir duru\u015fla birle\u015ftirir. Hafif yap\u0131s\u0131 g\u00fcn boyu rahatl\u0131k sunarken, beldeki ba\u011flama detay\u0131 formu nazik\u00e7e vurgular. Hem g\u00fcnl\u00fck \u015f\u0131kl\u0131\u011fa hem de \u00f6zel anlara uyum sa\u011flayan, zamans\u0131z ve sofistike bir par\u00e7a. \u00dcR\u00dcN BEDEN\u0130: 38 MANKEN \u00d6L\u00c7\u00dcS\u00dc BOY: 178cm G\u00d6\u011e\u00dcS: 80cm BEL: 60cm BASEN: 89cm<\/p>\n","protected":false},"featured_media":138993,"comment_status":"open","ping_status":"closed","template":"","meta":[],"product_brand":[],"product_cat":[6249,1933],"product_tag":[6926,6936,5012,6766,5013,6747],"class_list":{"0":"post-138999","1":"product","2":"type-product","3":"status-publish","4":"has-post-thumbnail","6":"product_cat-elbiseler","7":"product_cat-gunluk-ve-gunduz-elbiseleri","8":"product_tag-akiskan","9":"product_tag-cok-yonlu","10":"product_tag-elegant","11":"product_tag-hafif","12":"product_tag-modern","13":"product_tag-pile-detayli","14":"pa_color-kahverengi","15":"pa_size-4706","16":"pa_size-4711","17":"pa_size-4713","18":"pa_size-4751","20":"first","21":"instock","22":"sale","23":"shipping-taxable","24":"purchasable","25":"product-type-variable"},"_links":{"self":[{"href":"https:\/\/mod.wisdar.net\/tr\/wp-json\/wp\/v2\/product\/138999","targetHints":{"allow":["GET"]}}],"collection":[{"href":"https:\/\/mod.wisdar.net\/tr\/wp-json\/wp\/v2\/product"}],"about":[{"href":"https:\/\/mod.wisdar.net\/tr\/wp-json\/wp\/v2\/types\/product"}],"replies":[{"embeddable":true,"href":"https:\/\/mod.wisdar.net\/tr\/wp-json\/wp\/v2\/comments?post=138999"}],"wp:featuredmedia":[{"embeddable":true,"href":"https:\/\/mod.wisdar.net\/tr\/wp-json\/wp\/v2\/media\/138993"}],"wp:attachment":[{"href":"https:\/\/mod.wisdar.net\/tr\/wp-json\/wp\/v2\/media?parent=138999"}],"wp:term":[{"taxonomy":"product_brand","embeddable":true,"href":"https:\/\/mod.wisdar.net\/tr\/wp-json\/wp\/v2\/product_brand?post=138999"},{"taxonomy":"product_cat","embeddable":true,"href":"https:\/\/mod.wisdar.net\/tr\/wp-json\/wp\/v2\/product_cat?post=138999"},{"taxonomy":"product_tag","embeddable":true,"href":"https:\/\/mod.wisdar.net\/tr\/wp-json\/wp\/v2\/product_tag?post=138999"}],"curies":[{"name":"wp","href":"https:\/\/api.w.org\/{rel}","templated":true}]}}