{"id":139009,"date":"2026-02-20T11:31:38","date_gmt":"2026-02-20T11:31:38","guid":{"rendered":"https:\/\/modesthanim.com\/product\/armine-elbise-ortd9435-1-ekru\/"},"modified":"2026-03-03T10:30:52","modified_gmt":"2026-03-03T10:30:52","slug":"armine-elbise-ortd9435-1-ekru","status":"publish","type":"product","link":"https:\/\/mod.wisdar.net\/tr\/urun\/armine-elbise-ortd9435-1-ekru\/","title":{"rendered":"Armine Elbise ORTD9435-1 Ekru"},"content":{"rendered":"<p>\u00dcR\u00dcN BEDEN\u0130: 38<\/p>\n<p>MANKEN \u00d6L\u00c7\u00dcLER\u0130<\/p>\n<p>BOY: 176cm<br \/>\nG\u00d6\u011e\u00dcS: 82cm<br \/>\nBEL: 61cm<br \/>\nBASEN: 88cm<\/p>\n","protected":false},"excerpt":{"rendered":"<p>\u00dcR\u00dcN BEDEN\u0130: 38 MANKEN \u00d6L\u00c7\u00dcLER\u0130 BOY: 176cm G\u00d6\u011e\u00dcS: 82cm BEL: 61cm BASEN: 88cm<\/p>\n","protected":false},"featured_media":139004,"comment_status":"open","ping_status":"closed","template":"","meta":[],"product_brand":[],"product_cat":[6249,1933],"product_tag":[],"class_list":{"0":"post-139009","1":"product","2":"type-product","3":"status-publish","4":"has-post-thumbnail","6":"product_cat-elbiseler","7":"product_cat-gunluk-ve-gunduz-elbiseleri","8":"pa_color-beyaz","9":"pa_size-4706","10":"pa_size-4711","11":"pa_size-4713","12":"pa_size-4751","14":"first","15":"instock","16":"sale","17":"shipping-taxable","18":"purchasable","19":"product-type-variable"},"_links":{"self":[{"href":"https:\/\/mod.wisdar.net\/tr\/wp-json\/wp\/v2\/product\/139009","targetHints":{"allow":["GET"]}}],"collection":[{"href":"https:\/\/mod.wisdar.net\/tr\/wp-json\/wp\/v2\/product"}],"about":[{"href":"https:\/\/mod.wisdar.net\/tr\/wp-json\/wp\/v2\/types\/product"}],"replies":[{"embeddable":true,"href":"https:\/\/mod.wisdar.net\/tr\/wp-json\/wp\/v2\/comments?post=139009"}],"wp:featuredmedia":[{"embeddable":true,"href":"https:\/\/mod.wisdar.net\/tr\/wp-json\/wp\/v2\/media\/139004"}],"wp:attachment":[{"href":"https:\/\/mod.wisdar.net\/tr\/wp-json\/wp\/v2\/media?parent=139009"}],"wp:term":[{"taxonomy":"product_brand","embeddable":true,"href":"https:\/\/mod.wisdar.net\/tr\/wp-json\/wp\/v2\/product_brand?post=139009"},{"taxonomy":"product_cat","embeddable":true,"href":"https:\/\/mod.wisdar.net\/tr\/wp-json\/wp\/v2\/product_cat?post=139009"},{"taxonomy":"product_tag","embeddable":true,"href":"https:\/\/mod.wisdar.net\/tr\/wp-json\/wp\/v2\/product_tag?post=139009"}],"curies":[{"name":"wp","href":"https:\/\/api.w.org\/{rel}","templated":true}]}}