{"id":139050,"date":"2026-02-20T11:32:26","date_gmt":"2026-02-20T11:32:26","guid":{"rendered":"https:\/\/modesthanim.com\/product\/armine-kemerli-anvelop-elbise-25kd9008-haki\/"},"modified":"2026-04-04T00:35:26","modified_gmt":"2026-04-04T00:35:26","slug":"armine-kemerli-anvelop-elbise-25kd9008-haki","status":"publish","type":"product","link":"https:\/\/mod.wisdar.net\/tr\/urun\/armine-kemerli-anvelop-elbise-25kd9008-haki\/","title":{"rendered":"Armine Kemerli Anvelop Elbise 25KD9008 Haki"},"content":{"rendered":"<p>%100 pamuk kuma\u015f\u0131yla nefes alabilen ve g\u00fcn boyu konfor sunan bu elbise, anvelop kesimi ve yan ba\u011flama detay\u0131yla zarif bir sil\u00fcet olu\u015fturuyor. Bel hatt\u0131n\u0131 vurgulayan kemeri ve sade \u00e7izgisiyle g\u00fcnl\u00fck \u015fehir stilinde \u015f\u0131kl\u0131\u011f\u0131 \u00f6n plana \u00e7\u0131kar\u0131yor. Rahat ve modern tasar\u0131m\u0131yla hem konforu hem de stili bir arada arayanlar i\u00e7in ideal.<\/p>\n<p>\u00dcR\u00dcN BEDEN\u0130: 38<\/p>\n<p>MANKEN \u00d6L\u00c7\u00dcS\u00dc<\/p>\n<p>BOY: 177cm<br \/>\nG\u00d6\u011e\u00dcS: 84cm<br \/>\nBEL: 57cm<br \/>\nBASEN: 87cm<\/p>\n<p>Kapama \u015eekli: Fermuar Kapama<\/p>\n","protected":false},"excerpt":{"rendered":"<p>%100 pamuk kuma\u015f\u0131yla nefes alabilen ve g\u00fcn boyu konfor sunan bu elbise, anvelop kesimi ve yan ba\u011flama detay\u0131yla zarif bir sil\u00fcet olu\u015fturuyor. Bel hatt\u0131n\u0131 vurgulayan kemeri ve sade \u00e7izgisiyle g\u00fcnl\u00fck \u015fehir stilinde \u015f\u0131kl\u0131\u011f\u0131 \u00f6n plana \u00e7\u0131kar\u0131yor. Rahat ve modern tasar\u0131m\u0131yla hem konforu hem de stili bir arada arayanlar i\u00e7in ideal. \u00dcR\u00dcN BEDEN\u0130: 38 MANKEN \u00d6L\u00c7\u00dcS\u00dc [&hellip;]<\/p>\n","protected":false},"featured_media":139046,"comment_status":"open","ping_status":"closed","template":"","meta":[],"product_brand":[],"product_cat":[6249,1933],"product_tag":[],"class_list":{"0":"post-139050","1":"product","2":"type-product","3":"status-publish","4":"has-post-thumbnail","6":"product_cat-elbiseler","7":"product_cat-gunluk-ve-gunduz-elbiseleri","8":"pa_brand-armine","9":"pa_color-haki","10":"pa_size-4706","11":"pa_size-4711","12":"pa_size-4713","14":"first","15":"instock","16":"sale","17":"shipping-taxable","18":"purchasable","19":"product-type-variable"},"_links":{"self":[{"href":"https:\/\/mod.wisdar.net\/tr\/wp-json\/wp\/v2\/product\/139050","targetHints":{"allow":["GET"]}}],"collection":[{"href":"https:\/\/mod.wisdar.net\/tr\/wp-json\/wp\/v2\/product"}],"about":[{"href":"https:\/\/mod.wisdar.net\/tr\/wp-json\/wp\/v2\/types\/product"}],"replies":[{"embeddable":true,"href":"https:\/\/mod.wisdar.net\/tr\/wp-json\/wp\/v2\/comments?post=139050"}],"wp:featuredmedia":[{"embeddable":true,"href":"https:\/\/mod.wisdar.net\/tr\/wp-json\/wp\/v2\/media\/139046"}],"wp:attachment":[{"href":"https:\/\/mod.wisdar.net\/tr\/wp-json\/wp\/v2\/media?parent=139050"}],"wp:term":[{"taxonomy":"product_brand","embeddable":true,"href":"https:\/\/mod.wisdar.net\/tr\/wp-json\/wp\/v2\/product_brand?post=139050"},{"taxonomy":"product_cat","embeddable":true,"href":"https:\/\/mod.wisdar.net\/tr\/wp-json\/wp\/v2\/product_cat?post=139050"},{"taxonomy":"product_tag","embeddable":true,"href":"https:\/\/mod.wisdar.net\/tr\/wp-json\/wp\/v2\/product_tag?post=139050"}],"curies":[{"name":"wp","href":"https:\/\/api.w.org\/{rel}","templated":true}]}}