{"id":139087,"date":"2026-02-20T11:33:15","date_gmt":"2026-02-20T11:33:15","guid":{"rendered":"https:\/\/modesthanim.com\/product\/armine-elbise-25kd7002-aci-kahve\/"},"modified":"2026-04-15T22:20:35","modified_gmt":"2026-04-15T22:20:35","slug":"armine-elbise-25kd7002-aci-kahve","status":"publish","type":"product","link":"https:\/\/mod.wisdar.net\/tr\/urun\/armine-elbise-25kd7002-aci-kahve\/","title":{"rendered":"Armine Elbise 25KD7002 Ac\u0131 Kahve"},"content":{"rendered":"<p>Sade \u00e7izgisiyle sofistike bir duru\u015f sunan bu triko elbise, konfor ve \u015f\u0131kl\u0131\u011f\u0131 bir arada ya\u015fat\u0131yor. Yumu\u015fak dokusu ve kusursuz formu sayesinde her ad\u0131mda zarafeti hissettiriyor. G\u00fcnd\u00fczden geceye uzanan stilinizi tamamlayan bu par\u00e7a, minimal tarz\u0131n en g\u00fc\u00e7l\u00fc temsilcisi.<\/p>\n<p>\u00dcR\u00dcN BEDEN\u0130: M<\/p>\n<p>MANKEN \u00d6L\u00c7\u00dcS\u00dc<\/p>\n<p>BOY: 176cm<br \/>\nG\u00d6\u011e\u00dcS: 82cm<br \/>\nBEL: 61cm<br \/>\nBASEN: 88cm<\/p>\n","protected":false},"excerpt":{"rendered":"<p>Sade \u00e7izgisiyle sofistike bir duru\u015f sunan bu triko elbise, konfor ve \u015f\u0131kl\u0131\u011f\u0131 bir arada ya\u015fat\u0131yor. Yumu\u015fak dokusu ve kusursuz formu sayesinde her ad\u0131mda zarafeti hissettiriyor. G\u00fcnd\u00fczden geceye uzanan stilinizi tamamlayan bu par\u00e7a, minimal tarz\u0131n en g\u00fc\u00e7l\u00fc temsilcisi. \u00dcR\u00dcN BEDEN\u0130: M MANKEN \u00d6L\u00c7\u00dcS\u00dc BOY: 176cm G\u00d6\u011e\u00dcS: 82cm BEL: 61cm BASEN: 88cm<\/p>\n","protected":false},"featured_media":139082,"comment_status":"open","ping_status":"closed","template":"","meta":[],"product_brand":[],"product_cat":[6249,1933],"product_tag":[6936,5012,7144,6751],"class_list":{"0":"post-139087","1":"product","2":"type-product","3":"status-publish","4":"has-post-thumbnail","6":"product_cat-elbiseler","7":"product_cat-gunluk-ve-gunduz-elbiseleri","8":"product_tag-cok-yonlu","9":"product_tag-elegant","10":"product_tag-minimalist","11":"product_tag-rahat","12":"pa_brand-armine","13":"pa_color-aci-kahve","14":"pa_size-l","15":"pa_size-m","17":"first","18":"instock","19":"sale","20":"shipping-taxable","21":"purchasable","22":"product-type-variable"},"_links":{"self":[{"href":"https:\/\/mod.wisdar.net\/tr\/wp-json\/wp\/v2\/product\/139087","targetHints":{"allow":["GET"]}}],"collection":[{"href":"https:\/\/mod.wisdar.net\/tr\/wp-json\/wp\/v2\/product"}],"about":[{"href":"https:\/\/mod.wisdar.net\/tr\/wp-json\/wp\/v2\/types\/product"}],"replies":[{"embeddable":true,"href":"https:\/\/mod.wisdar.net\/tr\/wp-json\/wp\/v2\/comments?post=139087"}],"wp:featuredmedia":[{"embeddable":true,"href":"https:\/\/mod.wisdar.net\/tr\/wp-json\/wp\/v2\/media\/139082"}],"wp:attachment":[{"href":"https:\/\/mod.wisdar.net\/tr\/wp-json\/wp\/v2\/media?parent=139087"}],"wp:term":[{"taxonomy":"product_brand","embeddable":true,"href":"https:\/\/mod.wisdar.net\/tr\/wp-json\/wp\/v2\/product_brand?post=139087"},{"taxonomy":"product_cat","embeddable":true,"href":"https:\/\/mod.wisdar.net\/tr\/wp-json\/wp\/v2\/product_cat?post=139087"},{"taxonomy":"product_tag","embeddable":true,"href":"https:\/\/mod.wisdar.net\/tr\/wp-json\/wp\/v2\/product_tag?post=139087"}],"curies":[{"name":"wp","href":"https:\/\/api.w.org\/{rel}","templated":true}]}}