{"id":139095,"date":"2026-02-20T11:33:30","date_gmt":"2026-02-20T11:33:30","guid":{"rendered":"https:\/\/modesthanim.com\/product\/armine-elbise-25kd7002-siyah\/"},"modified":"2026-04-15T22:52:49","modified_gmt":"2026-04-15T22:52:49","slug":"armine-elbise-25kd7002-siyah","status":"publish","type":"product","link":"https:\/\/mod.wisdar.net\/tr\/urun\/armine-elbise-25kd7002-siyah\/","title":{"rendered":"Armine Elbise 25KD7002 Siyah"},"content":{"rendered":"<p>Minimalizmin en zarif h\u00e2li\u2026 Bu triko elbise, sade tasar\u0131m\u0131yla pratik \u015f\u0131kl\u0131\u011f\u0131n en g\u00fc\u00e7l\u00fc temsilcisi. Yumu\u015fak dokusu ve esnek yap\u0131s\u0131yla g\u00fcn boyu konfor sa\u011flarken, \u015fehirli ve modern bir g\u00f6r\u00fcn\u00fcm i\u00e7in botlar ve k\u00fc\u00e7\u00fck \u00e7antalarla tamamlanabilir.<\/p>\n<p>\u00dcR\u00dcN BEDEN\u0130: S<\/p>\n<p>MANKEN \u00d6L\u00c7\u00dcS\u00dc<\/p>\n<p>BOY: 176cm<br \/>\nG\u00d6\u011e\u00dcS: 82cm<br \/>\nBEL: 61cm<br \/>\nBASEN: 88cm<\/p>\n","protected":false},"excerpt":{"rendered":"<p>Minimalizmin en zarif h\u00e2li\u2026 Bu triko elbise, sade tasar\u0131m\u0131yla pratik \u015f\u0131kl\u0131\u011f\u0131n en g\u00fc\u00e7l\u00fc temsilcisi. Yumu\u015fak dokusu ve esnek yap\u0131s\u0131yla g\u00fcn boyu konfor sa\u011flarken, \u015fehirli ve modern bir g\u00f6r\u00fcn\u00fcm i\u00e7in botlar ve k\u00fc\u00e7\u00fck \u00e7antalarla tamamlanabilir. \u00dcR\u00dcN BEDEN\u0130: S MANKEN \u00d6L\u00c7\u00dcS\u00dc BOY: 176cm G\u00d6\u011e\u00dcS: 82cm BEL: 61cm BASEN: 88cm<\/p>\n","protected":false},"featured_media":139090,"comment_status":"open","ping_status":"closed","template":"","meta":[],"product_brand":[],"product_cat":[6249,1933],"product_tag":[],"class_list":{"0":"post-139095","1":"product","2":"type-product","3":"status-publish","4":"has-post-thumbnail","6":"product_cat-elbiseler","7":"product_cat-gunluk-ve-gunduz-elbiseleri","8":"pa_brand-armine","9":"pa_color-siyah","10":"pa_size-l","11":"pa_size-m","13":"first","14":"instock","15":"sale","16":"shipping-taxable","17":"purchasable","18":"product-type-variable"},"_links":{"self":[{"href":"https:\/\/mod.wisdar.net\/tr\/wp-json\/wp\/v2\/product\/139095","targetHints":{"allow":["GET"]}}],"collection":[{"href":"https:\/\/mod.wisdar.net\/tr\/wp-json\/wp\/v2\/product"}],"about":[{"href":"https:\/\/mod.wisdar.net\/tr\/wp-json\/wp\/v2\/types\/product"}],"replies":[{"embeddable":true,"href":"https:\/\/mod.wisdar.net\/tr\/wp-json\/wp\/v2\/comments?post=139095"}],"wp:featuredmedia":[{"embeddable":true,"href":"https:\/\/mod.wisdar.net\/tr\/wp-json\/wp\/v2\/media\/139090"}],"wp:attachment":[{"href":"https:\/\/mod.wisdar.net\/tr\/wp-json\/wp\/v2\/media?parent=139095"}],"wp:term":[{"taxonomy":"product_brand","embeddable":true,"href":"https:\/\/mod.wisdar.net\/tr\/wp-json\/wp\/v2\/product_brand?post=139095"},{"taxonomy":"product_cat","embeddable":true,"href":"https:\/\/mod.wisdar.net\/tr\/wp-json\/wp\/v2\/product_cat?post=139095"},{"taxonomy":"product_tag","embeddable":true,"href":"https:\/\/mod.wisdar.net\/tr\/wp-json\/wp\/v2\/product_tag?post=139095"}],"curies":[{"name":"wp","href":"https:\/\/api.w.org\/{rel}","templated":true}]}}