{"id":13911,"date":"2025-11-01T21:54:01","date_gmt":"2025-11-01T21:54:01","guid":{"rendered":"https:\/\/modesthanim.com\/product\/cepli-nakis-detayli-tunik-bej-mercan\/"},"modified":"2026-04-02T20:06:20","modified_gmt":"2026-04-02T20:06:20","slug":"cepli-nakis-detayli-tunik-bej-mercan","status":"publish","type":"product","link":"https:\/\/mod.wisdar.net\/tr\/urun\/cepli-nakis-detayli-tunik-bej-mercan\/","title":{"rendered":"Cepli Nak\u0131\u015f Detayl\u0131 Tunik \u2013 Bej \u2013 Mercan"},"content":{"rendered":"<p>G\u00fcnl\u00fck \u015f\u0131kl\u0131\u011f\u0131 detaylarla birle\u015ftiren cepli nak\u0131\u015f detayl\u0131 tunik, sade tasar\u0131m\u0131n\u0131 zarif nak\u0131\u015flarla tamamlar. Rahat kesimi sayesinde g\u00fcn boyu konforlu kullan\u0131m sunarken, ince i\u015flenmi\u015f nak\u0131\u015f detaylar\u0131 ile stilinize sofistike bir hava katar.<\/p>\n<p>\u2014 Teknik Detaylar \u2014<br \/>\nDesen: D\u00fcz \u2013 \u00c7i\u00e7ek Nak\u0131\u015f\u0131<br \/>\nYaka Tipi: G\u00f6mlek Yakas\u0131<br \/>\nKol Tipi: D\u00fc\u015f\u00fck Kol<br \/>\nCep: Aplike Cep<br \/>\nAstar: Astars\u0131z<br \/>\n\u00dcr\u00fcn Uzunlu\u011fu: 80 cm<br \/>\nDesen Tipi: Rahat Kesim<br \/>\nModelin Giydi\u011fi Beden: 38<br \/>\nModel \u00d6l\u00e7\u00fcleri: {&#8216;Boy&#8217;: &#8216;176 cm&#8217;, &#8216;G\u00f6\u011f\u00fcs&#8217;: &#8217;75 cm&#8217;, &#8216;Bel&#8217;: &#8217;59 cm&#8217;, &#8216;Kal\u00e7a&#8217;: &#8217;87 cm&#8217;}<br \/>\nBeden Tablosu: {&#8217;38&#8217;: {&#8216;Omuz&#8217;: 49, &#8216;G\u00f6\u011f\u00fcs&#8217;: 112, &#8216;Kal\u00e7a&#8217;: 124, &#8216;Boy&#8217;: 85, &#8216;Kol Uzunlu\u011fu&#8217;: 55}, &#8217;40&#8217;: {&#8216;Omuz&#8217;: 50, &#8216;G\u00f6\u011f\u00fcs&#8217;: 116, &#8216;Kal\u00e7a&#8217;: 128, &#8216;Boy&#8217;: 85, &#8216;Kol Uzunlu\u011fu&#8217;: 55}, &#8217;42&#8217;: {&#8216;Omuz&#8217;: 50, &#8216;G\u00f6\u011f\u00fcs&#8217;: 120, &#8216;Kal\u00e7a&#8217;: 132, &#8216;Boy&#8217;: 85, &#8216;Kol Uzunlu\u011fu&#8217;: 55}, &#8217;44&#8217;: {&#8216;Omuz&#8217;: 51, &#8216;G\u00f6\u011f\u00fcs&#8217;: 124, &#8216;Kal\u00e7a&#8217;: 136, &#8216;Boy&#8217;: 85, &#8216;Kol Uzunlu\u011fu&#8217;: 55}, &#8217;46&#8217;: {&#8216;Omuz&#8217;: 51, &#8216;G\u00f6\u011f\u00fcs&#8217;: 130, &#8216;Kal\u00e7a&#8217;: 142, &#8216;Boy&#8217;: 86, &#8216;Kol Uzunlu\u011fu&#8217;: 56}}<\/p>\n","protected":false},"excerpt":{"rendered":"<p>G\u00fcnl\u00fck \u015f\u0131kl\u0131\u011f\u0131 detaylarla birle\u015ftiren cepli nak\u0131\u015f detayl\u0131 tunik, sade tasar\u0131m\u0131n\u0131 zarif nak\u0131\u015flarla tamamlar. Rahat kesimi sayesinde g\u00fcn boyu konforlu kullan\u0131m sunarken, ince i\u015flenmi\u015f nak\u0131\u015f detaylar\u0131 ile stilinize sofistike bir hava katar. \u2014 Teknik Detaylar \u2014 Desen: D\u00fcz \u2013 \u00c7i\u00e7ek Nak\u0131\u015f\u0131 Yaka Tipi: G\u00f6mlek Yakas\u0131 Kol Tipi: D\u00fc\u015f\u00fck Kol Cep: Aplike Cep Astar: Astars\u0131z \u00dcr\u00fcn Uzunlu\u011fu: [&hellip;]<\/p>\n","protected":false},"featured_media":0,"comment_status":"open","ping_status":"closed","template":"","meta":[],"product_brand":[],"product_cat":[1909],"product_tag":[],"class_list":{"0":"post-13911","1":"product","2":"type-product","3":"status-publish","5":"product_cat-bluzlar-ve-gomlekler","6":"pa_brand-tugba","7":"pa_color-beige-coral","8":"pa_size-4706","9":"pa_size-4711","10":"pa_size-4713","11":"pa_size-4751","12":"pa_size-4749","14":"first","15":"instock","16":"sale","17":"shipping-taxable","18":"purchasable","19":"product-type-variable"},"_links":{"self":[{"href":"https:\/\/mod.wisdar.net\/tr\/wp-json\/wp\/v2\/product\/13911","targetHints":{"allow":["GET"]}}],"collection":[{"href":"https:\/\/mod.wisdar.net\/tr\/wp-json\/wp\/v2\/product"}],"about":[{"href":"https:\/\/mod.wisdar.net\/tr\/wp-json\/wp\/v2\/types\/product"}],"replies":[{"embeddable":true,"href":"https:\/\/mod.wisdar.net\/tr\/wp-json\/wp\/v2\/comments?post=13911"}],"wp:attachment":[{"href":"https:\/\/mod.wisdar.net\/tr\/wp-json\/wp\/v2\/media?parent=13911"}],"wp:term":[{"taxonomy":"product_brand","embeddable":true,"href":"https:\/\/mod.wisdar.net\/tr\/wp-json\/wp\/v2\/product_brand?post=13911"},{"taxonomy":"product_cat","embeddable":true,"href":"https:\/\/mod.wisdar.net\/tr\/wp-json\/wp\/v2\/product_cat?post=13911"},{"taxonomy":"product_tag","embeddable":true,"href":"https:\/\/mod.wisdar.net\/tr\/wp-json\/wp\/v2\/product_tag?post=13911"}],"curies":[{"name":"wp","href":"https:\/\/api.w.org\/{rel}","templated":true}]}}