{"id":139139,"date":"2026-02-20T11:34:56","date_gmt":"2026-02-20T11:34:56","guid":{"rendered":"https:\/\/modesthanim.com\/product\/armine-elbise-25kd7002-indigo\/"},"modified":"2026-04-15T22:41:19","modified_gmt":"2026-04-15T22:41:19","slug":"armine-elbise-25kd7002-indigo","status":"publish","type":"product","link":"https:\/\/mod.wisdar.net\/tr\/urun\/armine-elbise-25kd7002-indigo\/","title":{"rendered":"Armine Elbise 25KD7002 \u0130ndigo"},"content":{"rendered":"<p>Zarif siluetiyle \u00f6ne \u00e7\u0131kan bu triko elbise, minimal \u015f\u0131kl\u0131\u011f\u0131 rahat bir dokuyla bulu\u015fturuyor. Yumu\u015fak yap\u0131s\u0131 g\u00fcn boyu konfor sa\u011flarken, zamans\u0131z tasar\u0131m\u0131yla her d\u00f6nemin stiline uyum sa\u011fl\u0131yor. Hem g\u00fcnl\u00fck kullan\u0131mda hem de \u00f6zel davetlerde \u015f\u0131kl\u0131\u011f\u0131n\u0131z\u0131 tamaml\u0131yor.<\/p>\n<p>\u00dcR\u00dcN BEDEN\u0130: S<\/p>\n<p>MANKEN \u00d6L\u00c7\u00dcS\u00dc<\/p>\n<p>BOY: 176cm<br \/>\nG\u00d6\u011e\u00dcS: 82cm<br \/>\nBEL: 61cm<br \/>\nBASEN: 88cm<\/p>\n","protected":false},"excerpt":{"rendered":"<p>Zarif siluetiyle \u00f6ne \u00e7\u0131kan bu triko elbise, minimal \u015f\u0131kl\u0131\u011f\u0131 rahat bir dokuyla bulu\u015fturuyor. Yumu\u015fak yap\u0131s\u0131 g\u00fcn boyu konfor sa\u011flarken, zamans\u0131z tasar\u0131m\u0131yla her d\u00f6nemin stiline uyum sa\u011fl\u0131yor. Hem g\u00fcnl\u00fck kullan\u0131mda hem de \u00f6zel davetlerde \u015f\u0131kl\u0131\u011f\u0131n\u0131z\u0131 tamaml\u0131yor. \u00dcR\u00dcN BEDEN\u0130: S MANKEN \u00d6L\u00c7\u00dcS\u00dc BOY: 176cm G\u00d6\u011e\u00dcS: 82cm BEL: 61cm BASEN: 88cm<\/p>\n","protected":false},"featured_media":139135,"comment_status":"open","ping_status":"closed","template":"","meta":[],"product_brand":[],"product_cat":[6249,1933],"product_tag":[6936,4998,6751],"class_list":{"0":"post-139139","1":"product","2":"type-product","3":"status-publish","4":"has-post-thumbnail","6":"product_cat-elbiseler","7":"product_cat-gunluk-ve-gunduz-elbiseleri","8":"product_tag-cok-yonlu","9":"product_tag-indigo","10":"product_tag-rahat","11":"pa_brand-armine","12":"pa_color-indigo","13":"pa_size-l","14":"pa_size-m","16":"first","17":"instock","18":"sale","19":"shipping-taxable","20":"purchasable","21":"product-type-variable"},"_links":{"self":[{"href":"https:\/\/mod.wisdar.net\/tr\/wp-json\/wp\/v2\/product\/139139","targetHints":{"allow":["GET"]}}],"collection":[{"href":"https:\/\/mod.wisdar.net\/tr\/wp-json\/wp\/v2\/product"}],"about":[{"href":"https:\/\/mod.wisdar.net\/tr\/wp-json\/wp\/v2\/types\/product"}],"replies":[{"embeddable":true,"href":"https:\/\/mod.wisdar.net\/tr\/wp-json\/wp\/v2\/comments?post=139139"}],"wp:featuredmedia":[{"embeddable":true,"href":"https:\/\/mod.wisdar.net\/tr\/wp-json\/wp\/v2\/media\/139135"}],"wp:attachment":[{"href":"https:\/\/mod.wisdar.net\/tr\/wp-json\/wp\/v2\/media?parent=139139"}],"wp:term":[{"taxonomy":"product_brand","embeddable":true,"href":"https:\/\/mod.wisdar.net\/tr\/wp-json\/wp\/v2\/product_brand?post=139139"},{"taxonomy":"product_cat","embeddable":true,"href":"https:\/\/mod.wisdar.net\/tr\/wp-json\/wp\/v2\/product_cat?post=139139"},{"taxonomy":"product_tag","embeddable":true,"href":"https:\/\/mod.wisdar.net\/tr\/wp-json\/wp\/v2\/product_tag?post=139139"}],"curies":[{"name":"wp","href":"https:\/\/api.w.org\/{rel}","templated":true}]}}