{"id":139150,"date":"2026-02-20T11:35:03","date_gmt":"2026-02-20T11:35:03","guid":{"rendered":"https:\/\/modesthanim.com\/product\/armine-basic-triko-elbise-25ktd956-yag-yesili\/"},"modified":"2026-04-04T00:42:52","modified_gmt":"2026-04-04T00:42:52","slug":"armine-basic-triko-elbise-25ktd956-yag-yesili","status":"publish","type":"product","link":"https:\/\/mod.wisdar.net\/tr\/urun\/armine-basic-triko-elbise-25ktd956-yag-yesili\/","title":{"rendered":"Armine Basic Triko Elbise 25KTD956 ya\u011f ye\u015fili"},"content":{"rendered":"<p>Yumu\u015fak ve esnek triko kuma\u015ftan tasarlanan bu elbise, modern kesimi ve hafif dokulu y\u00fczeyiyle her an\u0131n\u0131za zarafet kat\u0131yor. D\u00f6k\u00fcml\u00fc kol detaylar\u0131, sade ama etkileyici siluetiyle feminen ve rahat bir duru\u015f sunar. So\u011fuk havalarda sizi s\u0131cak tutarken, her ortamda stilinizle fark yaratman\u0131z\u0131 sa\u011flar.<\/p>\n<p>\u00dcR\u00dcN BEDEN\u0130: 1<\/p>\n<p>MANKEN \u00d6L\u00c7\u00dcS\u00dc<\/p>\n<p>BOY: 175cm<br \/>\nG\u00d6\u011e\u00dcS: 83cm<br \/>\nBEL: 60cm<br \/>\nBASEN: 89cm<\/p>\n","protected":false},"excerpt":{"rendered":"<p>Yumu\u015fak ve esnek triko kuma\u015ftan tasarlanan bu elbise, modern kesimi ve hafif dokulu y\u00fczeyiyle her an\u0131n\u0131za zarafet kat\u0131yor. D\u00f6k\u00fcml\u00fc kol detaylar\u0131, sade ama etkileyici siluetiyle feminen ve rahat bir duru\u015f sunar. So\u011fuk havalarda sizi s\u0131cak tutarken, her ortamda stilinizle fark yaratman\u0131z\u0131 sa\u011flar. \u00dcR\u00dcN BEDEN\u0130: 1 MANKEN \u00d6L\u00c7\u00dcS\u00dc BOY: 175cm G\u00d6\u011e\u00dcS: 83cm BEL: 60cm BASEN: 89cm<\/p>\n","protected":false},"featured_media":139142,"comment_status":"open","ping_status":"closed","template":"","meta":[],"product_brand":[],"product_cat":[6249,1933],"product_tag":[5012,7895,6751],"class_list":{"0":"post-139150","1":"product","2":"type-product","3":"status-publish","4":"has-post-thumbnail","6":"product_cat-elbiseler","7":"product_cat-gunluk-ve-gunduz-elbiseleri","8":"product_tag-elegant","9":"product_tag-kis-modasi","10":"product_tag-rahat","11":"pa_brand-armine","12":"pa_color-yesil","13":"pa_size-36-38","14":"pa_size-40-42","15":"pa_size-44-46","17":"first","18":"outofstock","19":"shipping-taxable","20":"product-type-variable"},"_links":{"self":[{"href":"https:\/\/mod.wisdar.net\/tr\/wp-json\/wp\/v2\/product\/139150","targetHints":{"allow":["GET"]}}],"collection":[{"href":"https:\/\/mod.wisdar.net\/tr\/wp-json\/wp\/v2\/product"}],"about":[{"href":"https:\/\/mod.wisdar.net\/tr\/wp-json\/wp\/v2\/types\/product"}],"replies":[{"embeddable":true,"href":"https:\/\/mod.wisdar.net\/tr\/wp-json\/wp\/v2\/comments?post=139150"}],"wp:featuredmedia":[{"embeddable":true,"href":"https:\/\/mod.wisdar.net\/tr\/wp-json\/wp\/v2\/media\/139142"}],"wp:attachment":[{"href":"https:\/\/mod.wisdar.net\/tr\/wp-json\/wp\/v2\/media?parent=139150"}],"wp:term":[{"taxonomy":"product_brand","embeddable":true,"href":"https:\/\/mod.wisdar.net\/tr\/wp-json\/wp\/v2\/product_brand?post=139150"},{"taxonomy":"product_cat","embeddable":true,"href":"https:\/\/mod.wisdar.net\/tr\/wp-json\/wp\/v2\/product_cat?post=139150"},{"taxonomy":"product_tag","embeddable":true,"href":"https:\/\/mod.wisdar.net\/tr\/wp-json\/wp\/v2\/product_tag?post=139150"}],"curies":[{"name":"wp","href":"https:\/\/api.w.org\/{rel}","templated":true}]}}