{"id":139201,"date":"2026-02-20T11:36:16","date_gmt":"2026-02-20T11:36:16","guid":{"rendered":"https:\/\/modesthanim.com\/product\/armine-puantiyeli-elbise-25kd1007-siyah\/"},"modified":"2026-04-02T20:38:16","modified_gmt":"2026-04-02T20:38:16","slug":"armine-puantiyeli-elbise-25kd1007-siyah","status":"publish","type":"product","link":"https:\/\/mod.wisdar.net\/tr\/urun\/armine-puantiyeli-elbise-25kd1007-siyah\/","title":{"rendered":"Armine Puantiyeli Elbise 25KD1007 Siyah"},"content":{"rendered":"<p>Sezonun \u00f6ne \u00e7\u0131kan trendi puantiye, klasik \u015f\u0131kl\u0131\u011f\u0131n\u0131 modern kesimle bulu\u015fturuyor. Rahat kal\u0131b\u0131 sayesinde g\u00fcn boyu konfor sunarken siyah-beyaz kontrast\u0131yla g\u00fc\u00e7l\u00fc bir stil vurgusu yap\u0131yor. Her d\u00f6nemin vazge\u00e7ilmezi olan puantiye, bu sezon da dolab\u0131n en \u015f\u0131k par\u00e7as\u0131 olmaya aday.<\/p>\n<p>\u00dcR\u00dcN BEDEN\u0130: 38<\/p>\n<p>MANKEN \u00d6L\u00c7\u00dcS\u00dc<\/p>\n<p>BOY: 176cm<br \/>\nG\u00d6\u011e\u00dcS: 82cm<br \/>\nBEL: 61cm<br \/>\nBASEN: 88cm<\/p>\n<p>Kapama \u015eekli:D\u00fc\u011fme Kapama<\/p>\n","protected":false},"excerpt":{"rendered":"<p>Sezonun \u00f6ne \u00e7\u0131kan trendi puantiye, klasik \u015f\u0131kl\u0131\u011f\u0131n\u0131 modern kesimle bulu\u015fturuyor. Rahat kal\u0131b\u0131 sayesinde g\u00fcn boyu konfor sunarken siyah-beyaz kontrast\u0131yla g\u00fc\u00e7l\u00fc bir stil vurgusu yap\u0131yor. Her d\u00f6nemin vazge\u00e7ilmezi olan puantiye, bu sezon da dolab\u0131n en \u015f\u0131k par\u00e7as\u0131 olmaya aday. \u00dcR\u00dcN BEDEN\u0130: 38 MANKEN \u00d6L\u00c7\u00dcS\u00dc BOY: 176cm G\u00d6\u011e\u00dcS: 82cm BEL: 61cm BASEN: 88cm Kapama \u015eekli:D\u00fc\u011fme Kapama<\/p>\n","protected":false},"featured_media":139196,"comment_status":"open","ping_status":"closed","template":"","meta":[],"product_brand":[],"product_cat":[6249,1933],"product_tag":[7547,6937,6745],"class_list":{"0":"post-139201","1":"product","2":"type-product","3":"status-publish","4":"has-post-thumbnail","6":"product_cat-elbiseler","7":"product_cat-gunluk-ve-gunduz-elbiseleri","8":"product_tag-kadin-giyim","9":"product_tag-siyah-elbise","10":"product_tag-zarif-elbise","11":"pa_brand-armine","12":"pa_color-siyah","13":"pa_size-4706","14":"pa_size-4711","15":"pa_size-4713","16":"pa_size-4751","18":"first","19":"outofstock","20":"shipping-taxable","21":"product-type-variable"},"_links":{"self":[{"href":"https:\/\/mod.wisdar.net\/tr\/wp-json\/wp\/v2\/product\/139201","targetHints":{"allow":["GET"]}}],"collection":[{"href":"https:\/\/mod.wisdar.net\/tr\/wp-json\/wp\/v2\/product"}],"about":[{"href":"https:\/\/mod.wisdar.net\/tr\/wp-json\/wp\/v2\/types\/product"}],"replies":[{"embeddable":true,"href":"https:\/\/mod.wisdar.net\/tr\/wp-json\/wp\/v2\/comments?post=139201"}],"wp:featuredmedia":[{"embeddable":true,"href":"https:\/\/mod.wisdar.net\/tr\/wp-json\/wp\/v2\/media\/139196"}],"wp:attachment":[{"href":"https:\/\/mod.wisdar.net\/tr\/wp-json\/wp\/v2\/media?parent=139201"}],"wp:term":[{"taxonomy":"product_brand","embeddable":true,"href":"https:\/\/mod.wisdar.net\/tr\/wp-json\/wp\/v2\/product_brand?post=139201"},{"taxonomy":"product_cat","embeddable":true,"href":"https:\/\/mod.wisdar.net\/tr\/wp-json\/wp\/v2\/product_cat?post=139201"},{"taxonomy":"product_tag","embeddable":true,"href":"https:\/\/mod.wisdar.net\/tr\/wp-json\/wp\/v2\/product_tag?post=139201"}],"curies":[{"name":"wp","href":"https:\/\/api.w.org\/{rel}","templated":true}]}}